{"id":584,"date":"2013-01-07T20:27:04","date_gmt":"2013-01-07T19:27:04","guid":{"rendered":"http:\/\/www.palliativpsychologie.de\/?page_id=584"},"modified":"2020-04-29T10:51:37","modified_gmt":"2020-04-29T08:51:37","slug":"referenten","status":"publish","type":"page","link":"https:\/\/www.palliativpsychologie.de\/?page_id=584","title":{"rendered":"Referenten"},"content":{"rendered":"\n<p>\n<table>\n<tbody>\n<tr>\n<td class=\"referenten\"><img loading=\"lazy\" decoding=\"async\" class=\"alignnone size-full wp-image-1274\" title=\"DorotheeBecker\" src=\"http:\/\/www.palliativpsychologie.de\/wp-content\/uploads\/DorotheeBecker.jpg\" alt=\"\" width=\"80\" height=\"87\"><\/td>\n<td class=\"referenten\"><strong>Doroth\u00e9e Becker<\/strong>, hat ihr Krankenpflegeexamen 1989 abgelegt und nach vielen Jahren Berufserfahrung in An\u00e4sthesie und Intensivmedizin im Bereich der Palliativmedizin begonnen. Neben dem Aufbau einer Palliativstation war Ihre Aufgabe die Gr\u00fcndung und Entwicklung eines ambulanten Palliativteams. Sie ist Palliative Care Krankenschwester, Case Managerin (DGCC) und Kursleiterin f\u00fcr Palliative Care (DGP). Ein Masterstudiengang in Palliative Care an der Universit\u00e4t Klagenfurt (IFF Wien) erm\u00f6glichte ihr die T\u00e4tigkeit als wissenschaftliche Mitarbeiterin am Hessischen Institut f\u00fcr Pflegeforschung in Frankfurt in dem Forschungsprojekt Transdisziplinarit\u00e4t in der Spezialisierten Ambulanten Palliativversorgung (TP\/SAPV). Als freie Dozentin unterrichtet sie unter anderem an der Landes\u00e4rztekammer Hessen, Hochschule Rhein-Main Wiesbaden und dem Institut f\u00fcr Palliativpsychologie. Sie lebt in Wiesbaden.<\/td>\n<\/tr>\n<tr>\n<td class=\"referenten\"><img loading=\"lazy\" decoding=\"async\" class=\"alignnone size-full wp-image-1274\" title=\"TanjaBrinkmann\" src=\"http:\/\/www.palliativpsychologie.de\/wp-content\/uploads\/TanjaBrinkmann.jpg\" alt=\"\" width=\"80\" height=\"87\"><\/td>\n<td class=\"referenten\"><strong>Dr. Tanja M. Brinkmann<\/strong>, ist Krankenschwester, Dipl. Sozialp\u00e4dagogin, Soziologin M.A. und Doktorin der Philosophie. Sie gibt bundesweit Trainings zu Palliative Care, Trauer am Arbeitsplatz und Selbstsorge und ber\u00e4t trauernde Menschen vor, w\u00e4hrend und nach einem Verlust in Bremen.<\/td>\n<\/tr>\n<tr>\n<td class=\"referenten\"><img loading=\"lazy\" decoding=\"async\" class=\"size-full wp-image-646 alignnone\" title=\"PeterGasser\" src=\"http:\/\/www.palliativpsychologie.de\/wp-content\/uploads\/Foto_Gasser_web.jpg\" alt=\"\" width=\"80\" height=\"87\"><\/td>\n<td class=\"referenten\"><strong>Peter Gasser<\/strong>, Dr. med., geboren 1960, verheiratet, drei Kinder. Facharzt f\u00fcr Psychiatrie und Psychotherapie in ei-gener Praxis in Solothurn \/ Schweiz. Ausbildung in tiefenpsychologischen Verfahren insbesondere Bioenergetische Analyse und Therapie. Ausbildung in Therapie mit bewusstseinsver\u00e4ndernden Substanzen. Mitglied der Schweiz. \u00c4rztegesellschaft f\u00fcr Psycholytische Therapie (S\u00c4PT) seit 1992 und deren Pr\u00e4sident seit 1997. Von 2008\u20132012 Leitung einer seit 35 Jahren weltweit erstmalig wieder durchgef\u00fchrten psychotherapeutischen LSD-Studie.<\/td>\n<\/tr>\n<tr>\n<td class=\"referenten\"><img loading=\"lazy\" decoding=\"async\" class=\"size-full wp-image-646 alignnone\" title=\"JanGramm\" src=\"http:\/\/www.palliativpsychologie.de\/wp-content\/uploads\/JanGramm.jpg\" alt=\"\" width=\"80\" height=\"87\"><\/td>\n<td class=\"referenten\"><strong>Jan Gramm<\/strong>, Dipl.-Psychologe, partiell Studium der Kunstp\u00e4dagogik. Weiterbildungen in Psychodrama, Systemischer Beratung, Spiritueller Sterbebegleitung (Institut f\u00fcr Leben und Sterben), Leadership im Gesundheitswesen (Akademie Heiligenfeld), Gewaltfreier Kommunikation (Jahrestraining und Kursassistenz), Systemische Supervision, Coaching und Organisationsberatung (DGSF), Ethikberatung (AEM). Arbeitet seit 2006 im Palliativbereich (u.a. HSK Wiesbaden, Uniklinik Frankfurt, SAPV-Team Wetterau). Referent in Palliative Care-Kursen, Kursleiter Palliative Care (DGP). Engagement in der Deutschen Gesellschaft f\u00fcr Palliativmedizin (DGP): Sektion Psychologie, AG Bildung, Vorstandsmitglied. 2012 Gr\u00fcndung des Instituts f\u00fcr Palliativpsychologie. Lebt und arbeitet in Friedberg (Hessen).<\/td>\n<\/tr>\n<tr>\n<td class=\"referenten\"><img loading=\"lazy\" decoding=\"async\" class=\"size-full wp-image-646 alignnone\" title=\"MarieHahnen\" src=\"http:\/\/www.palliativpsychologie.de\/wp-content\/uploads\/MarieHahnen.jpg\" alt=\"\" width=\"80\" height=\"87\"><\/td>\n<td class=\"referenten\"><strong>Dr. med. Marie Hentrich<\/strong>, Fach\u00e4rztin f\u00fcr Allgemeinmedizin und Palliativmedizin. Studium in Aachen. Promotion in der Palliativmedizin zum Thema \u201eDie Sterbehilfe-Debatte und das Bild der Palliativmedizin in deutschen Medien\u201c. Seit 2007 in Forschung, Lehre und Klinik in der Palliativmedizin t\u00e4tig. Aktuell Ober\u00e4rztin der Medizinischen Klinik III \u2013 Palliativmedizin und interdisziplin\u00e4re Onkologie des St. Josefshospital Wiesbaden. Verschiedene Dozentent\u00e4tigkeiten f\u00fcr die Landes\u00e4rztekammer Hessen.<\/td>\n<\/tr>\n<tr>\n<td class=\"referenten\"><img loading=\"lazy\" decoding=\"async\" class=\"size-full wp-image-915 alignnone\" title=\"ElisabethJentschke\" src=\"http:\/\/www.palliativpsychologie.de\/wp-content\/uploads\/ElisabethJentschke.jpg\" alt=\"\" width=\"80\" height=\"87\"><\/td>\n<td class=\"referenten\"><strong>Dr. Elisabeth Jentschke<\/strong>, Studium in den F\u00e4chern Psychologie, P\u00e4dagogik, Soziologie (M.A.) Psychogerontologie (Diplom). Weiterbildung in klinischer Neuropsychologie, Verhaltens- und systemischer Therapie, Supervision, Hypnose, Seminarleiterschein in Entspannungs- und Yogatherapie, Psychoonkologie. Arbeitet als Psychoonkologin im Interdisziplin\u00e4ren Zentrum Palliativmedizin der Universit\u00e4tsklinik W\u00fcrzburg.<br>\nForschung: Lebensqualit\u00e4t von Palliativpatienten, Komplement\u00e4rverfahren bei Tumorerkrankung.<br>\nLehre: Vorlesungen f\u00fcr Medizinstudenten im Bereich der Palliativmedizin, in der interdisziplin\u00e4ren Onkologie sowie Dozentin im Kommunikationstraining mit Laienschauspielern, zus\u00e4tzlich Leitung von Seminaren (Palliativakademie W\u00fcrzburg, Universit\u00e4t W\u00fcrzburg, unterschiedliche Pflegeeinrichtungen).<\/td>\n<\/tr>\n<tr>\n<td class=\"referenten\"><img loading=\"lazy\" decoding=\"async\" class=\"alignnone size-full wp-image-1836\" src=\"http:\/\/www.palliativpsychologie.de\/wp-content\/uploads\/ConstantinKlein.jpg\" alt=\"ConstantinKlein\" width=\"80\" height=\"87\"><\/td>\n<td class=\"referenten\"><strong>Dr. phil. Constantin Klein<\/strong>, Diplom-Psychologe und Diplom-Theologe. Nach dem Studium in Wuppertal und Leipzig T\u00e4tigkeiten als Wissenschaftlicher Mitarbeiter f\u00fcr Pers\u00f6nlichkeitspsychologie und Psychologische Diagnostik (Universit\u00e4t Leipzig), Kirchengeschichte (Universit\u00e4t Bonn), Medizinische Psychologie (Universit\u00e4t Dresden), Religionsp\u00e4dagogik und Religionswissenschaft (Universit\u00e4t Bielefeld). Zahlreiche B\u00fccher und Aufs\u00e4tze zur empirischen Erforschung von gegenw\u00e4rtiger Religiosit\u00e4t und Spiritualit\u00e4t.<\/td>\n<\/tr>\n<tr>\n<td class=\"referenten\"><img loading=\"lazy\" decoding=\"async\" class=\"wp-image-651 alignnone\" title=\"DorotheaMihm\" src=\"http:\/\/www.palliativpsychologie.de\/wp-content\/uploads\/DorotheaMihm.jpg\" alt=\"\" width=\"80\" height=\"87\"><\/td>\n<td class=\"referenten\"><strong>Dorothea Mihm<\/strong>, Palliative Care Krankenschwester, Heilpraktikerin <a title=\"Praxis Adarsha\" href=\"http:\/\/www.praxis-adarsha.de\" target=\"_blank\" rel=\"noopener noreferrer\">www.praxis-adarsha.de<\/a>, Praxisanleiterin f\u00fcr basale Stimulation <a href=\"http:\/\/www.basale-stimulation-lernen.de\" target=\"_blank\" rel=\"noopener noreferrer\">www.basale-stimulation-lernen.de<\/a>, Buchautorin (&#8222;Die sieben Geheimnisse guten Sterbens&#8220;), CD Produzentin &#8222;Reise ins klare Licht&#8220; &amp; &#8222;Wege aus dem Schmerz&#8220;, Dozentin f\u00fcr Tageskurse in verschiedenen Krankenpflegeschulen und Krankenh\u00e4usern zum Thema &#8222;Sterben im Krankenhaus &amp; Angeh\u00f6rigenbetreuung&#8220;, Kursleiterin mit eigenen Gruppenangeboten zum Thema Sterben, Tod und Trauer. Lebt und arbeitet in Frankfurt am Main.<\/td>\n<\/tr>\n<tr>\n<td class=\"referenten\"><img loading=\"lazy\" decoding=\"async\" class=\"size-full wp-image-902 alignnone\" title=\"UrsMuench\" src=\"http:\/\/www.palliativpsychologie.de\/wp-content\/uploads\/UrsMuench.jpg\" alt=\"\" width=\"80\" height=\"87\"><\/td>\n<td class=\"referenten\"><strong>Urs M\u00fcnch<\/strong>, Dipl.-Psychologe, Psychologischer Psychotherapeut (VT), Psychoonkologe, zertifizierter Singleiter f\u00fcr Krankenh\u00e4user. Lehrauftr\u00e4ge an der Humboldt Universit\u00e4t zu Berlin (Institut f\u00fcr Psychologie), Dozent u.a. bei Psychoonkologiecurricula DPA, ID Institut Kassel, Wannsee-Akademie. Vorstandsmitglied der DGP, Leiter der Projektgruppe Psychosoziale Onkologie des Tumorzentrums Berlin e.V. Arbeitet an den DRK Kliniken Berlin\/Westend, Darmzentrum und Gastroenterologie\/Strahlenambulanz.<\/td>\n<\/tr>\n<tr>\n<td class=\"referenten\"><img loading=\"lazy\" decoding=\"async\" class=\"alignnone size-full wp-image-974\" title=\"TimoSauer\" src=\"http:\/\/www.palliativpsychologie.de\/wp-content\/uploads\/TimoSauer.jpg\" alt=\"\" width=\"80\" height=\"87\"><\/td>\n<td class=\"referenten\"><strong>Dr. Timo Sauer<\/strong>, geboren 1971 in Baden-Baden. Krankenpfleger, Philosoph, Medizin- und Pflegeethiker. Wissenschaftlicher Mitarbeiter des Klinischen Ethik-Komitees des Universit\u00e4tsklinikums Frankfurt am Main und des Dr. Senckenbergischen Institut f\u00fcr Geschichte und Ethik der Medizin der Johann Wolfgang Goethe-Universit\u00e4t Frankfurt am Main. Mitglied des Frankfurter Netzwerks Ethik in der Altenpflege. Mitglied der Akademie f\u00fcr Ethik in der Medizin.<br>\n2011 Promotion zum Dr. rer. med. mit einer Arbeit mit dem Titel &#8222;Zur Perspektivit\u00e4t der Wahrnehmung von Pflegenden und \u00c4rzten. Empirische Daten und theoretische \u00dcberlegungen zur klinischen Ethik in einer Universit\u00e4tsklinik&#8220;.<br>\nZertifizierter Trainer f\u00fcr Ethikberatung im Gesundheitswesen (AEM).<br>\nTimo Sauer lebt und arbeitet in Frankfurt am Main<\/td>\n<\/tr>\n\n<tr>\n<td class=\"referenten\"><img loading=\"lazy\" decoding=\"async\" class=\"size-full wp-image-1225 alignnone\" title=\"MagThomas Wienerroither\" src=\"http:\/\/www.palliativpsychologie.de\/wp-content\/uploads\/MagThomas-Wienerroither.jpg\" alt=\"\" width=\"80\" height=\"87\"><span style=\"font-size: 8px; color: #888888;\">Quelle: GESPAG<\/span><\/td>\n<td class=\"referenten\"><strong>Mag. rer. nat. Thomas Wienerroither<\/strong>, Studium der Psychologie an der Paris-Lodron-Universit\u00e4t Salzburg, zertifizierter Psychoonkologe (\u00d6GPO), u.a. Weiterbildungen in klinischer Hypnose bei Jeffrey Zeig sowie am Milton-Erickson-Institut Innsbruck und Seeham. Seit 2008 Klinischer Psychologe am LKH-V\u00f6cklabruck, Aufgabenschwerpunkte: Palliativ-Care, Onkologie und Schmerzambulanz. War bis 2011 auch in freier Praxis t\u00e4tig. Seit 2011 fachlicher Leiter der Klinischen Psychologie des LKH-V\u00f6cklabruck, Vorsitzender des Fachkreises \u201eKlinische- &amp; Gesundheitspsychologie\u201c der Ober\u00f6sterreichischen Gesundheits- und Spitals-AG, Mitglied im Beirat der \u00d6sterreichischen Palliativgesellschaft (OPG), Referentent\u00e4tigkeit u.a. in der Schule f\u00fcr allgemeine Gesundheits- und Krankenpflege V\u00f6cklabruck (Kommunikation, Konfliktmanagement, Supervision und Kreativit\u00e4tstraining), Donau-Universit\u00e4t Krems (Pflegeberatung), Klinikum Wels-Grieskirchen (Palliativ Care).<\/td>\n<\/tr>\n<tr>\n<td class=\"referenten\"><img loading=\"lazy\" decoding=\"async\" class=\"alignnone size-full wp-image-1704\" src=\"http:\/\/www.palliativpsychologie.de\/wp-content\/uploads\/DietrichWoerdehoff.jpg\" alt=\"DietrichWoerdehoff\" width=\"80\" height=\"87\"><\/td>\n<td class=\"referenten\"><strong>Dr. med. Dietrich W\u00f6rdehoff<\/strong>, Arzt f\u00fcr Innere Medizin und Palliativmedizin, 23 Jahre Chefarzt einer Medizinischen Klinik im Saarland, dort Aufbau und Leitung einer Palliativstation seit 1990. 1993 Gr\u00fcndungsmitglied der Deutschen Gesellschaft f\u00fcr Palliativmedizin (DGP), seit 2009 Sprecher der Landesvertretung Saar der DGP.<br>\nSeit 2000 regelm\u00e4\u00dfige Durchf\u00fchrung und Leitung von Palliative-Care-Basis-Kursen und Fallseminaren f\u00fcr \u00c4zte, in letzter Zeit auch von multiprofessionellen Palliative-Care-Plus(Refresher-)-Seminaren, seit 2006 Vorlesungen \u00fcber Palliativmedizin an der Medizinischen Fakult\u00e4t Homburg\/Saar.<\/td>\n<\/tr>\n<tr>\n<td class=\"referenten\"><\/td>\n<td class=\"referenten\"><\/td>\n<\/tr>\n<\/tbody>\n<\/table>\n","protected":false},"excerpt":{"rendered":"<p>Doroth\u00e9e Becker, hat ihr Krankenpflegeexamen 1989 abgelegt und nach vielen Jahren Berufserfahrung in An\u00e4sthesie und Intensivmedizin im Bereich der Palliativmedizin begonnen. Neben dem Aufbau einer Palliativstation war Ihre Aufgabe die Gr\u00fcndung und Entwicklung eines ambulanten Palliativteams. Sie ist Palliative Care &hellip; <a href=\"https:\/\/www.palliativpsychologie.de\/?page_id=584\">Weiterlesen <span class=\"meta-nav\">&rarr;<\/span><\/a><\/p>\n","protected":false},"author":1,"featured_media":0,"parent":23,"menu_order":0,"comment_status":"closed","ping_status":"closed","template":"sidebar-page.php","meta":{"footnotes":""},"class_list":["post-584","page","type-page","status-publish","hentry"],"_links":{"self":[{"href":"https:\/\/www.palliativpsychologie.de\/index.php?rest_route=\/wp\/v2\/pages\/584","targetHints":{"allow":["GET"]}}],"collection":[{"href":"https:\/\/www.palliativpsychologie.de\/index.php?rest_route=\/wp\/v2\/pages"}],"about":[{"href":"https:\/\/www.palliativpsychologie.de\/index.php?rest_route=\/wp\/v2\/types\/page"}],"author":[{"embeddable":true,"href":"https:\/\/www.palliativpsychologie.de\/index.php?rest_route=\/wp\/v2\/users\/1"}],"replies":[{"embeddable":true,"href":"https:\/\/www.palliativpsychologie.de\/index.php?rest_route=%2Fwp%2Fv2%2Fcomments&post=584"}],"version-history":[{"count":197,"href":"https:\/\/www.palliativpsychologie.de\/index.php?rest_route=\/wp\/v2\/pages\/584\/revisions"}],"predecessor-version":[{"id":3589,"href":"https:\/\/www.palliativpsychologie.de\/index.php?rest_route=\/wp\/v2\/pages\/584\/revisions\/3589"}],"up":[{"embeddable":true,"href":"https:\/\/www.palliativpsychologie.de\/index.php?rest_route=\/wp\/v2\/pages\/23"}],"wp:attachment":[{"href":"https:\/\/www.palliativpsychologie.de\/index.php?rest_route=%2Fwp%2Fv2%2Fmedia&parent=584"}],"curies":[{"name":"wp","href":"https:\/\/api.w.org\/{rel}","templated":true}]}}