{"id":3558,"date":"2020-04-21T20:25:33","date_gmt":"2020-04-21T18:25:33","guid":{"rendered":"https:\/\/www.palliativpsychologie.de\/?page_id=3558"},"modified":"2020-04-22T14:59:09","modified_gmt":"2020-04-22T12:59:09","slug":"spiritual-care-modul-7","status":"publish","type":"page","link":"https:\/\/www.palliativpsychologie.de\/?page_id=3558","title":{"rendered":"Spiritual Care &#8211; Modul 7"},"content":{"rendered":"\n<h2 class=\"wp-block-heading\"><strong><strong>Basale Stimulation in der Sterbebegleitung, <\/strong><\/strong><br><strong><strong>Abschluss<\/strong><\/strong><\/h2>\n\n\n\n<h3 class=\"wp-block-heading\"><strong>Inhalte<\/strong>:<\/h3>\n\n\n\n<div class=\"wp-block-group\"><div class=\"wp-block-group__inner-container is-layout-flow wp-block-group-is-layout-flow\">\n<ul class=\"wp-block-list\"><li>Theorie und Praxis der Basalen Stimulation (als nonverbale Form spiritueller Kommunikation)<\/li><li>Pr\u00e4sentation der Hausarbeiten<\/li><li>Auswertung + Abschlussrunde<\/li><\/ul>\n<\/div><\/div>\n\n\n\n<h3 class=\"wp-block-heading\"><strong>Methoden<\/strong><\/h3>\n\n\n\n<p>Vortr\u00e4ge, \u00dcbungen, Kleingruppenarbeit, Microlearning, kollegialer Austausch<\/p>\n\n\n\n<h3 class=\"wp-block-heading\"><strong>Referenten<\/strong><\/h3>\n\n\n\n<p>Dorothea Mihm, Jan Gramm<\/p>\n\n\n\n<p class=\"has-text-align-right\"><strong><a href=\"https:\/\/www.palliativpsychologie.de\/?event=spiritual-care\">&lt;&lt; zur\u00fcck zur Veranstaltung<\/a><\/strong><\/p>\n","protected":false},"excerpt":{"rendered":"<p>Basale Stimulation in der Sterbebegleitung, Abschluss Inhalte: Theorie und Praxis der Basalen Stimulation (als nonverbale Form spiritueller Kommunikation) Pr\u00e4sentation der Hausarbeiten Auswertung + Abschlussrunde Methoden Vortr\u00e4ge, \u00dcbungen, Kleingruppenarbeit, Microlearning, kollegialer Austausch Referenten Dorothea Mihm, Jan Gramm &lt;&lt; zur\u00fcck zur Veranstaltung<\/p>\n","protected":false},"author":1,"featured_media":0,"parent":23,"menu_order":0,"comment_status":"closed","ping_status":"closed","template":"sidebar-page.php","meta":{"footnotes":""},"class_list":["post-3558","page","type-page","status-publish","hentry"],"_links":{"self":[{"href":"https:\/\/www.palliativpsychologie.de\/index.php?rest_route=\/wp\/v2\/pages\/3558","targetHints":{"allow":["GET"]}}],"collection":[{"href":"https:\/\/www.palliativpsychologie.de\/index.php?rest_route=\/wp\/v2\/pages"}],"about":[{"href":"https:\/\/www.palliativpsychologie.de\/index.php?rest_route=\/wp\/v2\/types\/page"}],"author":[{"embeddable":true,"href":"https:\/\/www.palliativpsychologie.de\/index.php?rest_route=\/wp\/v2\/users\/1"}],"replies":[{"embeddable":true,"href":"https:\/\/www.palliativpsychologie.de\/index.php?rest_route=%2Fwp%2Fv2%2Fcomments&post=3558"}],"version-history":[{"count":3,"href":"https:\/\/www.palliativpsychologie.de\/index.php?rest_route=\/wp\/v2\/pages\/3558\/revisions"}],"predecessor-version":[{"id":3579,"href":"https:\/\/www.palliativpsychologie.de\/index.php?rest_route=\/wp\/v2\/pages\/3558\/revisions\/3579"}],"up":[{"embeddable":true,"href":"https:\/\/www.palliativpsychologie.de\/index.php?rest_route=\/wp\/v2\/pages\/23"}],"wp:attachment":[{"href":"https:\/\/www.palliativpsychologie.de\/index.php?rest_route=%2Fwp%2Fv2%2Fmedia&parent=3558"}],"curies":[{"name":"wp","href":"https:\/\/api.w.org\/{rel}","templated":true}]}}