{"id":3140,"date":"2016-02-18T18:29:02","date_gmt":"2016-02-18T17:29:02","guid":{"rendered":"http:\/\/www.palliativpsychologie.de\/?page_id=3140"},"modified":"2020-09-10T11:25:07","modified_gmt":"2020-09-10T09:25:07","slug":"patienten-und-angehoerige","status":"publish","type":"page","link":"https:\/\/www.palliativpsychologie.de\/?page_id=3140","title":{"rendered":"Patienten und Angeh\u00f6rige"},"content":{"rendered":"<p>Beratung f\u00fcr Patienten und Angeh\u00f6rige wird bislang leider nicht von den Krankenkassen \u00fcbernommen. Wir wollen &#8211; insbesondere in der palliativen Situation &#8211; keine Zwei-Klassen-Medizin unterst\u00fctzen, indem wir ein regul\u00e4res Angebot ausschlie\u00dflich f\u00fcr Privatzahler bereitstellen. In Einzelf\u00e4llen sind wir selbstverst\u00e4ndlich f\u00fcr Sie erreichbar (s. <a href=\"https:\/\/www.palliativpsychologie.de\/?page_id=39\">Kontakt<\/a>)<\/p>\n<p>Wir wissen um die Versorgungsl\u00fccke, die hier besteht! Denn viele Betroffene in einer palliativen Situation profitieren sehr von psychologischer Beratung, aber nur wenige ben\u00f6tigen hier eine Psychotherapie oder sie k\u00f6nnen eine solche nicht wahrnehmen. Denn Psychotherapiepl\u00e4tze sind in der Regel mit l\u00e4ngeren Wartezeiten verbunden, au\u00dferdem k\u00f6nnen die meisten Betroffenen ihr Zuhause nicht verlassen. F\u00fcr viele Anliegen ist auch spezifisch palliatives Wissen notwendig, wof\u00fcr die meisten Psychotherapeuten kaum ausgebildet sind.<\/p>\n<p>Palliativpsychologie ist eine klinisch-psychologische Disziplin mit Schwerpunkt Pr\u00e4vention, Krisenintervention und Beratung. Sie unterscheidet sich sowohl von den Rahmenbedingungen als auch von den Inhalten her von der Psychotherapie.<\/p>\n<h4>Hilfe- und Ratsuchenden empfehlen wir:<\/h4>\n<p>Wenn Sie von einem SAPV-Team begleitet werden, fragen Sie bitte dort nach, ob Psychologen mit einer Weiterbildung in Palliative Care in die Versorgung eingebunden sind.<\/p>\n<p>Ansonsten wenden Sie sich bitte an Ihre Krankenkasse und weisen dort auf diese Versorgungsl\u00fccke hin.<\/p>\n","protected":false},"excerpt":{"rendered":"<p>Beratung f\u00fcr Patienten und Angeh\u00f6rige wird bislang leider nicht von den Krankenkassen \u00fcbernommen. Wir wollen &#8211; insbesondere in der palliativen Situation &#8211; keine Zwei-Klassen-Medizin unterst\u00fctzen, indem wir ein regul\u00e4res Angebot ausschlie\u00dflich f\u00fcr Privatzahler bereitstellen. In Einzelf\u00e4llen sind wir selbstverst\u00e4ndlich f\u00fcr &hellip; <a href=\"https:\/\/www.palliativpsychologie.de\/?page_id=3140\">Weiterlesen <span class=\"meta-nav\">&rarr;<\/span><\/a><\/p>\n","protected":false},"author":1,"featured_media":0,"parent":3132,"menu_order":0,"comment_status":"closed","ping_status":"closed","template":"sidebar-page.php","meta":{"footnotes":""},"class_list":["post-3140","page","type-page","status-publish","hentry"],"_links":{"self":[{"href":"https:\/\/www.palliativpsychologie.de\/index.php?rest_route=\/wp\/v2\/pages\/3140","targetHints":{"allow":["GET"]}}],"collection":[{"href":"https:\/\/www.palliativpsychologie.de\/index.php?rest_route=\/wp\/v2\/pages"}],"about":[{"href":"https:\/\/www.palliativpsychologie.de\/index.php?rest_route=\/wp\/v2\/types\/page"}],"author":[{"embeddable":true,"href":"https:\/\/www.palliativpsychologie.de\/index.php?rest_route=\/wp\/v2\/users\/1"}],"replies":[{"embeddable":true,"href":"https:\/\/www.palliativpsychologie.de\/index.php?rest_route=%2Fwp%2Fv2%2Fcomments&post=3140"}],"version-history":[{"count":6,"href":"https:\/\/www.palliativpsychologie.de\/index.php?rest_route=\/wp\/v2\/pages\/3140\/revisions"}],"predecessor-version":[{"id":3619,"href":"https:\/\/www.palliativpsychologie.de\/index.php?rest_route=\/wp\/v2\/pages\/3140\/revisions\/3619"}],"up":[{"embeddable":true,"href":"https:\/\/www.palliativpsychologie.de\/index.php?rest_route=\/wp\/v2\/pages\/3132"}],"wp:attachment":[{"href":"https:\/\/www.palliativpsychologie.de\/index.php?rest_route=%2Fwp%2Fv2%2Fmedia&parent=3140"}],"curies":[{"name":"wp","href":"https:\/\/api.w.org\/{rel}","templated":true}]}}