{"id":3136,"date":"2016-02-18T18:27:50","date_gmt":"2016-02-18T17:27:50","guid":{"rendered":"http:\/\/www.palliativpsychologie.de\/?page_id=3136"},"modified":"2016-02-23T10:20:52","modified_gmt":"2016-02-23T09:20:52","slug":"supervision-und-coaching","status":"publish","type":"page","link":"https:\/\/www.palliativpsychologie.de\/?page_id=3136","title":{"rendered":"Supervision und Coaching"},"content":{"rendered":"<p>Wir bieten Coaching und Supervision f\u00fcr Personen und Teams, die in der Hospiz- und Palliativversorgung arbeiten oder die beruflich mit dem Thema &#8222;Umgang mit Sterben, Tod und existenziellen Krisen&#8220; konfrontiert sind, in unterschiedlichen Formaten an:<\/p>\n<ul>\n<li>Coaching f\u00fcr Einzelpersonen<\/li>\n<li>F\u00fchrungscoaching<\/li>\n<li>Coaching zu Sterbewunsch\u00e4u\u00dferungen<\/li>\n<li>Team-Supervision<\/li>\n<li>Gruppen-Supervision<\/li>\n<li>Teamentwicklung und Organisationsberatung<\/li>\n<\/ul>\n<p>Ein <strong>Coaching f\u00fcr Einzelpersonen<\/strong> umfasst gew\u00f6hnlich mehrere Sitzungen, in welchen spezifische Fragestellungen im Kontext des beruflichen Tuns besprochen werden. Es kann sich dabei um Fragen der beruflichen Weiterentwicklung, der Arbeitsorganisation, der Work-Life-Balance, des Umgangs mit &#8222;schwierigen&#8220; Themen u.\u00e4. handeln. Auf pers\u00f6nliche Themen wird dabei nur insofern eingegangen, als diese von Relevanz f\u00fcr die (berufliche) Fragestellung sind und\/oder es von Ihnen gew\u00fcnscht wird.<\/p>\n<p>Beim <strong>F\u00fchrungscoaching<\/strong> geht es dar\u00fcber hinaus auch um Zielsetzungen f\u00fcr das Team bzw. die Einrichtung, um Fragen der Mitarbeiterf\u00fchrung, dem Umgang mit Konflikten im Team u.\u00e4. Die Analyse der eigenen St\u00e4rken und Schw\u00e4chen als F\u00fchrungsperson ist Grundlage eines verantwortungsvollen Handelns. Und auch hier gilt: Eine gute Selbstf\u00fcrsorge ist Voraussetzung f\u00fcr gute F\u00fchrung. Dies ist nicht immer einfach, denn einerseits sind F\u00fchrungskr\u00e4fte im Gesundheitswesen oft erheblichem Druck ausgesetzt, andererseits haben sie in ihrer Laufbahn selten F\u00fchrungs- und Selbstf\u00fcrsorgeinstrumente erlernt.<\/p>\n<p><strong>Coaching zu Sterbewunsch\u00e4u\u00dferungen<\/strong> bieten wir an, da viele \u00c4rzte von gro\u00dfer Unsicherheit bez\u00fcglich des Umgangs mit Sterbewunsch\u00e4u\u00dferungen berichten. Dies hat sich in der Sterbehilfedabatte 2015, aber auch in der Umfrage der Deutschen Gesellschaft f\u00fcr Palliativmedizin gezeigt, in welcher schon allein die Definition dessen, was unter &#8222;aktiver Sterbehilfe&#8220; verstanden wird, eine erhebliche Bandbreite aufweist. Das im November 2015 beschlossene Sterbehilfegesetz dient hier nicht als Orientierung, da hier lediglich das gesch\u00e4ftsm\u00e4\u00dfige Anbieten von Beihilfe zur Selbstt\u00f6tung verboten wird.<br \/>\nHier helfen einerseits Kommunikationsregeln, aber andererseits auch eine Reflexion der eigenen Position einschlie\u00dflich der eigenen \u00c4ngste, \u00dcberzeugungen, Motivationen und spirituellen Hintergr\u00fcnde.<\/p>\n<p>Gegenstand von <strong>Team-Supervisionen<\/strong> sind oft Fallbesprechungen, aber auch Teamprozesse. In der Supervision werden Dynamiken aufgedeckt, die durch manche Themen oder Personen (Patienten, Angeh\u00f6rige, Mitbehandler) ausgel\u00f6st werden. Das Team wird darin unterst\u00fctzt L\u00f6sungen f\u00fcr sich zu finden. Oder es werden Betroffenheit und Gef\u00fchle miteinander geteilt, die manche Begleitungen im Team ausl\u00f6sen. Auch Team- oder Leitungskonflikte k\u00f6nnen Thema werden. Immer jedoch steht die gegenseitige Wertsch\u00e4tzung im Mittelpunkt, denn die W\u00fcrde der Sterbenden kann nur vermittelt werden, wenn sie auch untereinander authentisch gelebt wird.<br \/>\nEs k\u00f6nnen unterschiedliche Settings sinnvoll sein: Supervision im Gesamtteam inklusive Leitung, Supervision f\u00fcr das Team ohne Leitung (mit begleitenden F\u00fchrungscoaching), Supervision f\u00fcr einzelne Berufsgruppen, Themen-spezifische Supervision, fortlaufende Supervision \u00fcber einen l\u00e4ngeren Zeitraum etc.<\/p>\n<p>Wir unterst\u00fctzen auch Unternehmen oder Einrichtungen au\u00dferhalb des Gesundheitswesens, wenn sich etwa ein Sterbefall im Kollegenkreis ereignet oder das Team sich anderweitig mit Sterben und Tod auseinandersetzen muss.<\/p>\n<p><strong>Gruppen-Supervision<\/strong> bieten wir f\u00fcr Personen an, die nicht zu <em>einem<\/em> Team geh\u00f6ren, also nicht zusammen arbeiten. Hier k\u00f6nnen sich einzelne Personen zu einer Gruppe zusammenschlie\u00dfen, um F\u00e4lle zu besprechen, eigene Betroffenheit zu teilen oder auch Konflikte am Arbeitsplatz zu reflektieren &#8211; \u00e4hnlich wie in einer Balint-Gruppe. So k\u00f6nnen sich etwa Haus\u00e4rzte, die ja oft ein &#8222;Einzelk\u00e4mpferdasein&#8220; f\u00fchren, zu einer Gruppe zusammenschlie\u00dfen, um vom KollegInnenkreis und der fachlichen Anleitung zu profitieren.<\/p>\n<p>Im Gegensatz zur Supervision werden bei <strong>Teamentwicklung und Organisationsberatung<\/strong> nur Themen in den Blick genommen, die die Arbeitsf\u00e4higkeit des Teams bzw. der Einrichtung unter Ber\u00fccksichtigung der Sorge um die MitarbeiterInnen betreffen. Die Ziele der Teamentwicklung werden mit den Leitungsverantwortlichen festgelegt. Gegenstand der Teamentwicklung k\u00f6nnen die Kl\u00e4rung von Arbeitsabl\u00e4ufen und Verantwortungsbereichen sein, das Festlegen von Kommunikationsregeln, die Reflexion des Entwicklungsprozesses und der derzeitigen Atmosph\u00e4re. Die Begleitung eines Teamentwicklungsprozesses \/ Organisationsberatung kann sich auch auf eine bestimmte Phase beziehen, etwa bei der Neugr\u00fcndung eines Teams, bei geplanten Umstrukturierungen oder unerwarteten Ver\u00e4nderungen.<br \/>\nEin multiprofessionell zusammengesetztes Team, wie es die Palliativversorgung erfordert, macht die Zusammenarbeit nicht gerade einfacher. So kann es hilfreich sein, die Sprache, die Kultur, das Menschenbild der unterschiedlichen Berufsgruppen erst einmal kennenzulernen, die gegenseitigen Rollenerwartungen aufzudecken, die Kompetenzbereiche deutlich zu formulieren.<br \/>\nAuch verdeckte Konflikte gilt es anzuschauen &#8211; denn der Palliativbereich ist durch eine starke Wertewelt gepr\u00e4gt, wobei sich gleichzeitig eine eher negative Fehlerkultur in den Kliniken etabliert hat. Eine Mischung, die eine &#8222;positive Streitkultur&#8220; (deutlich in der Sache, respektvoll gegen\u00fcber der Person) nicht gerade beg\u00fcnstigt.<br \/>\nTeamentwicklung kann Ziel- oder Themen-bezogen, zur Begleitung von Ver\u00e4nderungsprozessen (Change-Management), in Form von Klausurtagen und \u00fcber einen l\u00e4ngeren Zeitraum hinweg durchgef\u00fchrt werden.<\/p>\n<p>&nbsp;<\/p>\n<p>Im Institut ist Jan Gramm zust\u00e4ndig f\u00fcr Coaching und Supervision. Methoden der systemischen Beratung gepaart mit langj\u00e4hriger Feldkompetenz bilden die Basis f\u00fcr die Begleitung Ihres Teams. Ebenso flie\u00dfen Elemente der Psychoanalyse, der Gewaltfreien Kommunikation (GfK), humanistischer Verfahren und der integralen Psychologie von Ken Wilber mit ein.<\/p>\n<p>Unsere Konditionen finden Sie\u00a0 <strong><a href=\"http:\/\/www.palliativpsychologie.de\/?page_id=3198\">\u00bb hier<\/a><\/strong>.<\/p>\n<p style=\"padding-left: 30px;\">Wenden Sie sich bei Interesse bitte an:<br \/>\njan.gramm [@] palliativpsychologie.de<br \/>\n0177.8453944<\/p>\n<p style=\"padding-left: 30px;\">oder nutzen Sie dieses Kontaktformular:<\/p>\n<p style=\"padding-left: 30px;\">\n<div class=\"wpcf7 no-js\" id=\"wpcf7-f3177-o1\" lang=\"de-DE\" dir=\"ltr\" data-wpcf7-id=\"3177\">\n<div class=\"screen-reader-response\"><p role=\"status\" aria-live=\"polite\" aria-atomic=\"true\"><\/p> <ul><\/ul><\/div>\n<form action=\"\/index.php?rest_route=%2Fwp%2Fv2%2Fpages%2F3136#wpcf7-f3177-o1\" method=\"post\" class=\"wpcf7-form init\" aria-label=\"Kontaktformular\" novalidate=\"novalidate\" data-status=\"init\">\n<fieldset class=\"hidden-fields-container\"><input type=\"hidden\" name=\"_wpcf7\" value=\"3177\" \/><input type=\"hidden\" name=\"_wpcf7_version\" value=\"6.1.5\" \/><input type=\"hidden\" name=\"_wpcf7_locale\" value=\"de_DE\" \/><input type=\"hidden\" name=\"_wpcf7_unit_tag\" value=\"wpcf7-f3177-o1\" \/><input type=\"hidden\" name=\"_wpcf7_container_post\" value=\"0\" \/><input type=\"hidden\" name=\"_wpcf7_posted_data_hash\" value=\"\" \/><input type=\"hidden\" name=\"_wpcf7_recaptcha_response\" value=\"\" \/>\n<\/fieldset>\n<table>\n\t<tr>\n\t\t<td>\n\t\t\t<p>Anrede *\n\t\t\t<\/p>\n\t\t<\/td>\n\t\t<td>\n\t\t\t<p><span class=\"wpcf7-form-control-wrap\" data-name=\"salutation\"><select class=\"wpcf7-form-control wpcf7-select wpcf7-validates-as-required\" aria-required=\"true\" aria-invalid=\"false\" name=\"salutation\"><option value=\"Frau\">Frau<\/option><option value=\"Herr\">Herr<\/option><option value=\"\"><\/option><\/select><\/span>\n\t\t\t<\/p>\n\t\t<\/td>\n\t<\/tr>\n\t<tr>\n\t\t<td>\n\t\t\t<p>Vorname *\n\t\t\t<\/p>\n\t\t<\/td>\n\t\t<td>\n\t\t\t<p><span class=\"wpcf7-form-control-wrap\" data-name=\"your-prename\"><input size=\"40\" maxlength=\"400\" class=\"wpcf7-form-control wpcf7-text wpcf7-validates-as-required\" aria-required=\"true\" aria-invalid=\"false\" value=\"\" type=\"text\" name=\"your-prename\" \/><\/span>\n\t\t\t<\/p>\n\t\t<\/td>\n\t<\/tr>\n\t<tr>\n\t\t<td>\n\t\t\t<p>Name *\n\t\t\t<\/p>\n\t\t<\/td>\n\t\t<td>\n\t\t\t<p><span class=\"wpcf7-form-control-wrap\" data-name=\"your-name\"><input size=\"40\" maxlength=\"400\" class=\"wpcf7-form-control wpcf7-text wpcf7-validates-as-required\" aria-required=\"true\" aria-invalid=\"false\" value=\"\" type=\"text\" name=\"your-name\" \/><\/span>\n\t\t\t<\/p>\n\t\t<\/td>\n\t<\/tr>\n\t<tr>\n\t\t<td>\n\t\t\t<p>E-Mail-Adresse *\n\t\t\t<\/p>\n\t\t<\/td>\n\t\t<td>\n\t\t\t<p><span class=\"wpcf7-form-control-wrap\" data-name=\"your-email\"><input size=\"40\" maxlength=\"400\" class=\"wpcf7-form-control wpcf7-email wpcf7-validates-as-required wpcf7-text wpcf7-validates-as-email\" aria-required=\"true\" aria-invalid=\"false\" value=\"\" type=\"email\" name=\"your-email\" \/><\/span>\n\t\t\t<\/p>\n\t\t<\/td>\n\t<\/tr>\n\t<tr>\n\t\t<td>\n\t\t\t<p>Telefon-\/Mobilnummer\n\t\t\t<\/p>\n\t\t<\/td>\n\t\t<td>\n\t\t\t<p><span class=\"wpcf7-form-control-wrap\" data-name=\"your-tel\"><input size=\"40\" maxlength=\"400\" class=\"wpcf7-form-control wpcf7-tel wpcf7-text wpcf7-validates-as-tel\" aria-invalid=\"false\" value=\"\" type=\"tel\" name=\"your-tel\" \/><\/span>\n\t\t\t<\/p>\n\t\t<\/td>\n\t<\/tr>\n\t<tr>\n\t\t<td style=\"vertical-align:top\">\n\t\t\t<p>Nachricht *\n\t\t\t<\/p>\n\t\t<\/td>\n\t\t<td>\n\t\t\t<p><span class=\"wpcf7-form-control-wrap\" data-name=\"your-message\"><textarea cols=\"40\" rows=\"10\" maxlength=\"2000\" class=\"wpcf7-form-control wpcf7-textarea wpcf7-validates-as-required\" aria-required=\"true\" aria-invalid=\"false\" name=\"your-message\"><\/textarea><\/span>\n\t\t\t<\/p>\n\t\t<\/td>\n\t<\/tr>\n<\/table>\n<p>\n\n<\/p>\n<p><input class=\"wpcf7-form-control wpcf7-submit has-spinner\" type=\"submit\" value=\"Senden\" \/>\n<\/p><div class=\"wpcf7-response-output\" aria-hidden=\"true\"><\/div>\n<\/form>\n<\/div>\n<\/p>\n","protected":false},"excerpt":{"rendered":"<p>Wir bieten Coaching und Supervision f\u00fcr Personen und Teams, die in der Hospiz- und Palliativversorgung arbeiten oder die beruflich mit dem Thema &#8222;Umgang mit Sterben, Tod und existenziellen Krisen&#8220; konfrontiert sind, in unterschiedlichen Formaten an: Coaching f\u00fcr Einzelpersonen F\u00fchrungscoaching Coaching &hellip; <a href=\"https:\/\/www.palliativpsychologie.de\/?page_id=3136\">Weiterlesen <span class=\"meta-nav\">&rarr;<\/span><\/a><\/p>\n","protected":false},"author":1,"featured_media":0,"parent":3132,"menu_order":0,"comment_status":"closed","ping_status":"closed","template":"","meta":{"footnotes":""},"class_list":["post-3136","page","type-page","status-publish","hentry"],"_links":{"self":[{"href":"https:\/\/www.palliativpsychologie.de\/index.php?rest_route=\/wp\/v2\/pages\/3136","targetHints":{"allow":["GET"]}}],"collection":[{"href":"https:\/\/www.palliativpsychologie.de\/index.php?rest_route=\/wp\/v2\/pages"}],"about":[{"href":"https:\/\/www.palliativpsychologie.de\/index.php?rest_route=\/wp\/v2\/types\/page"}],"author":[{"embeddable":true,"href":"https:\/\/www.palliativpsychologie.de\/index.php?rest_route=\/wp\/v2\/users\/1"}],"replies":[{"embeddable":true,"href":"https:\/\/www.palliativpsychologie.de\/index.php?rest_route=%2Fwp%2Fv2%2Fcomments&post=3136"}],"version-history":[{"count":25,"href":"https:\/\/www.palliativpsychologie.de\/index.php?rest_route=\/wp\/v2\/pages\/3136\/revisions"}],"predecessor-version":[{"id":3222,"href":"https:\/\/www.palliativpsychologie.de\/index.php?rest_route=\/wp\/v2\/pages\/3136\/revisions\/3222"}],"up":[{"embeddable":true,"href":"https:\/\/www.palliativpsychologie.de\/index.php?rest_route=\/wp\/v2\/pages\/3132"}],"wp:attachment":[{"href":"https:\/\/www.palliativpsychologie.de\/index.php?rest_route=%2Fwp%2Fv2%2Fmedia&parent=3136"}],"curies":[{"name":"wp","href":"https:\/\/api.w.org\/{rel}","templated":true}]}}