{"id":2715,"date":"2014-11-12T20:29:26","date_gmt":"2014-11-12T19:29:26","guid":{"rendered":"http:\/\/www.palliativpsychologie.de\/?page_id=2715"},"modified":"2015-03-07T23:05:14","modified_gmt":"2015-03-07T22:05:14","slug":"grundlagen-der-dt","status":"publish","type":"page","link":"https:\/\/www.palliativpsychologie.de\/?page_id=2715","title":{"rendered":"Grundlagen der DT"},"content":{"rendered":"<p>Dignity Therapy &#8211; &#8222;W\u00fcrdezentrierte Therapie&#8220; &#8211; ist eine psychologische Interventionsform, die von Dr. Harvey Max Chochinov (Kanada) entwickelt wurde. Chochinov wurde dazu von Forschungen \u00fcber den Wunsch nach vorzeitigem Sterben von Palliativpatienten angeregt, in welchen das W\u00fcrde-Gef\u00fchl bzw. das Gef\u00fchl des W\u00fcrde-Verlusts einen zentralen Stellenwert einnahm (s. <a title=\"Sterbewunsch\" href=\"http:\/\/www.palliativpsychologie.de\/?page_id=1525\">Sterbewunsch<\/a>).<\/p>\n<p>W\u00e4hrend der Begriff der &#8222;W\u00fcrde&#8220; in der Philosophie nicht eindeutig definiert wird, entwickelte Chochinov auf der Basis von Patientenbefragungen ein <a href=\"http:\/\/www.palliativpsychologie.de\/?page_id=2709\">W\u00fcrde-Modell<\/a>, das aus drei verschiedenen Dimensionen besteht.<\/p>\n<p>Die Arbeitsgruppe um Harvey M. Chochinov erarbeitete detailliert, auf welche Weise W\u00fcrde im Behandlungsalltag verankert werden kann. Die Grundfrage f\u00fcr die Behandler lautet dabei: &#8222;Was sollte ich \u00fcber Sie als Person wissen, was mir dabei hilft, f\u00fcr Sie &#8211; so gut wie es mir nur m\u00f6glich ist &#8211; da zu sein?&#8220;<\/p>\n<p>Wie W\u00fcrde in der Behandlung Schwerkranker mehr verankert werden kann, wird auf der Website <a href=\"http:\/\/dignityincare.ca\/en\" target=\"_blank\">dignity in care<\/a> ausf\u00fchrlich beschrieben: Neben einer ausf\u00fchrlichen Beschreibung des W\u00fcrde-Modells findet man f\u00fcr jeden der Unterkategorien des W\u00fcrde-Modells entsprechende therapeutische Interventionen.<\/p>\n<ul>\n<li><a href=\"http:\/\/dignityincare.ca\/en\" target=\"_blank\">dignityincare.ca<\/a><br \/>\nWir arbeiten derzeit an einer deutschen \u00dcbersetzung.<\/li>\n<\/ul>\n<p>Aus dem W\u00fcrde-Modell heraus entwickelte Chochinov die &#8222;Dignity-Therapy&#8220;, die &#8222;W\u00fcrdezentrierte Therapie&#8220;.<\/p>\n<p>Um die Arbeit Chochinovs in Deutschland bekannter zu machen, haben wir eine Zusammenfassung auf Deutsch erstellt. In diesem Artikel wird die Methode dargestellt und Nachfolgestudien beschrieben. So erh\u00e4lt man einen \u00dcberblick \u00fcber die Methode und deren Anwendbarkeit in der Praxis. Wir bem\u00fchen uns den Artikel gem\u00e4\u00df der neuesten Studien stetig zu aktualisieren:<\/p>\n<ul>\n<li><a href=\"http:\/\/www.palliativpsychologie.de\/wp-content\/uploads\/Dignity-Therapy_SchrammBertholdGramm_131222.pdf\" target=\"_blank\">Schramm A, Berthold D, Gramm J (2013): Dignity Therapy. Psychologische Kurzintervention f\u00fcr W\u00fcrde am Lebensende<\/a>. (Stand 22.12.2013)<\/li>\n<\/ul>\n<p>W\u00e4hrend seines Aufenthalts in Deutschland zur Tagung &#8222;W\u00fcrde und existentielles Leid am Ende des Lebens&#8220; im November 2014 in Mainz wurde auch ein Interview mit Herrn Chochinov f\u00fcr die Sendung &#8222;scobel &#8211; Suizid im Alter&#8220; durchgef\u00fchrt. Sie k\u00f6nnen es hier ansehen:<\/p>\n<p><iframe loading=\"lazy\" src=\"http:\/\/www.3sat.de\/mediaplayer\/miniplayer\/?mediaID=47300\" width=\"480\" height=\"272\" frameborder=\"0\" marginwidth=\"0\" marginheight=\"0\" scrolling=\"yes\"><\/iframe><\/p>\n<ul>\n<li><a href=\"http:\/\/www.3sat.de\/mediathek\/?mode=play&amp;obj=47300\" target=\"_blank\">Interview mit Harvey M. Chochinov (englisch)<\/a><\/li>\n<\/ul>\n<p>Um W\u00fcrde im Gesundheitswesen mehr Gewicht zu geben, entwickelte Harvey M. Chochinov das &#8222;ABCD of dignity in care&#8220; &#8211; ein Akronym, das f\u00fcr <strong>A<\/strong>ttitude = Haltung, <strong>B<\/strong>ehaviour = Verhalten, <strong>C<\/strong>ompassion = Mitgef\u00fchl und <strong>D<\/strong>ialogue = Kommunikation steht.<br \/>\nIn folgendem Video erl\u00e4utert er diese &#8222;Leitlinie f\u00fcr w\u00fcrdest\u00e4rkendes Verhalten&#8220; (auf englisch, auch auf dignityincare.ca zu finden):<\/p>\n<p><iframe loading=\"lazy\" src=\"\/\/player.vimeo.com\/video\/110928591\" width=\"500\" height=\"281\" frameborder=\"0\" allowfullscreen=\"allowfullscreen\"><\/iframe><\/p>\n<p>Wenn Sie Interesse haben, W\u00fcrdezentrierte Therapie kennenzulernen, durchzuf\u00fchren oder sich mit anderen Anwendern vernetzen wollen, k\u00f6nnen Sie \u00fcber das <a href=\"http:\/\/www.patientenwuerde.de\/?page_id=113\" target=\"_blank\">Kontaktformular auf www.patientenwuerde.de<\/a> in Verbindung mit uns treten.<\/p>\n","protected":false},"excerpt":{"rendered":"<p>Dignity Therapy &#8211; &#8222;W\u00fcrdezentrierte Therapie&#8220; &#8211; ist eine psychologische Interventionsform, die von Dr. Harvey Max Chochinov (Kanada) entwickelt wurde. Chochinov wurde dazu von Forschungen \u00fcber den Wunsch nach vorzeitigem Sterben von Palliativpatienten angeregt, in welchen das W\u00fcrde-Gef\u00fchl bzw. das Gef\u00fchl &hellip; <a href=\"https:\/\/www.palliativpsychologie.de\/?page_id=2715\">Weiterlesen <span class=\"meta-nav\">&rarr;<\/span><\/a><\/p>\n","protected":false},"author":1,"featured_media":0,"parent":2677,"menu_order":0,"comment_status":"closed","ping_status":"closed","template":"sidebar-page.php","meta":{"footnotes":""},"class_list":["post-2715","page","type-page","status-publish","hentry"],"_links":{"self":[{"href":"https:\/\/www.palliativpsychologie.de\/index.php?rest_route=\/wp\/v2\/pages\/2715","targetHints":{"allow":["GET"]}}],"collection":[{"href":"https:\/\/www.palliativpsychologie.de\/index.php?rest_route=\/wp\/v2\/pages"}],"about":[{"href":"https:\/\/www.palliativpsychologie.de\/index.php?rest_route=\/wp\/v2\/types\/page"}],"author":[{"embeddable":true,"href":"https:\/\/www.palliativpsychologie.de\/index.php?rest_route=\/wp\/v2\/users\/1"}],"replies":[{"embeddable":true,"href":"https:\/\/www.palliativpsychologie.de\/index.php?rest_route=%2Fwp%2Fv2%2Fcomments&post=2715"}],"version-history":[{"count":20,"href":"https:\/\/www.palliativpsychologie.de\/index.php?rest_route=\/wp\/v2\/pages\/2715\/revisions"}],"predecessor-version":[{"id":2952,"href":"https:\/\/www.palliativpsychologie.de\/index.php?rest_route=\/wp\/v2\/pages\/2715\/revisions\/2952"}],"up":[{"embeddable":true,"href":"https:\/\/www.palliativpsychologie.de\/index.php?rest_route=\/wp\/v2\/pages\/2677"}],"wp:attachment":[{"href":"https:\/\/www.palliativpsychologie.de\/index.php?rest_route=%2Fwp%2Fv2%2Fmedia&parent=2715"}],"curies":[{"name":"wp","href":"https:\/\/api.w.org\/{rel}","templated":true}]}}