{"id":2709,"date":"2014-11-12T20:27:28","date_gmt":"2014-11-12T19:27:28","guid":{"rendered":"http:\/\/www.palliativpsychologie.de\/?page_id=2709"},"modified":"2016-02-22T12:33:30","modified_gmt":"2016-02-22T11:33:30","slug":"das-wuerde-modell","status":"publish","type":"page","link":"https:\/\/www.palliativpsychologie.de\/?page_id=2709","title":{"rendered":"Das W\u00fcrde-Modell"},"content":{"rendered":"<p>W\u00e4hrend der Begriff der &#8222;W\u00fcrde&#8220; in der Philosophie nicht eindeutig definiert wird, entwickelte Chochinov auf der Basis von Patientenbefragungen ein W\u00fcrde-Modell, das aus drei verschiedenen Dimensionen besteht. W\u00fcrde wird von Patienten mit unheilbaren Krankheiten demnach determiniert durch:<\/p>\n<ol>\n<li>Krankheitsbezogene Belange<\/li>\n<li>Psychische Ressourcen<\/li>\n<li>Soziale Belange (&#8222;Soziale W\u00fcrde&#8220;)<\/li>\n<\/ol>\n<p><img loading=\"lazy\" decoding=\"async\" class=\"alignleft size-large wp-image-3188\" src=\"http:\/\/www.palliativpsychologie.de\/wp-content\/uploads\/W\u00fcrde-Modell_Chochinov_Grafik-1024x854.jpg\" alt=\"W\u00fcrde-Modell_Chochinov_Grafik\" width=\"584\" height=\"487\" srcset=\"https:\/\/www.palliativpsychologie.de\/wp-content\/uploads\/W\u00fcrde-Modell_Chochinov_Grafik-1024x854.jpg 1024w, https:\/\/www.palliativpsychologie.de\/wp-content\/uploads\/W\u00fcrde-Modell_Chochinov_Grafik-300x250.jpg 300w, https:\/\/www.palliativpsychologie.de\/wp-content\/uploads\/W\u00fcrde-Modell_Chochinov_Grafik-768x640.jpg 768w, https:\/\/www.palliativpsychologie.de\/wp-content\/uploads\/W\u00fcrde-Modell_Chochinov_Grafik-360x300.jpg 360w, https:\/\/www.palliativpsychologie.de\/wp-content\/uploads\/W\u00fcrde-Modell_Chochinov_Grafik.jpg 1418w\" sizes=\"auto, (max-width: 584px) 100vw, 584px\" \/><\/p>\n<p>Ein wichtiger Aspekt f\u00fcr den Bereich der &#8222;Sozialen W\u00fcrde&#8220; ist die Grundhaltung der Behandler (Care Tenor): Wie begegnen wir unseren Patienten? Durch welche Handlungen, Strukturen, Worte wird das W\u00fcrde-Gef\u00fchl verletzt, durch welche gest\u00e4rkt?<\/p>\n","protected":false},"excerpt":{"rendered":"<p>W\u00e4hrend der Begriff der &#8222;W\u00fcrde&#8220; in der Philosophie nicht eindeutig definiert wird, entwickelte Chochinov auf der Basis von Patientenbefragungen ein W\u00fcrde-Modell, das aus drei verschiedenen Dimensionen besteht. W\u00fcrde wird von Patienten mit unheilbaren Krankheiten demnach determiniert durch: Krankheitsbezogene Belange Psychische &hellip; <a href=\"https:\/\/www.palliativpsychologie.de\/?page_id=2709\">Weiterlesen <span class=\"meta-nav\">&rarr;<\/span><\/a><\/p>\n","protected":false},"author":1,"featured_media":0,"parent":2677,"menu_order":0,"comment_status":"closed","ping_status":"closed","template":"sidebar-page.php","meta":{"footnotes":""},"class_list":["post-2709","page","type-page","status-publish","hentry"],"_links":{"self":[{"href":"https:\/\/www.palliativpsychologie.de\/index.php?rest_route=\/wp\/v2\/pages\/2709","targetHints":{"allow":["GET"]}}],"collection":[{"href":"https:\/\/www.palliativpsychologie.de\/index.php?rest_route=\/wp\/v2\/pages"}],"about":[{"href":"https:\/\/www.palliativpsychologie.de\/index.php?rest_route=\/wp\/v2\/types\/page"}],"author":[{"embeddable":true,"href":"https:\/\/www.palliativpsychologie.de\/index.php?rest_route=\/wp\/v2\/users\/1"}],"replies":[{"embeddable":true,"href":"https:\/\/www.palliativpsychologie.de\/index.php?rest_route=%2Fwp%2Fv2%2Fcomments&post=2709"}],"version-history":[{"count":8,"href":"https:\/\/www.palliativpsychologie.de\/index.php?rest_route=\/wp\/v2\/pages\/2709\/revisions"}],"predecessor-version":[{"id":3189,"href":"https:\/\/www.palliativpsychologie.de\/index.php?rest_route=\/wp\/v2\/pages\/2709\/revisions\/3189"}],"up":[{"embeddable":true,"href":"https:\/\/www.palliativpsychologie.de\/index.php?rest_route=\/wp\/v2\/pages\/2677"}],"wp:attachment":[{"href":"https:\/\/www.palliativpsychologie.de\/index.php?rest_route=%2Fwp%2Fv2%2Fmedia&parent=2709"}],"curies":[{"name":"wp","href":"https:\/\/api.w.org\/{rel}","templated":true}]}}