{"id":23,"date":"2012-04-26T19:50:40","date_gmt":"2012-04-26T17:50:40","guid":{"rendered":"http:\/\/www.palliativpsychologie.de\/?page_id=23"},"modified":"2022-06-16T21:24:39","modified_gmt":"2022-06-16T19:24:39","slug":"aus-fort-und-weiterbildung","status":"publish","type":"page","link":"https:\/\/www.palliativpsychologie.de\/?page_id=23","title":{"rendered":"Fort- und Weiterbildung"},"content":{"rendered":"<p>Das Institut f\u00fcr Palliativpsychologie sieht seine Aufgabe einerseits in der Fort- und Weiterbildung von Psychologen, andererseits in der Fortbildung aller Berufsgruppen, die\u00a0im Bereich Palliative Care t\u00e4tig sind.\u00a0Gerade die multiprofessionelle Ausrichtung ist uns ein wichtiges Anliegen, denn ein multiprofessionell zusammengesetztes Team kommt nur dann zu voller Wirkung, wenn auch wirklich multiprofessionell zusammengearbeitet wird.<\/p>\n<p><a title=\"alle Veranstaltungen\" href=\"http:\/\/www.palliativpsychologie.de\/?page_id=138\">\u00bb Alle Veranstaltungen im \u00dcberblick<\/a><\/p>\n<p><strong>Weiterbildung Palliative Care f\u00fcr Psychologen<\/strong><br \/>\nDiese Weiterbildung entspricht dem Curriculum &#8222;Palliative Care f\u00fcr Psychologen&#8220; der Deutschen Gesellschaft f\u00fcr Palliativmedizin (DGP). Das Angebot richtet sich an Psychologen und Psychotherapeuten, die im Palliativbereich arbeiten oder arbeiten wollen.<\/p>\n<ul>\n<li><a href=\"http:\/\/www.palliativpsychologie.de\/?event-categories=wb_psy\">Weiterbildung Palliative Care f\u00fcr Psychologen<\/a><\/li>\n<\/ul>\n<p><strong>Fortbildung<\/strong><br \/>\nFachspezifische Fortbildungen f\u00fcr Psychologen stellen ein Zusatzangebot zum Curriculum &#8222;Palliative Care f\u00fcr Psychologen&#8220; dar, k\u00f6nnen aber auch unabh\u00e4ngig davon gebucht werden.<br \/>\nMultiprofessionelle Fortbildungen widmen sich Themen, die nicht einer spezifischen Berufsgruppe zugeordnet sind, sondern gerade erst durch den Dialog verschiedener Professionen greifbar und lebendig werden \u2013 etwa zu den Themen Teamarbeit, Ethik, Spiritualit\u00e4t, Kommunikation oder Selbsterfahrung.<\/p>\n<ul>\n<li><a href=\"http:\/\/www.palliativpsychologie.de\/?event-categories=fb_psy\">Fortbildung fachspezifisch f\u00fcr Psychologen<\/a><\/li>\n<li><a href=\"http:\/\/www.palliativpsychologie.de\/?event-categories=fb_multi\">Fortbildung mulitprofessionell<\/a><\/li>\n<\/ul>\n<p><strong>Veranstaltungsreihe palliativ+<br \/>\n<\/strong>Ein besonderes Format stellt unsere Veranstaltungsreihe palliativ+ dar, in der Seminare gemeinsam mit ExpertInnen aus anderen Fachgebieten geleitet werden. Auf diese Weise soll eine Plattform geschaffen werden, um die Arbeit in Palliative Care mit &#8222;fachfremden&#8220; Impulsen zu bereichern. Die Veranstaltungsreihe ist durch ein &#8222;palliativ+&#8220; gekennzeichnet, das\u00a0dem jeweiligen\u00a0Seminartitel vorangestellt ist.<\/p>\n<p><strong>Veranstaltungsorte<\/strong><br \/>\nBei der Wahl der Veranstaltungsorte legen wir gro\u00dfen Wert auf eine &#8222;stimmige&#8220; Atmosph\u00e4re des Hauses sowie auf eine sch\u00f6ne Umgebung, genauso aber auf eine gute Erreichbarkeit f\u00fcr alle Teilnehmer. Wir bieten unsere Veranstaltungen an unterschiedlichen Orten an.<\/p>\n<ul>\n<li><a title=\"Veranstaltungsorte\" href=\"http:\/\/www.palliativpsychologie.de\/?page_id=139\">Die Veranstaltungsorte<\/a><\/li>\n<\/ul>\n<p><strong>Referenten<br \/>\n<\/strong>Bei der Auswahl unserer Referenten achten wir darauf, dass diese \u00fcber eine umfangreiche Praxiserfahrung verf\u00fcgen, aber auch, dass sie ihr Wissen mit Freude, \u00dcberzeugung und\u00a0didaktischer Kompetenz\u00a0vermitteln.<\/p>\n<ul>\n<li><a title=\"Referenten\" href=\"http:\/\/www.palliativpsychologie.de\/?page_id=584\">Die Referenten<\/a><\/li>\n<\/ul>\n<p><strong>Inhouse-Seminare<br \/>\n<\/strong>M\u00f6glicherweise haben Sie Interesse an einer Fortbildung f\u00fcr Ihr ganzes Team bei Ihnen vor Ort &#8211; wir kommen gerne zu Ihnen!<\/p>\n<ul>\n<li><a title=\"Inhouse-Seminare\" href=\"http:\/\/www.palliativpsychologie.de\/?page_id=1261\">Inhouse-Seminare<\/a><\/li>\n<\/ul>\n<p><strong>\u00a0<\/strong><\/p>\n","protected":false},"excerpt":{"rendered":"<p>Das Institut f\u00fcr Palliativpsychologie sieht seine Aufgabe einerseits in der Fort- und Weiterbildung von Psychologen, andererseits in der Fortbildung aller Berufsgruppen, die\u00a0im Bereich Palliative Care t\u00e4tig sind.\u00a0Gerade die multiprofessionelle Ausrichtung ist uns ein wichtiges Anliegen, denn ein multiprofessionell zusammengesetztes Team &hellip; <a href=\"https:\/\/www.palliativpsychologie.de\/?page_id=23\">Weiterlesen <span class=\"meta-nav\">&rarr;<\/span><\/a><\/p>\n","protected":false},"author":1,"featured_media":0,"parent":0,"menu_order":0,"comment_status":"closed","ping_status":"closed","template":"sidebar-page.php","meta":{"footnotes":""},"class_list":["post-23","page","type-page","status-publish","hentry"],"_links":{"self":[{"href":"https:\/\/www.palliativpsychologie.de\/index.php?rest_route=\/wp\/v2\/pages\/23","targetHints":{"allow":["GET"]}}],"collection":[{"href":"https:\/\/www.palliativpsychologie.de\/index.php?rest_route=\/wp\/v2\/pages"}],"about":[{"href":"https:\/\/www.palliativpsychologie.de\/index.php?rest_route=\/wp\/v2\/types\/page"}],"author":[{"embeddable":true,"href":"https:\/\/www.palliativpsychologie.de\/index.php?rest_route=\/wp\/v2\/users\/1"}],"replies":[{"embeddable":true,"href":"https:\/\/www.palliativpsychologie.de\/index.php?rest_route=%2Fwp%2Fv2%2Fcomments&post=23"}],"version-history":[{"count":76,"href":"https:\/\/www.palliativpsychologie.de\/index.php?rest_route=\/wp\/v2\/pages\/23\/revisions"}],"predecessor-version":[{"id":3756,"href":"https:\/\/www.palliativpsychologie.de\/index.php?rest_route=\/wp\/v2\/pages\/23\/revisions\/3756"}],"wp:attachment":[{"href":"https:\/\/www.palliativpsychologie.de\/index.php?rest_route=%2Fwp%2Fv2%2Fmedia&parent=23"}],"curies":[{"name":"wp","href":"https:\/\/api.w.org\/{rel}","templated":true}]}}