{"id":21,"date":"2012-04-22T15:51:30","date_gmt":"2012-04-22T15:51:30","guid":{"rendered":"http:\/\/www.palliativpsychologie.de\/?page_id=21"},"modified":"2013-01-25T10:47:04","modified_gmt":"2013-01-25T09:47:04","slug":"palliativpsychologie","status":"publish","type":"page","link":"https:\/\/www.palliativpsychologie.de\/?page_id=21","title":{"rendered":"Palliativpsychologie"},"content":{"rendered":"<p>Wir definieren Palliativpsychologie als ein psychologisches Anwendungsfach, das sich als Teildisziplin einer multiprofessionellen Palliative Care versteht. Hauptaufgabe ist die Anwendung und Erforschung spezifischer psychologischer Methoden in der Begleitung von Patienten, deren Angeh\u00f6rigen sowie Professionellen in Palliative Care.<\/p>\n<p>Als grundlegend f\u00fcr die Palliativpsychologie sehen wir den R\u00fcckgriff auf ein Modell des Menschen, das\u00a0diesen m\u00f6glichst umfassend und integriert abbildet. So bezieht sich das Institut f\u00fcr Palliativpsychologie auf Ans\u00e4tze wie die Osnabr\u00fccker Pers\u00f6nlichkeitspsychologie nach Julius Kuhl und die Integrale Psychologie des amerikanischen Bewusstseinsforschers Ken Wilber.<\/p>\n","protected":false},"excerpt":{"rendered":"<p>Wir definieren Palliativpsychologie als ein psychologisches Anwendungsfach, das sich als Teildisziplin einer multiprofessionellen Palliative Care versteht. Hauptaufgabe ist die Anwendung und Erforschung spezifischer psychologischer Methoden in der Begleitung von Patienten, deren Angeh\u00f6rigen sowie Professionellen in Palliative Care. Als grundlegend f\u00fcr &hellip; <a href=\"https:\/\/www.palliativpsychologie.de\/?page_id=21\">Weiterlesen <span class=\"meta-nav\">&rarr;<\/span><\/a><\/p>\n","protected":false},"author":1,"featured_media":0,"parent":0,"menu_order":0,"comment_status":"closed","ping_status":"closed","template":"sidebar-page.php","meta":{"footnotes":""},"class_list":["post-21","page","type-page","status-publish","hentry"],"_links":{"self":[{"href":"https:\/\/www.palliativpsychologie.de\/index.php?rest_route=\/wp\/v2\/pages\/21","targetHints":{"allow":["GET"]}}],"collection":[{"href":"https:\/\/www.palliativpsychologie.de\/index.php?rest_route=\/wp\/v2\/pages"}],"about":[{"href":"https:\/\/www.palliativpsychologie.de\/index.php?rest_route=\/wp\/v2\/types\/page"}],"author":[{"embeddable":true,"href":"https:\/\/www.palliativpsychologie.de\/index.php?rest_route=\/wp\/v2\/users\/1"}],"replies":[{"embeddable":true,"href":"https:\/\/www.palliativpsychologie.de\/index.php?rest_route=%2Fwp%2Fv2%2Fcomments&post=21"}],"version-history":[{"count":37,"href":"https:\/\/www.palliativpsychologie.de\/index.php?rest_route=\/wp\/v2\/pages\/21\/revisions"}],"predecessor-version":[{"id":1146,"href":"https:\/\/www.palliativpsychologie.de\/index.php?rest_route=\/wp\/v2\/pages\/21\/revisions\/1146"}],"wp:attachment":[{"href":"https:\/\/www.palliativpsychologie.de\/index.php?rest_route=%2Fwp%2Fv2%2Fmedia&parent=21"}],"curies":[{"name":"wp","href":"https:\/\/api.w.org\/{rel}","templated":true}]}}