{"id":2,"date":"2012-04-19T12:41:47","date_gmt":"2012-04-19T10:41:47","guid":{"rendered":"http:\/\/www.palliativpsychologie.de\/?page_id=2"},"modified":"2026-01-08T11:24:55","modified_gmt":"2026-01-08T10:24:55","slug":"beispiel-seite","status":"publish","type":"page","link":"https:\/\/www.palliativpsychologie.de\/","title":{"rendered":"Startseite"},"content":{"rendered":"\n<p>auf der Website des Instituts f\u00fcr Palliativpsychologie!<\/p>\n\n\n\n<p>Das Institut f\u00fcr Palliativpsychologie wurde gegr\u00fcndet, um einen Ort f\u00fcr die palliativpsychologisch fundierte Fort- und Weiterbildung von Menschen zu schaffen, die im Palliativ- und Hospizbereich arbeiten. Dar\u00fcber hinaus widmet sich das Institut begleitender palliativpsychologischer Forschung.<\/p>\n\n\n\n<p>Wir w\u00fcnschen Ihnen viel Freude beim Durchst\u00f6bern unserer Seiten.<\/p>\n\n\n\n<p><em>Jan Gramm&nbsp;&nbsp;&nbsp;&nbsp;&nbsp;&nbsp;&nbsp;&nbsp;&nbsp;&nbsp;&nbsp;&nbsp;&nbsp;&nbsp;&nbsp;&nbsp;&nbsp;&nbsp;&nbsp;&nbsp; Daniel Berthold<\/em><\/p>\n\n\n\n<p><\/p>\n\n\n\n<figure class=\"wp-block-image size-full\"><a href=\"https:\/\/www.dgpalliativmedizin.de\/allgemein\/fachtagung-fuer-palliativpsychologie\" target=\"_blank\" rel=\" noreferrer noopener\"><img loading=\"lazy\" decoding=\"async\" width=\"600\" height=\"150\" src=\"https:\/\/www.palliativpsychologie.de\/wp-content\/uploads\/Fachtagung-Psy-2026_SaveTheDate.png\" alt=\"2. Fachtagung f\u00fcr Palliativpsychologie\" class=\"wp-image-3860\" srcset=\"https:\/\/www.palliativpsychologie.de\/wp-content\/uploads\/Fachtagung-Psy-2026_SaveTheDate.png 600w, https:\/\/www.palliativpsychologie.de\/wp-content\/uploads\/Fachtagung-Psy-2026_SaveTheDate-300x75.png 300w, https:\/\/www.palliativpsychologie.de\/wp-content\/uploads\/Fachtagung-Psy-2026_SaveTheDate-500x125.png 500w\" sizes=\"auto, (max-width: 600px) 100vw, 600px\" \/><\/a><\/figure>\n\n\n\n<p><\/p>\n\n\n\n<p><\/p>\n\n\n\n<p><\/p>\n\n\n\n<hr class=\"wp-block-separator has-alpha-channel-opacity is-style-wide\"\/>\n\n\n\n<p>Hier finden Sie <strong><a href=\"https:\/\/www.palliativpsychologie.de\/?page_id=2560\">Beitr\u00e4ge zur Sterbehilfedebatte\u00a0<\/a><\/strong>aus palliativpsychologischer Sicht<br><p style=\"text-align: right;\"><a href=\"http:\/\/www.palliativpsychologie.de\/?page_id=1554\"><strong>\u00bb Mehr Aktuelles hier<\/strong><\/a><\/p><\/p>\n\n\n\n<hr class=\"wp-block-separator has-alpha-channel-opacity is-style-wide\"\/>\n","protected":false},"excerpt":{"rendered":"<p>auf der Website des Instituts f\u00fcr Palliativpsychologie! Das Institut f\u00fcr Palliativpsychologie wurde gegr\u00fcndet, um einen Ort f\u00fcr die palliativpsychologisch fundierte Fort- und Weiterbildung von Menschen zu schaffen, die im Palliativ- und Hospizbereich arbeiten. Dar\u00fcber hinaus widmet sich das Institut begleitender &hellip; <a href=\"https:\/\/www.palliativpsychologie.de\/\">Weiterlesen <span class=\"meta-nav\">&rarr;<\/span><\/a><\/p>\n","protected":false},"author":1,"featured_media":0,"parent":0,"menu_order":0,"comment_status":"closed","ping_status":"closed","template":"sidebar-page.php","meta":{"footnotes":""},"class_list":["post-2","page","type-page","status-publish","hentry"],"_links":{"self":[{"href":"https:\/\/www.palliativpsychologie.de\/index.php?rest_route=\/wp\/v2\/pages\/2","targetHints":{"allow":["GET"]}}],"collection":[{"href":"https:\/\/www.palliativpsychologie.de\/index.php?rest_route=\/wp\/v2\/pages"}],"about":[{"href":"https:\/\/www.palliativpsychologie.de\/index.php?rest_route=\/wp\/v2\/types\/page"}],"author":[{"embeddable":true,"href":"https:\/\/www.palliativpsychologie.de\/index.php?rest_route=\/wp\/v2\/users\/1"}],"replies":[{"embeddable":true,"href":"https:\/\/www.palliativpsychologie.de\/index.php?rest_route=%2Fwp%2Fv2%2Fcomments&post=2"}],"version-history":[{"count":254,"href":"https:\/\/www.palliativpsychologie.de\/index.php?rest_route=\/wp\/v2\/pages\/2\/revisions"}],"predecessor-version":[{"id":3863,"href":"https:\/\/www.palliativpsychologie.de\/index.php?rest_route=\/wp\/v2\/pages\/2\/revisions\/3863"}],"wp:attachment":[{"href":"https:\/\/www.palliativpsychologie.de\/index.php?rest_route=%2Fwp%2Fv2%2Fmedia&parent=2"}],"curies":[{"name":"wp","href":"https:\/\/api.w.org\/{rel}","templated":true}]}}