{"id":198,"date":"2012-07-03T13:30:39","date_gmt":"2012-07-03T11:30:39","guid":{"rendered":"http:\/\/www.palliativpsychologie.de\/?page_id=198"},"modified":"2020-08-12T14:15:26","modified_gmt":"2020-08-12T12:15:26","slug":"publikationen","status":"publish","type":"page","link":"https:\/\/www.palliativpsychologie.de\/?page_id=198","title":{"rendered":"Publikationen"},"content":{"rendered":"<p><strong>(1) B\u00fccher und Herausgeberschaften<\/strong><\/p>\n<p>Weber, J. &amp; Berthold, D. (2020). Am Lebensende zu sich selbst finden. Methoden zur St\u00e4rkung des Selbstzugangs von Schwerstkranken, Angeh\u00f6rigen und Begleitern. G\u00f6ttingen: Hogrefe.<\/p>\n<p>Berthold, D., Gramm, J., Gaspar, M., Sibelius, U. (Hrsg.). (2017). Psychotherapeutische Perspektiven am Lebensende. G\u00f6ttingen: Vandenhoek &amp; Ruprecht.<\/p>\n<p>Begemann, V., Berthold, D. &amp; Hillmann, M. (2013).&nbsp;Sterben und Gelassenheit. Von der Kunst, den Tod ins Leben zu lassen. G\u00f6ttingen:&nbsp;Vandenhoeck &amp; Ruprecht.<\/p>\n<p>Fegg, M., Gramm, J. &amp; Pestinger, M. (Hrsg.). (2011). Psychologie und Palliative Care. Aufgaben, Konzepte und Interventionen in der Begleitung von Patienten und Angeh\u00f6rigen. Stuttgart: Kohlhammer.<\/p>\n<p><strong>(2) Buchbeitr\u00e4ge<\/strong><\/p>\n<p>Gramm, J. (2017). Belastung des Teams, Burn Out. In R. Sabatowski, B. O. Maier, C. Ostgathe, R. Rolke (Hrsg.), Palliativmedizin&nbsp;\u2013 1000 Fragen. Stuttgart: Georg Thieme.<\/p>\n<p>Berthold, D. (2011). Vom Glauben, Tun und Lassen in der Psychosozialen Praxis. In V.&nbsp;Begemann &amp; S. Rietmann (Hrsg.), Soziale Praxis gestalten. Orientierungen f\u00fcr ein gelingendes Handeln. Stuttgart: Kohlhammer.<\/p>\n<p><strong>(3) Zeitschriftenbeitr\u00e4ge<\/strong><\/p>\n<p>Gramm, J., Trachsel, M., Berthold, D. (2019). Psychotherapeutisches Arbeiten in Palliative Care. Verhaltenstherapie. 1-11. doi: 10.1159\/000504455.<\/p>\n<p>Gramm, J. &amp; Kiepke-Ziemes, S. (2019). Der Einsatz des Genogramms in der Palliativversorgung. Psychotherapie im Alter, 16(2<span class=\"st\">):167-178. doi: 10.30820\/1613-2637-2019-2-167<\/span><\/p>\n<p>Berthold, D. &amp; Gramm, J. (2019). Transferarbeit: Psychotherapeutische Interventionen am Lebensende. Psychotherapie im Dialog, 20(01), 32\u201336 doi:10.1055\/a-0644-6324<\/p>\n<p>Zwingmann, C., Berthold, D., Gramm, J. (2019). Dankschreiben an Palliativteams: Qualitative Analyse der Bed\u00fcrfnisse von Angeh\u00f6rigen. Zeitschrift f\u00fcr Palliativmedizin, 20, 313-321. doi: 10.1055\/a-0998-4711.<\/p>\n<p>Gramm, J. (2018). Tabuthema Tod bei Angeh\u00f6rigen. In dapo \u2013 Deutsche Arbeitsgemeinschaft f\u00fcr Psychosoziale Onkologie e.V., Schopperth, T., Franzkoch, C., Werner, A., Vollmer, T. (Hrsg.). Psychoonkologie \u2013 Sterben und Tod zwischen M\u00fcssen und Wollen. dapo-Jahrbuch 2018, 75\u201384.<\/p>\n<p>M\u00fcller, H., Berthold, D., Bommel, S., Bongard, S., Gramm, J., Hauch, H., Sibelius, U. (2017). Trauersensible Palliativ- und Hospizteams. Zeitschrift f\u00fcr Palliativmedizin, 18(06): 280-281. doi:10.1055\/s-0043-119594<\/p>\n<p>Gramm, J. (2017). Modelle multiprofessionellen Arbeitens. Leidfaden \u2013 Fachmagazin f\u00fcr Krisen, Leid, Trauer. 2, 41\u201348.<\/p>\n<p>M\u00fcnch, U. &amp; Gramm, J. (2017). Diagnose Anhaltende Trauerst\u00f6rung. Ausgrenzung des Ehrenamts in der Trauerbegleitung? Leidfaden \u2013 Fachmagazin f\u00fcr Krisen, Leid, Trauer. 2, 49\u201355.<\/p>\n<p>Gramm, J. (2017). Trauerst\u00f6rung \u2013 Wenn der Trauerfluss gest\u00f6rt ist. Zeitschrift f\u00fcr Palliativmedizin, 18(03), 137-143. doi:10.1055\/s-0043-106494<\/p>\n<p>Gramm, J. (2017). Palliativversorgung. Nervenheilkunde 36 (12), 993-996.<\/p>\n<p>Gramm, J. (2016). Palliativversorgung, Hospiz, Sterben. In Berufsverband Deutscher Psychologinnen und Psychologen e. V. (Hrsg.), Psychologie Gesellschaft Politik. \u00c4lter werden \u2013 gesund bleiben. Berlin: Deutscher Psychologen Verlag.<\/p>\n<p>Gramm, J. (2016). Palliativpsychologie. Ein pers\u00f6nlicher Bericht. Report Psychologie 10, 388\u2013390.<\/p>\n<p>M\u00fcnch, U., Gramm, J. &amp; Berthold, D. (2016). Mehr als Psychotherapie \u2013 Psychologisches Arbeiten in Palliative Care. Psychotherapie im Dialog, 17(01), 81\u201385 doi:10.1055\/s-0041-109273<\/p>\n<p>Berthold, D., Hofmann, L. &amp; Gramm, J. (2016). Spiritualit\u00e4t und Religiosit\u00e4t in der Weiterbildung von Psychologen in Palliative Care. Spiritual Care \u2013 Zeitschrift f\u00fcr Spiritualit\u00e4t in den Gesundheitsberufen, 5(1), 17\u201324. doi:10.1515\/spircare-2016-0004<\/p>\n<p>Gramm, J. (2016). Angst vor Ver\u00e4nderungen. pflegen: palliativ \u2013 F\u00fcr die professionelle Pflege unheilbar kranker und sterbender Menschen, 29, 22\u201325.<\/p>\n<p>Berthold, D. &amp; Gramm, J. (2015). Vom spirituellen Auftrag der Palliativpsychologie. Konzepte, Metaphern, Praxis. Wege zum Menschen, 67(5),&nbsp;583\u2013592. doi:10.13109\/weme.2015.67.6.583<\/p>\n<p>Berthold, D. (2014). Palliativpsychologie. Spiritualit\u00e4t als tragende S\u00e4ule eines klinisch-psychologischen Anwendungsfachs. Spiritual Care \u2013 Zeitschrift f\u00fcr Spiritualit\u00e4t in den Gesundheitsberufen, 3(3), 232\u2013240. doi:10.1515\/spircare-2014-0052<\/p>\n<p>Gramm,&nbsp;J.&nbsp;(2014).&nbsp;Systemische Therapie. L\u00e4sst der Konstruktivismus Raum f\u00fcr Spiritualit\u00e4t?&nbsp;Spiritual Care \u2013 Zeitschrift f\u00fcr Spiritualit\u00e4t in den Gesundheitsberufen, 3(3), 241\u2013248.<\/p>\n<p>Gramm,&nbsp;J. (2014). Palliative Care \u2013 Braucht es ein spezifisches Curriculum f\u00fcr Psychologen? Zeitschrift f\u00fcr Palliativmedizin, 14(5), 204\u2013209. doi:10.1055\/s-0034-1393900<\/p>\n<p>Schramm, A., Berthold, D., Weber, M. &amp; Gramm, J. (2014).&nbsp;\u201eDignity Therapy\u201c \u2013 Eine psychologische Kurzintervention zur St\u00e4rkung von W\u00fcrde am Lebensende.&nbsp;Zeitschrift f\u00fcr&nbsp;Palliativmedizin, 15(3), 99\u2013101. doi:10.1055\/s-0033-1362464<\/p>\n<p>Gramm,&nbsp;J. (2013).&nbsp;Kommunikation als Schl\u00fcssel zur Multiprofessionalit\u00e4t. Zeitschrift f\u00fcr Palliativmedizin, 14(3), 98\u201399. doi:10.1055\/s-0033-1335924<\/p>\n<p><strong>(4) Vortr\u00e4ge und Poster [Auswahl]<\/strong><\/p>\n<p>Gramm, J. &amp; Berthold, D. (2014)&nbsp;Psychologische und psychotherapeutische Interventionen am Lebensende. Poster, pr\u00e4sentiert auf dem 10. Kongress der Deutschen Gesellschaft f\u00fcr Palliativmedizin, D\u00fcsseldorf. <a href=\"http:\/\/www.palliativpsychologie.de\/wp-content\/uploads\/Pallintervent_Poster_klein.pdf\" target=\"_blank\" rel=\"noopener noreferrer\">\u00bb \u00f6ffnen<\/a><\/p>\n<p>Gramm, J., Mai, S., Alt, M. &amp; Berthold, D. (2014) Das Berufsbild der Palliativpsychologen &#8211; Selbstverst\u00e4ndnis und Fremdeinsch\u00e4tzung.&nbsp;Poster, pr\u00e4sentiert auf&nbsp;dem 10. Kongress der Deutschen Gesellschaft f\u00fcr Palliativmedizin, D\u00fcsseldorf. <a href=\"http:\/\/www.palliativpsychologie.de\/wp-content\/uploads\/Berufsbild_Pallipsy_Poster_klein.pdf\" target=\"_blank\" rel=\"noopener noreferrer\">\u00bb \u00f6ffnen<\/a><\/p>\n<p>Gramm, J. &amp; Berthold, D. (2014)&nbsp;Durchf\u00fchrung einer exemplarischen Studie im Rahmen der Vermittlung von Forschungspraxis in der Weiterbildung Palliative Care f\u00fcr Psychologen.&nbsp;Poster, pr\u00e4sentiert auf dem 10. Kongress der Deutschen Gesellschaft f\u00fcr Palliativmedizin, D\u00fcsseldorf. <a href=\"http:\/\/www.palliativpsychologie.de\/wp-content\/uploads\/Kursprojekt_Poster_klein.pdf\" target=\"_blank\" rel=\"noopener noreferrer\">\u00bb \u00f6ffnen<\/a><\/p>\n<p>Berthold, D., Gramm, J. &amp; Hofmann, L. (2012). Spiritualit\u00e4t und Religiosit\u00e4t in der psychoonkologischen Behandlung. Poster, pr\u00e4sentiert auf der 11. Jahrestagung der PSO \u2013 Arbeitsgemeinschaft f\u00fcr Psychoonkologie in der Deutschen Krebsgesellschaft, Hamburg. <a href=\"http:\/\/www.palliativpsychologie.de\/wp-content\/uploads\/SpirReli_Psychoonkologie_Poster_klein.pdf\" target=\"_blank\" rel=\"noopener noreferrer\">\u00bb \u00f6ffnen<\/a><\/p>\n<p>Gramm, J., Berthold, D. &amp; Hofmann, L. (2012). Reden \u00fcber Gott und die Welt. Spiritualit\u00e4t und Religiosit\u00e4t in der palliativpsychologischen Behandlung. Poster, pr\u00e4sentiert auf dem 9. Kongress der Deutschen Gesellschaft f\u00fcr Palliativmedizin, Berlin. <a href=\"http:\/\/www.palliativpsychologie.de\/wp-content\/uploads\/SpirReli_Palliativpsy_Poster_klein.pdf\" target=\"_blank\" rel=\"noopener noreferrer\">\u00bb \u00f6ffnen<\/a><\/p>\n<p><img loading=\"lazy\" decoding=\"async\" class=\"alignleft wp-image-3439\" style=\"border: 0px none; margin-left: -8px; margin-right: 0px;\" src=\"https:\/\/www.palliativpsychologie.de\/wp-content\/uploads\/Sammelband-PTPerspektiven.jpg\" alt=\"\" width=\"119\" height=\"176\"><\/p>\n<p><img loading=\"lazy\" decoding=\"async\" class=\"alignleft size-full wp-image-1738\" style=\"border: 0px; margin-left: 0px; margin-right: 0px;\" src=\"http:\/\/www.palliativpsychologie.de\/wp-content\/uploads\/Sterben_und_Gelassenheit_2.jpg\" alt=\"Sterben_und_Gelassenheit\" width=\"106\" height=\"176\"><\/p>\n<p><img loading=\"lazy\" decoding=\"async\" class=\"alignleft size-full wp-image-837\" style=\"border: 0px none; margin-left: -8px; margin-right: 0px;\" title=\"Soziale_Praxis\" src=\"http:\/\/www.palliativpsychologie.de\/wp-content\/uploads\/Soziale_Praxis2.jpg\" alt=\"\" width=\"117\" height=\"176\"><\/p>\n<p><img loading=\"lazy\" decoding=\"async\" class=\"alignleft wp-image-838\" style=\"border: 0px; margin-left: 0px; margin-right: 0px;\" title=\"Psychologie_und_Palliative_Care\" src=\"http:\/\/www.palliativpsychologie.de\/wp-content\/uploads\/Psychologie_und_Palliative_Care2.jpg\" alt=\"\" width=\"117\" height=\"176\"><\/p>\n\n\n<p><\/p>\n","protected":false},"excerpt":{"rendered":"<p>(1) B\u00fccher und Herausgeberschaften Weber, J. &amp; Berthold, D. (2020). Am Lebensende zu sich selbst finden. Methoden zur St\u00e4rkung des Selbstzugangs von Schwerstkranken, Angeh\u00f6rigen und Begleitern. G\u00f6ttingen: Hogrefe. Berthold, D., Gramm, J., Gaspar, M., Sibelius, U. (Hrsg.). (2017). Psychotherapeutische Perspektiven &hellip; <a href=\"https:\/\/www.palliativpsychologie.de\/?page_id=198\">Weiterlesen <span class=\"meta-nav\">&rarr;<\/span><\/a><\/p>\n","protected":false},"author":1,"featured_media":0,"parent":0,"menu_order":0,"comment_status":"closed","ping_status":"closed","template":"sidebar-page.php","meta":{"footnotes":""},"class_list":["post-198","page","type-page","status-publish","hentry"],"_links":{"self":[{"href":"https:\/\/www.palliativpsychologie.de\/index.php?rest_route=\/wp\/v2\/pages\/198","targetHints":{"allow":["GET"]}}],"collection":[{"href":"https:\/\/www.palliativpsychologie.de\/index.php?rest_route=\/wp\/v2\/pages"}],"about":[{"href":"https:\/\/www.palliativpsychologie.de\/index.php?rest_route=\/wp\/v2\/types\/page"}],"author":[{"embeddable":true,"href":"https:\/\/www.palliativpsychologie.de\/index.php?rest_route=\/wp\/v2\/users\/1"}],"replies":[{"embeddable":true,"href":"https:\/\/www.palliativpsychologie.de\/index.php?rest_route=%2Fwp%2Fv2%2Fcomments&post=198"}],"version-history":[{"count":105,"href":"https:\/\/www.palliativpsychologie.de\/index.php?rest_route=\/wp\/v2\/pages\/198\/revisions"}],"predecessor-version":[{"id":3604,"href":"https:\/\/www.palliativpsychologie.de\/index.php?rest_route=\/wp\/v2\/pages\/198\/revisions\/3604"}],"wp:attachment":[{"href":"https:\/\/www.palliativpsychologie.de\/index.php?rest_route=%2Fwp%2Fv2%2Fmedia&parent=198"}],"curies":[{"name":"wp","href":"https:\/\/api.w.org\/{rel}","templated":true}]}}