{"id":1914,"date":"2013-10-04T22:57:01","date_gmt":"2013-10-04T20:57:01","guid":{"rendered":"http:\/\/www.palliativpsychologie.de\/?page_id=1914"},"modified":"2018-04-04T18:38:23","modified_gmt":"2018-04-04T16:38:23","slug":"kill-me-please","status":"publish","type":"page","link":"https:\/\/www.palliativpsychologie.de\/?page_id=1914","title":{"rendered":"Kill me please"},"content":{"rendered":"<div class='AlphabeticList'><a href='https:\/\/www.palliativpsychologie.de\/?page_id=1757#B'>B<\/a> <a href='https:\/\/www.palliativpsychologie.de\/?page_id=1757#E'>E<\/a> <a href='https:\/\/www.palliativpsychologie.de\/?page_id=1757#H'>H<\/a> <a href='https:\/\/www.palliativpsychologie.de\/?page_id=1757#N'>N<\/a> <a href='https:\/\/www.palliativpsychologie.de\/?page_id=1757#O'>O<\/a> <a href='https:\/\/www.palliativpsychologie.de\/?page_id=1757#S'>S<\/a> <\/div><p>2010<br \/>\nRegie: Olias Barco<br \/>\nDarsteller: Aur\u00e9lien Recoing, Virginie Efira, Beno\u00eet Poelvoorde<\/p>\n<p><strong>Kennen Sie die sozialen Kosten des Suizids? <\/strong><\/p>\n<p>Schwarzer Humor in schwarz-wei\u00df. Ziemlich b\u00f6se sind die skurrilen Szenen, wenn die Klinikg\u00e4ste, die sich zum \u00e4rztlich assistierten Suizid eingefunden haben, in Todesangst um ihr Leben rennen, als &#8211; au\u00dferplanm\u00e4\u00dfig &#8211; auf sie geschossen wird. Und dann gibt es da einen richtig sch\u00f6nen Bilderbuchtod: Sterben mit Champus mitten im Liebesspiel und voller W\u00fcrde. Und auch der Exzentriker, der seinen Abgang am liebsten v\u00f6llig w\u00fcrdelos wie in einem Rambo-Film inszeniert haben m\u00f6chte, kommt am Ende auf seine Kosten. Irgendwie hat das ja dann doch auch mit W\u00fcrde zu tun, oder?<\/p>\n<p>Aber das Beste: Der Arzt wirkt richtig echt. Man meint, man h\u00e4tte einen Kollegen exakt diese Worte bei einem Vortrag oder einer Fernsehdiskussion sagen h\u00f6ren. Genau so wird f\u00fcr aktive Sterbehilfe geworben. Ethisch korrekt. Weil: wer dem Leben nur entfliehen will, psychisch krank ist, dem wird das erl\u00f6sende Gift nicht gew\u00e4hrt. Der muss dann doch zum Messer greifen und sich die Pulsadern aufschlitzen, womit das Klinikpersonal so gar nicht zurecht kommt. Und der Arzt freut sich aufrichtig, wenn jemand wieder ins Leben findet. Der Mann hat also gute Absichten. Doch, wirklich. Eine Gesellschaft verliert n\u00e4mlich eine Menge Geld, wenn sich jemand vorzeitig das Leben nimmt (Ausfall einer Arbeitskraft, eines Konsumenten, eines Steuerzahlers etc). Da ist es doch recht und billig, wenn man da ein wenig von dem Geld wieder ins Gesundheitssystem zur\u00fcckf\u00fchrt&#8230;<\/p>\n<p>Trotzdem: Ein gewollt sarkastischer Film, der etwas krampfhaft Boshaftigkeiten und menschlichen Abgr\u00fcnden nachgeht ohne dabei wirklich in die Tiefe zu gehen. Und auch nur ab und an eher ein b\u00f6ses L\u00e4cheln hervorruft als herzhaftes Lachen, denn dazu ist er nicht herz-haft genug. Olias Barco ist halt auch kein Brite (vgl. <a href=\"https:\/\/www.palliativpsychologie.de\/?page_id=1772\">Sterben f\u00fcr Anf\u00e4nger<\/a>).<br \/>\nWenn&#8217;s wirklich stimmt, dass der Regisseur den Film gemacht hat, um aus einer depressiven Krise herauszukommen, dann hat das ihm hoffentlich besser getan als dem Film.<\/p>\n<p style=\"text-align: right;\">(Jan Gramm)<\/p>\n<p><a href=\"http:\/\/www.palliativpsychologie.de\/wp-content\/uploads\/Kill-Me-Please.jpg\" target=\"_blank\" rel=\"noopener\"><img loading=\"lazy\" decoding=\"async\" class=\" wp-image-1915 alignleft\" src=\"http:\/\/www.palliativpsychologie.de\/wp-content\/uploads\/Kill-Me-Please.jpg\" alt=\"Kill Me Please\" width=\"127\" height=\"180\" srcset=\"https:\/\/www.palliativpsychologie.de\/wp-content\/uploads\/Kill-Me-Please.jpg 352w, https:\/\/www.palliativpsychologie.de\/wp-content\/uploads\/Kill-Me-Please-211x300.jpg 211w\" sizes=\"auto, (max-width: 127px) 100vw, 127px\" \/><\/a><\/p>\n<p>Bewertung: <span style=\"color: #0081ab;\"><strong>*<\/strong><\/span><span style=\"color: #dddddd;\">****<\/span><br \/>\nMuss nicht sein.<\/p>\n<p>&nbsp;<\/p>\n<p>&nbsp;<\/p>\n<p>&nbsp;<\/p>\n<p>&nbsp;<\/p>\n<p>&nbsp;<\/p>\n<hr \/>\n<p style=\"text-align: right;\"><a href=\"https:\/\/www.palliativpsychologie.de\/?page_id=1757\">&lt;&lt; zur\u00fcck zur \u00dcbersicht<\/a><\/p>\n","protected":false},"excerpt":{"rendered":"<p>B E H N O S 2010 Regie: Olias Barco Darsteller: Aur\u00e9lien Recoing, Virginie Efira, Beno\u00eet Poelvoorde Kennen Sie die sozialen Kosten des Suizids? Schwarzer Humor in schwarz-wei\u00df. Ziemlich b\u00f6se sind die skurrilen Szenen, wenn die Klinikg\u00e4ste, die sich zum &hellip; <a href=\"https:\/\/www.palliativpsychologie.de\/?page_id=1914\">Weiterlesen <span class=\"meta-nav\">&rarr;<\/span><\/a><\/p>\n","protected":false},"author":1,"featured_media":0,"parent":1757,"menu_order":0,"comment_status":"closed","ping_status":"closed","template":"sidebar-page.php","meta":{"footnotes":""},"class_list":["post-1914","page","type-page","status-publish","hentry"],"_links":{"self":[{"href":"https:\/\/www.palliativpsychologie.de\/index.php?rest_route=\/wp\/v2\/pages\/1914","targetHints":{"allow":["GET"]}}],"collection":[{"href":"https:\/\/www.palliativpsychologie.de\/index.php?rest_route=\/wp\/v2\/pages"}],"about":[{"href":"https:\/\/www.palliativpsychologie.de\/index.php?rest_route=\/wp\/v2\/types\/page"}],"author":[{"embeddable":true,"href":"https:\/\/www.palliativpsychologie.de\/index.php?rest_route=\/wp\/v2\/users\/1"}],"replies":[{"embeddable":true,"href":"https:\/\/www.palliativpsychologie.de\/index.php?rest_route=%2Fwp%2Fv2%2Fcomments&post=1914"}],"version-history":[{"count":9,"href":"https:\/\/www.palliativpsychologie.de\/index.php?rest_route=\/wp\/v2\/pages\/1914\/revisions"}],"predecessor-version":[{"id":3434,"href":"https:\/\/www.palliativpsychologie.de\/index.php?rest_route=\/wp\/v2\/pages\/1914\/revisions\/3434"}],"up":[{"embeddable":true,"href":"https:\/\/www.palliativpsychologie.de\/index.php?rest_route=\/wp\/v2\/pages\/1757"}],"wp:attachment":[{"href":"https:\/\/www.palliativpsychologie.de\/index.php?rest_route=%2Fwp%2Fv2%2Fmedia&parent=1914"}],"curies":[{"name":"wp","href":"https:\/\/api.w.org\/{rel}","templated":true}]}}