{"id":1808,"date":"2013-09-21T19:40:19","date_gmt":"2013-09-21T17:40:19","guid":{"rendered":"http:\/\/www.palliativpsychologie.de\/?page_id=1808"},"modified":"2023-03-27T10:27:54","modified_gmt":"2023-03-27T08:27:54","slug":"gfk-gewaltfreie-kommunikation","status":"publish","type":"page","link":"https:\/\/www.palliativpsychologie.de\/?page_id=1808","title":{"rendered":"Kommunikation"},"content":{"rendered":"<p>An dieser Stelle finden Sie verschiedene Handouts, \u00dcbungsbl\u00e4tter, Grafiken vor allem zur <strong>Gewaltfreien Kommunikation nach Marshall B. Rosenberg<\/strong> (GfK). Eine n\u00e4here Erkl\u00e4rung dieser Methode finden Sie im <a title=\"Glossar - GfK\" href=\"http:\/\/www.palliativpsychologie.de\/?page_id=1462\">Glossar<\/a>.<\/p>\n<p>Ein kurzes Handout zum <a href=\"http:\/\/www.palliativpsychologie.de\/wp-content\/uploads\/GfK_DasGrundmodell1.pdf\" target=\"_blank\" rel=\"noopener\">GfK-Grundmodell <\/a>(PDF)<\/p>\n<p>Sehr hilfreich ist die differenzierte Betrachtung von Gef\u00fchlen in der GfK:<br \/>\n<a href=\"http:\/\/www.palliativpsychologie.de\/wp-content\/uploads\/GfK_Wortlisten.pdf\" target=\"_blank\" rel=\"noopener\">GfK-Wortlisten<\/a> (PDF)<\/p>\n<p>Bei der Vermittlung der GfK ist es hilfreich die 4 Schritte als Karten an die Wand zu pinnen oder auf dem Boden auszulegen. Hierf\u00fcr ist es sinnvoll, die Karten zu laminieren. Folgende Druckvorlagen sind im DIN A4-Format angelegt:<\/p>\n<p>Die 4 Schritte als schwarz\/wei\u00df-Ausdruck. Didaktisch vorteilhaft ist der Ausdruck auf buntes Papier (gibt&#8217;s in jedem Copyshop): Beobachtung &#8211; blau, Gef\u00fchl &#8211; orange, Bed\u00fcrfnis &#8211; gelb, Bitte &#8211; gr\u00fcn, Bewertungen\/Beschuldigungen und Schl\u00fcsselunterscheidungen &#8211; rot<\/p>\n<ul>\n<li><a href=\"http:\/\/www.palliativpsychologie.de\/wp-content\/uploads\/GfK_4SchritteICH_Symbole.pdf\" target=\"_blank\" rel=\"noopener\">Die 4 Schritte in Bezug auf mich<\/a><a href=\"http:\/\/www.palliativpsychologie.de\/wp-content\/uploads\/GfK_4Schritte_BodenKarten.jpg\" target=\"_blank\" rel=\"noopener\"><img loading=\"lazy\" decoding=\"async\" class=\"wp-image-1893 alignright\" src=\"http:\/\/www.palliativpsychologie.de\/wp-content\/uploads\/GfK_4Schritte_BodenKarten.jpg\" alt=\"GfK_4Schritte_BodenKarten\" width=\"288\" height=\"230\" \/><\/a><\/li>\n<li><a href=\"http:\/\/www.palliativpsychologie.de\/wp-content\/uploads\/GfK_4SchritteDU_Symbole.pdf\" target=\"_blank\" rel=\"noopener\">Die 4 Schritte in Bezug auf den anderen<\/a><\/li>\n<li><a href=\"http:\/\/www.palliativpsychologie.de\/wp-content\/uploads\/GfK_DanceFloor.pdf\" target=\"_blank\" rel=\"noopener\">Die 4 Schritte zur Selbstkl\u00e4rung (Dance Floor)<\/a><\/li>\n<li><a href=\"http:\/\/www.palliativpsychologie.de\/wp-content\/uploads\/GfK_4SchritteSchluesselunterscheidungen_Symbole.pdf\" target=\"_blank\" rel=\"noopener\">Die 4 Schl\u00fcsselunterscheidungen<\/a><\/li>\n<\/ul>\n<p>Die 4 GfK-Schritte in farbiger Schrift (auf wei\u00dfem Papier auszudrucken)<\/p>\n<ul>\n<li><a href=\"http:\/\/www.palliativpsychologie.de\/wp-content\/uploads\/GfK_4SchritteICH_SymboleFarbe.pdf\" target=\"_blank\" rel=\"noopener\">Die 4 Schritte in Bezug auf mich<\/a><\/li>\n<li><a href=\"http:\/\/www.palliativpsychologie.de\/wp-content\/uploads\/GfK_4SchritteDU_SymboleFarbe.pdf\" target=\"_blank\" rel=\"noopener\">Die 4 Schritte in Bezug auf den anderen<\/a><\/li>\n<li><a href=\"http:\/\/www.palliativpsychologie.de\/wp-content\/uploads\/GfK_DanceFloor_Farbe.pdf\" target=\"_blank\" rel=\"noopener\">Die 4 Schritte zur Selbstkl\u00e4rung (Dance Floor)<\/a><\/li>\n<li><a href=\"http:\/\/www.palliativpsychologie.de\/wp-content\/uploads\/GfK_4SchritteSchluesselunterscheidungen_SymboleFarbe.pdf\" target=\"_blank\" rel=\"noopener\">Die 4 Schl\u00fcsselunterscheidungen<\/a><\/li>\n<\/ul>\n<p>Sehr verbreitet ist der Einsatz von Giraffen und W\u00f6lfen zur Verbildlichung von Einf\u00fchlsamer vs. Bewertender Kommunikation. Es ist dann beispielsweise von Giraffen- und Wolfsohren die Rede. Wer GfK lieber vegetarisch genie\u00dfen m\u00f6chte, findet hier eine alternative Darstellung:<\/p>\n<ul>\n<li><a href=\"http:\/\/www.palliativpsychologie.de\/wp-content\/uploads\/GfK_4Ohren.pdf\" target=\"_blank\" rel=\"noopener\">Die 4 GfK-Ohren<\/a> (PDF)<a href=\"https:\/\/www.palliativpsychologie.de\/wp-content\/uploads\/GfK_4Ohren.jpg\" target=\"_blank\" rel=\"noopener\"><img loading=\"lazy\" decoding=\"async\" class=\"alignright wp-image-1879\" src=\"http:\/\/www.palliativpsychologie.de\/wp-content\/uploads\/GfK_4Ohren.jpg\" alt=\"GfK_4Ohren\" width=\"259\" height=\"165\" srcset=\"https:\/\/www.palliativpsychologie.de\/wp-content\/uploads\/GfK_4Ohren.jpg 1369w, https:\/\/www.palliativpsychologie.de\/wp-content\/uploads\/GfK_4Ohren-300x191.jpg 300w, https:\/\/www.palliativpsychologie.de\/wp-content\/uploads\/GfK_4Ohren-1024x652.jpg 1024w, https:\/\/www.palliativpsychologie.de\/wp-content\/uploads\/GfK_4Ohren-470x300.jpg 470w\" sizes=\"auto, (max-width: 259px) 100vw, 259px\" \/><\/a><\/li>\n<li><a href=\"http:\/\/www.palliativpsychologie.de\/wp-content\/uploads\/GfK_4Ohren.jpg\" target=\"_blank\" rel=\"noopener\">Die 4 GfK-Ohren<\/a> (JPG)<\/li>\n<\/ul>\n<p>Und falls Sie die Bilder einzeln irgendwo reinbasteln wollen &#8211; hier die Ohren separat:<\/p>\n<ul>\n<li><a href=\"http:\/\/www.palliativpsychologie.de\/wp-content\/uploads\/GfK_4OhrenSchuld_aussen.jpg\" target=\"_blank\" rel=\"noopener\">Schuld-Ohren nach au\u00dfen<\/a> (JPG)<\/li>\n<li><a href=\"http:\/\/www.palliativpsychologie.de\/wp-content\/uploads\/GfK_4OhrenSchuld_innen.jpg\" target=\"_blank\" rel=\"noopener\">Schuld-Ohren nach innen<\/a> (JPG)<\/li>\n<li><a href=\"http:\/\/www.palliativpsychologie.de\/wp-content\/uploads\/GfK_4OhrenEmpathie_aussen.jpg\" target=\"_blank\" rel=\"noopener\">Empathie-Ohren nach au\u00dfen<\/a> (JPG)<\/li>\n<li><a href=\"http:\/\/www.palliativpsychologie.de\/wp-content\/uploads\/GfK_4OhrenEmpathie_innen.jpg\" target=\"_blank\" rel=\"noopener\">Emapathie-Ohren nach innen<\/a> (JPG)<\/li>\n<\/ul>\n<p>Gute Skripte zur GfK gibt es beispielsweise beim <a href=\"https:\/\/ssl-id.de\/gewaltfreiforum.de\/artikel.php?includ=artikel\/artikelinfo.php\" target=\"_blank\" rel=\"noopener\">forum gewaltfreie kommunikation berlin<\/a> (von Klaus-Dieter Gens).<\/p>\n","protected":false},"excerpt":{"rendered":"<p>An dieser Stelle finden Sie verschiedene Handouts, \u00dcbungsbl\u00e4tter, Grafiken vor allem zur Gewaltfreien Kommunikation nach Marshall B. Rosenberg (GfK). Eine n\u00e4here Erkl\u00e4rung dieser Methode finden Sie im Glossar. Ein kurzes Handout zum GfK-Grundmodell (PDF) Sehr hilfreich ist die differenzierte Betrachtung &hellip; <a href=\"https:\/\/www.palliativpsychologie.de\/?page_id=1808\">Weiterlesen <span class=\"meta-nav\">&rarr;<\/span><\/a><\/p>\n","protected":false},"author":1,"featured_media":0,"parent":1359,"menu_order":3,"comment_status":"closed","ping_status":"closed","template":"sidebar-page.php","meta":{"footnotes":""},"class_list":["post-1808","page","type-page","status-publish","hentry"],"_links":{"self":[{"href":"https:\/\/www.palliativpsychologie.de\/index.php?rest_route=\/wp\/v2\/pages\/1808","targetHints":{"allow":["GET"]}}],"collection":[{"href":"https:\/\/www.palliativpsychologie.de\/index.php?rest_route=\/wp\/v2\/pages"}],"about":[{"href":"https:\/\/www.palliativpsychologie.de\/index.php?rest_route=\/wp\/v2\/types\/page"}],"author":[{"embeddable":true,"href":"https:\/\/www.palliativpsychologie.de\/index.php?rest_route=\/wp\/v2\/users\/1"}],"replies":[{"embeddable":true,"href":"https:\/\/www.palliativpsychologie.de\/index.php?rest_route=%2Fwp%2Fv2%2Fcomments&post=1808"}],"version-history":[{"count":27,"href":"https:\/\/www.palliativpsychologie.de\/index.php?rest_route=\/wp\/v2\/pages\/1808\/revisions"}],"predecessor-version":[{"id":3792,"href":"https:\/\/www.palliativpsychologie.de\/index.php?rest_route=\/wp\/v2\/pages\/1808\/revisions\/3792"}],"up":[{"embeddable":true,"href":"https:\/\/www.palliativpsychologie.de\/index.php?rest_route=\/wp\/v2\/pages\/1359"}],"wp:attachment":[{"href":"https:\/\/www.palliativpsychologie.de\/index.php?rest_route=%2Fwp%2Fv2%2Fmedia&parent=1808"}],"curies":[{"name":"wp","href":"https:\/\/api.w.org\/{rel}","templated":true}]}}