{"id":1787,"date":"2013-09-21T15:47:43","date_gmt":"2013-09-21T13:47:43","guid":{"rendered":"http:\/\/www.palliativpsychologie.de\/?page_id=1787"},"modified":"2018-04-04T18:36:02","modified_gmt":"2018-04-04T16:36:02","slug":"harold-and-maude","status":"publish","type":"page","link":"https:\/\/www.palliativpsychologie.de\/?page_id=1787","title":{"rendered":"Harold and Maude"},"content":{"rendered":"<div class='AlphabeticList'><a href='https:\/\/www.palliativpsychologie.de\/?page_id=1757#B'>B<\/a> <a href='https:\/\/www.palliativpsychologie.de\/?page_id=1757#E'>E<\/a> <a href='https:\/\/www.palliativpsychologie.de\/?page_id=1757#K'>K<\/a> <a href='https:\/\/www.palliativpsychologie.de\/?page_id=1757#N'>N<\/a> <a href='https:\/\/www.palliativpsychologie.de\/?page_id=1757#O'>O<\/a> <a href='https:\/\/www.palliativpsychologie.de\/?page_id=1757#S'>S<\/a> <\/div><p>1971<br \/>\nRegie: Hal Ashby<br \/>\nDarsteller: Bud Cort, Ruth Gordon, Vivian Pickles<\/p>\n<p><strong>If you want to sing out, sing out and if you want to be free, be free <\/strong><\/p>\n<p>Harold ist Sohn einer reichen egozentrischen Witwe und hat noch nicht so recht ins Leben gefunden. Seit er herausgefunden hat, dass seine Mutter ihre Liebe zu ihm dann zeigen kann, wenn sie von seinem Tod h\u00f6rt, inszeniert er Selbstmorde. Au\u00dferdem hat er eine Affinit\u00e4t zu Leichenwagen und geht gerne auf Beerdigungen.<\/p>\n<p>Auf dem Friedhof lernt er dann auch Maude kennen, die kurz vor ihrem 80sten Geburtstag steht, die Schrecken des Konzentrationslagers kennt und deshalb durch und durch auf anarchistische Weise dem Leben zugewandt ist: sie kennt keine Autorit\u00e4t, keinen Besitz, keine Einschr\u00e4nkung durch Moralgesetze. Sie lebt auf totale Weise: spontan, ganz im Moment, ganz individuell.<\/p>\n<p>Mit ihrer Krativit\u00e4t und Sinnlichkeit, mit ihrer ansteckenden Lebensfreude zeigt sie Harold den Weg ins Leben. Insofern ist es weniger ein Film \u00fcber Tod und Sterben, sondern \u00fcber das Leben.<\/p>\n<p>Aber weil Maude wirklich gelebt hat, kann sie auch sterben. Und zwar jederzeit. Sie h\u00e4lt an nichts fest, weil sie in jedem Augenblick ganz dem Leben verbunden ist. Und weil sie der Meinung ist, dass 80 Jahre genug sind, hat sie beschlossen, an ihrem 80sten Geburtstag aus dem Leben zu scheiden.<\/p>\n<p>Ein Klassiker, den man immer wieder anschauen kann. Die Filmmusik stammt von Cat Stevens (heute Yusuf Islam).<\/p>\n<p align=\"right\">(Jan Gramm)<\/p>\n<p><a href=\"http:\/\/www.palliativpsychologie.de\/wp-content\/uploads\/Harold-und-Maude.jpg\" target=\"_blank\"><img loading=\"lazy\" decoding=\"async\" class=\"alignleft\" alt=\"Harold und Maude\" src=\"http:\/\/www.palliativpsychologie.de\/wp-content\/uploads\/Harold-und-Maude.jpg\" width=\"104\" height=\"148\" \/><\/a>Bewertung: <span style=\"color: #0081ab;\"><strong>****<\/strong><\/span><span style=\"color: #dddddd;\">*<\/span><br \/>\nImmer wieder sch\u00f6n.<\/p>\n<p>&nbsp;<\/p>\n<p>&nbsp;<\/p>\n<p>&nbsp;<\/p>\n<p>&nbsp;<\/p>\n<hr \/>\n<p style=\"text-align: right;\"><a href=\"https:\/\/www.palliativpsychologie.de\/?page_id=1757\">&lt;&lt; zur\u00fcck zur \u00dcbersicht<\/a><\/p>\n","protected":false},"excerpt":{"rendered":"<p>B E K N O S 1971 Regie: Hal Ashby Darsteller: Bud Cort, Ruth Gordon, Vivian Pickles If you want to sing out, sing out and if you want to be free, be free Harold ist Sohn einer reichen egozentrischen &hellip; <a href=\"https:\/\/www.palliativpsychologie.de\/?page_id=1787\">Weiterlesen <span class=\"meta-nav\">&rarr;<\/span><\/a><\/p>\n","protected":false},"author":1,"featured_media":0,"parent":1757,"menu_order":0,"comment_status":"closed","ping_status":"closed","template":"sidebar-page.php","meta":{"footnotes":""},"class_list":["post-1787","page","type-page","status-publish","hentry"],"_links":{"self":[{"href":"https:\/\/www.palliativpsychologie.de\/index.php?rest_route=\/wp\/v2\/pages\/1787","targetHints":{"allow":["GET"]}}],"collection":[{"href":"https:\/\/www.palliativpsychologie.de\/index.php?rest_route=\/wp\/v2\/pages"}],"about":[{"href":"https:\/\/www.palliativpsychologie.de\/index.php?rest_route=\/wp\/v2\/types\/page"}],"author":[{"embeddable":true,"href":"https:\/\/www.palliativpsychologie.de\/index.php?rest_route=\/wp\/v2\/users\/1"}],"replies":[{"embeddable":true,"href":"https:\/\/www.palliativpsychologie.de\/index.php?rest_route=%2Fwp%2Fv2%2Fcomments&post=1787"}],"version-history":[{"count":7,"href":"https:\/\/www.palliativpsychologie.de\/index.php?rest_route=\/wp\/v2\/pages\/1787\/revisions"}],"predecessor-version":[{"id":3432,"href":"https:\/\/www.palliativpsychologie.de\/index.php?rest_route=\/wp\/v2\/pages\/1787\/revisions\/3432"}],"up":[{"embeddable":true,"href":"https:\/\/www.palliativpsychologie.de\/index.php?rest_route=\/wp\/v2\/pages\/1757"}],"wp:attachment":[{"href":"https:\/\/www.palliativpsychologie.de\/index.php?rest_route=%2Fwp%2Fv2%2Fmedia&parent=1787"}],"curies":[{"name":"wp","href":"https:\/\/api.w.org\/{rel}","templated":true}]}}