{"id":1772,"date":"2013-09-21T14:44:50","date_gmt":"2013-09-21T12:44:50","guid":{"rendered":"http:\/\/www.palliativpsychologie.de\/?page_id=1772"},"modified":"2018-04-04T18:40:12","modified_gmt":"2018-04-04T16:40:12","slug":"sterben-fur-anfanger","status":"publish","type":"page","link":"https:\/\/www.palliativpsychologie.de\/?page_id=1772","title":{"rendered":"Sterben f\u00fcr Anf\u00e4nger"},"content":{"rendered":"<div class='AlphabeticList'><a href='https:\/\/www.palliativpsychologie.de\/?page_id=1757#B'>B<\/a> <a href='https:\/\/www.palliativpsychologie.de\/?page_id=1757#E'>E<\/a> <a href='https:\/\/www.palliativpsychologie.de\/?page_id=1757#H'>H<\/a> <a href='https:\/\/www.palliativpsychologie.de\/?page_id=1757#K'>K<\/a> <a href='https:\/\/www.palliativpsychologie.de\/?page_id=1757#N'>N<\/a> <a href='https:\/\/www.palliativpsychologie.de\/?page_id=1757#O'>O<\/a> <a href='https:\/\/www.palliativpsychologie.de\/?page_id=1757#S'>S<\/a> <\/div><p>2007<br \/>\nRegie: Frank Oz<br \/>\nDarsteller: Matthew MacFadyen, Rupert Graves, Ewen Bremner, Alan Tudyk<\/p>\n<p><strong>Mein Vater war ein au\u00dfergew\u00f6hnlicher Mann. Oder: Warum ist das so verdammt gr\u00fcn hier! <\/strong><\/p>\n<p>Briten haben einfach einen guten Humor: Die Rahmenhandlung &#8211; eine Beerdigung. Erst liegt die falsche Leiche im Sarg, dann glaubt einer, dass sich der Sarg bewege, worauf ein Tumult entsteht und die Leiche direkt vor die F\u00fc\u00dfe der Witwe kullert und sp\u00e4ter bewegt sich der Sarg dann wirklich. Au\u00dferdem gibt es einen braven B\u00fcrger, der aus Versehen einen Cocktail aus psychedelischen Drogen einnimmt und eine etwas andere Beerdigung erlebt. Und wunderbar, wie ein seltsamer Gast prek\u00e4re Geheimnisse enth\u00fcllt. Und wie ein Hypochonder unbedingt einen Arzt auf diese seltsamen Flecken an seinem Handgelenk ansprechen muss (wobei das wahrscheinlich leider ganz und gar nicht unrealistisch ist). Und dann gibt es viele weitere Exzentriker, wie etwa Onkel Alfie &#8211; sehr unterhaltsam und very British.<\/p>\n<p>Und vor allem dann sind da noch die zwei grundverschiedenen Br\u00fcder: Der erfolgreiche von allen bewunderte Autor und der unscheinbare zur\u00fcckhaltende Verlierertyp, der einige Male stotternd ansetzt, um die Grabrede f\u00fcr seinen verstorbenen Vater vorzulesen. Eine Panne jagt die andere und schlie\u00dflich l\u00e4uft die ganze Beerdigung v\u00f6llig aus dem Ruder.<\/p>\n<p>Aber es ist eben nicht nur ein sehr komischer Film, sondern auch einer mit Herz. Und deshalb ergreift der unscheinbare und zur\u00fcckhaltende Sohn am Ende dann doch das Wort und rettet die desastr\u00f6se Situation, indem er frei aus dem Herzen spricht. Und so gibt er seinem Vater und damit der ganzen Beerdigungsgesellschaft wieder die W\u00fcrde zur\u00fcck.<\/p>\n<p style=\"text-align: right;\">(Jan Gramm)<\/p>\n<p><a href=\"http:\/\/www.palliativpsychologie.de\/wp-content\/uploads\/Sterben-f\u00fcr-Anfaenger.jpg\" target=\"_blank\"><img loading=\"lazy\" decoding=\"async\" class=\" wp-image-1802 alignleft\" alt=\"Sterben f\u00fcr Anfaenger\" src=\"http:\/\/www.palliativpsychologie.de\/wp-content\/uploads\/Sterben-f\u00fcr-Anfaenger.jpg\" width=\"102\" height=\"143\" \/><\/a>Bewertung: <span style=\"color: #0081ab;\"><strong>\u2020 \u2020 \u2020 \u2020 \u2020<\/strong><\/span><br \/>\nUnbedingt ansehen.<\/p>\n<p>&nbsp;<\/p>\n<p>&nbsp;<\/p>\n<p>&nbsp;<\/p>\n<p>&nbsp;<\/p>\n<hr \/>\n<p style=\"text-align: right;\"><a href=\"https:\/\/www.palliativpsychologie.de\/?page_id=1757\">&lt;&lt; zur\u00fcck zur \u00dcbersicht<\/a><\/p>\n","protected":false},"excerpt":{"rendered":"<p>B E H K N O S 2007 Regie: Frank Oz Darsteller: Matthew MacFadyen, Rupert Graves, Ewen Bremner, Alan Tudyk Mein Vater war ein au\u00dfergew\u00f6hnlicher Mann. Oder: Warum ist das so verdammt gr\u00fcn hier! Briten haben einfach einen guten Humor: &hellip; <a href=\"https:\/\/www.palliativpsychologie.de\/?page_id=1772\">Weiterlesen <span class=\"meta-nav\">&rarr;<\/span><\/a><\/p>\n","protected":false},"author":1,"featured_media":0,"parent":1757,"menu_order":0,"comment_status":"closed","ping_status":"closed","template":"sidebar-page.php","meta":{"footnotes":""},"class_list":["post-1772","page","type-page","status-publish","hentry"],"_links":{"self":[{"href":"https:\/\/www.palliativpsychologie.de\/index.php?rest_route=\/wp\/v2\/pages\/1772","targetHints":{"allow":["GET"]}}],"collection":[{"href":"https:\/\/www.palliativpsychologie.de\/index.php?rest_route=\/wp\/v2\/pages"}],"about":[{"href":"https:\/\/www.palliativpsychologie.de\/index.php?rest_route=\/wp\/v2\/types\/page"}],"author":[{"embeddable":true,"href":"https:\/\/www.palliativpsychologie.de\/index.php?rest_route=\/wp\/v2\/users\/1"}],"replies":[{"embeddable":true,"href":"https:\/\/www.palliativpsychologie.de\/index.php?rest_route=%2Fwp%2Fv2%2Fcomments&post=1772"}],"version-history":[{"count":11,"href":"https:\/\/www.palliativpsychologie.de\/index.php?rest_route=\/wp\/v2\/pages\/1772\/revisions"}],"predecessor-version":[{"id":3436,"href":"https:\/\/www.palliativpsychologie.de\/index.php?rest_route=\/wp\/v2\/pages\/1772\/revisions\/3436"}],"up":[{"embeddable":true,"href":"https:\/\/www.palliativpsychologie.de\/index.php?rest_route=\/wp\/v2\/pages\/1757"}],"wp:attachment":[{"href":"https:\/\/www.palliativpsychologie.de\/index.php?rest_route=%2Fwp%2Fv2%2Fmedia&parent=1772"}],"curies":[{"name":"wp","href":"https:\/\/api.w.org\/{rel}","templated":true}]}}