{"id":1769,"date":"2013-09-21T14:41:04","date_gmt":"2013-09-21T12:41:04","guid":{"rendered":"http:\/\/www.palliativpsychologie.de\/?page_id=1769"},"modified":"2018-04-04T18:34:48","modified_gmt":"2018-04-04T16:34:48","slug":"emmas-gluck","status":"publish","type":"page","link":"https:\/\/www.palliativpsychologie.de\/?page_id=1769","title":{"rendered":"Emmas Gl\u00fcck"},"content":{"rendered":"<div class='AlphabeticList'><a href='https:\/\/www.palliativpsychologie.de\/?page_id=1757#B'>B<\/a> <a href='https:\/\/www.palliativpsychologie.de\/?page_id=1757#H'>H<\/a> <a href='https:\/\/www.palliativpsychologie.de\/?page_id=1757#K'>K<\/a> <a href='https:\/\/www.palliativpsychologie.de\/?page_id=1757#N'>N<\/a> <a href='https:\/\/www.palliativpsychologie.de\/?page_id=1757#O'>O<\/a> <a href='https:\/\/www.palliativpsychologie.de\/?page_id=1757#S'>S<\/a> <\/div><p>2006<br \/>\nRegie: Sven Taddicken<br \/>\nDarsteller: J\u00f6rdis Triebel, J\u00fcrgen Vogel<\/p>\n<p><strong>1\u00a0 2\u00a0 3\u00a0 4\u00a0 5\u00a0 6\u00a0 7\u00a0 8 &#8230; siehst Du, es hat gar nicht weh getan. <\/strong><\/p>\n<p>Emma wei\u00df, wie angstfrei sterben geht. Das erm\u00f6glicht sie n\u00e4mlich ihren Schweinen, die sie z\u00e4rtlich liebkost, w\u00e4hrend sie ihnen mit einem scharfen Messer den Hals aufschlitzt. Allerdings wei\u00df sie nicht so gut, wie leben geht. Da geht es ihr wie Max, der auch nicht so recht aus sich raus kommt. Als ihm der Arzt er\u00f6ffnet, dass er Bauchspeicheldr\u00fcsenkrebs hat, will er nur noch weit weg. Landet aber bei Emma im Garten. Und dann finden die beiden zueinander und damit das Gl\u00fcck.<\/p>\n<p>Au\u00dferdem handelt der Film \u00fcber M\u00e4nnerfreundschaft. Wenn M\u00e4nner mehr miteinander reden w\u00fcrden &#8211; \u00fcber sich und \u00fcber das, was sie f\u00fchlen und \u00fcber das, was sie brauchen &#8211; m\u00fcssten sie nicht den einsamen Cowboy spielen und h\u00e4tten es wahrscheinlich etwas leichter. Aber sch\u00f6n, dass Max und Hans Gelegenheit haben sich ihre Freundschaft zu beweisen.<\/p>\n<p>Aber Max ist sehr krank und wird immer kr\u00e4nker. Er kotzt sich die Seele aus dem Leib und hat einschie\u00dfende starke Schmerzen.<\/p>\n<p>Und jetzt w\u00e4r&#8217;s sch\u00f6n, wenn das Ambulante Palliativ-Team ins Spiel k\u00e4me. Weil Max eine hohe Symptomlast hat und sich bewusst gegen Krankenhausaufenthalte und Chemotherapien entschieden hat: Er will die letzte Lebenszeit in dem Zuhause verbringen, das er jetzt endlich gefunden hat. Das Palliativ-Team h\u00e4tte ihm durch Schmerzkontrolle sicher mehr Lebensqualit\u00e4t verleihen k\u00f6nnen. Dann h\u00e4tte ihn Emma bis zum Tod weiter so liebevoll gepflegt wie sie das bereits schon tat. Und dann h\u00e4tte Max auch einfach friedlich in ihren Armen einschlafen k\u00f6nnen. Ohne Messereinsatz.<\/p>\n<p>Nun k\u00f6nnte der Film als Pl\u00e4doyer f\u00fcr aktive Sterbehilfe gesehen werden, da er ein weit verbreitetes Argument aufgreift: Warum l\u00e4sst man Menschen leiden, wo doch jedes Tier von seinen Qualen erl\u00f6st wird. Palliativmediziner halten dagegen, dass die heutige Schmerztherapie und Symptomkontrolle das Leiden ertr\u00e4glich macht und somit keine aktive Hilfe zum Suizid notwendig w\u00e4re. Aber im Film gibt es kein Palliativ-Team und so geht Max seinen selbstbestimmten Weg. Und das ist gut so &#8211; denn er ist nicht alleine und er stirbt ohne Angst.<\/p>\n<p style=\"text-align: right;\">(Jan Gramm)<\/p>\n<p>Bewertung<a href=\"http:\/\/www.palliativpsychologie.de\/wp-content\/uploads\/EmmasGlueck.jpg\" target=\"_blank\" rel=\"noopener\"><img loading=\"lazy\" decoding=\"async\" class=\"wp-image-1792 alignleft\" src=\"http:\/\/www.palliativpsychologie.de\/wp-content\/uploads\/EmmasGlueck.jpg\" alt=\"EmmasGlueck\" width=\"90\" height=\"122\" \/><\/a>: <span style=\"color: #0081ab;\"><strong>****<\/strong><\/span><span style=\"color: #dddddd;\">*<\/span><br \/>\nSehenswert.<\/p>\n<p>&nbsp;<\/p>\n<p>&nbsp;<\/p>\n<p>&nbsp;<\/p>\n<p>&nbsp;<\/p>\n<hr \/>\n<p style=\"text-align: right;\"><a href=\"https:\/\/www.palliativpsychologie.de\/?page_id=1757\">&lt;&lt; zur\u00fcck zur \u00dcbersicht<\/a><\/p>\n","protected":false},"excerpt":{"rendered":"<p>B H K N O S 2006 Regie: Sven Taddicken Darsteller: J\u00f6rdis Triebel, J\u00fcrgen Vogel 1\u00a0 2\u00a0 3\u00a0 4\u00a0 5\u00a0 6\u00a0 7\u00a0 8 &#8230; siehst Du, es hat gar nicht weh getan. Emma wei\u00df, wie angstfrei sterben geht. Das erm\u00f6glicht &hellip; <a href=\"https:\/\/www.palliativpsychologie.de\/?page_id=1769\">Weiterlesen <span class=\"meta-nav\">&rarr;<\/span><\/a><\/p>\n","protected":false},"author":1,"featured_media":0,"parent":1757,"menu_order":0,"comment_status":"closed","ping_status":"closed","template":"sidebar-page.php","meta":{"footnotes":""},"class_list":["post-1769","page","type-page","status-publish","hentry"],"_links":{"self":[{"href":"https:\/\/www.palliativpsychologie.de\/index.php?rest_route=\/wp\/v2\/pages\/1769","targetHints":{"allow":["GET"]}}],"collection":[{"href":"https:\/\/www.palliativpsychologie.de\/index.php?rest_route=\/wp\/v2\/pages"}],"about":[{"href":"https:\/\/www.palliativpsychologie.de\/index.php?rest_route=\/wp\/v2\/types\/page"}],"author":[{"embeddable":true,"href":"https:\/\/www.palliativpsychologie.de\/index.php?rest_route=\/wp\/v2\/users\/1"}],"replies":[{"embeddable":true,"href":"https:\/\/www.palliativpsychologie.de\/index.php?rest_route=%2Fwp%2Fv2%2Fcomments&post=1769"}],"version-history":[{"count":29,"href":"https:\/\/www.palliativpsychologie.de\/index.php?rest_route=\/wp\/v2\/pages\/1769\/revisions"}],"predecessor-version":[{"id":3431,"href":"https:\/\/www.palliativpsychologie.de\/index.php?rest_route=\/wp\/v2\/pages\/1769\/revisions\/3431"}],"up":[{"embeddable":true,"href":"https:\/\/www.palliativpsychologie.de\/index.php?rest_route=\/wp\/v2\/pages\/1757"}],"wp:attachment":[{"href":"https:\/\/www.palliativpsychologie.de\/index.php?rest_route=%2Fwp%2Fv2%2Fmedia&parent=1769"}],"curies":[{"name":"wp","href":"https:\/\/api.w.org\/{rel}","templated":true}]}}