{"id":1757,"date":"2013-09-21T14:15:36","date_gmt":"2013-09-21T12:15:36","guid":{"rendered":"http:\/\/www.palliativpsychologie.de\/?page_id=1757"},"modified":"2018-04-04T16:39:39","modified_gmt":"2018-04-04T14:39:39","slug":"fur-sie-gesehen","status":"publish","type":"page","link":"https:\/\/www.palliativpsychologie.de\/?page_id=1757","title":{"rendered":"Filmrezensionen"},"content":{"rendered":"<p>Es gibt viele Filme, die sich mit Tod und Sterben befassen. Hier finden Sie kurze Rezensionen \u00fcber einige davon (es werden nach und nach mehr&#8230;).<br \/>\n\u00dcber Filmtipps, Kommentare oder eigene Rezensionen freuen wir uns. Viel Spa\u00df beim Lesen!<\/p>\n<p>ABC<br \/>\n<a href=\"https:\/\/www.palliativpsychologie.de\/?page_id=2218\">Big Fish<\/a><\/p>\n<p>DEF<br \/>\n<a href=\"https:\/\/www.palliativpsychologie.de\/?page_id=1769\">Emmas Gl\u00fcck<\/a><\/p>\n<p>GHI<br \/>\n<a href=\"https:\/\/www.palliativpsychologie.de\/?page_id=1787\">Harold and Maude<\/a><\/p>\n<p>JKL<br \/>\n<a href=\"https:\/\/www.palliativpsychologie.de\/?page_id=1914\">Kill me please<\/a><\/p>\n<p>MNO<br \/>\n<a href=\"https:\/\/www.palliativpsychologie.de\/?page_id=1790\">Noch 16 Tage. Eine Sterbeklinik in London<\/a><br \/>\n<a href=\"https:\/\/www.palliativpsychologie.de\/?page_id=2043\">Nokan. Die Kunst des Ausklangs<\/a><br \/>\n<a href=\"https:\/\/www.palliativpsychologie.de\/?page_id=1907\">okay<\/a><\/p>\n<p>PQR<\/p>\n<p>STU<br \/>\n<a href=\"https:\/\/www.palliativpsychologie.de\/?page_id=1776\">Schmetterling und Taucherglocke<\/a><br \/>\n<a href=\"https:\/\/www.palliativpsychologie.de\/?page_id=1772\">Sterben f\u00fcr Anf\u00e4nger<\/a><\/p>\n<p>VWXYZ<\/p>\n<p>&nbsp;<\/p>\n<div class='AlphabeticList'><a href='#B'>B<\/a> <a href='#E'>E<\/a> <a href='#H'>H<\/a> <a href='#K'>K<\/a> <a href='#N'>N<\/a> <a href='#O'>O<\/a> <a href='#S'>S<\/a> <\/div><h2 class='initial' id='B'>B<\/h2><a href='https:\/\/www.palliativpsychologie.de\/?page_id=2218'>Big Fish<\/a><br \/><h2 class='initial' id='E'>E<\/h2><a href='https:\/\/www.palliativpsychologie.de\/?page_id=1769'>Emmas Gl\u00fcck<\/a><br \/><h2 class='initial' id='H'>H<\/h2><a href='https:\/\/www.palliativpsychologie.de\/?page_id=1787'>Harold and Maude<\/a><br \/><h2 class='initial' id='K'>K<\/h2><a href='https:\/\/www.palliativpsychologie.de\/?page_id=1914'>Kill me please<\/a><br \/><h2 class='initial' id='N'>N<\/h2><a href='https:\/\/www.palliativpsychologie.de\/?page_id=1790'>Noch 16 Tage. Eine Sterbeklinik in London<\/a><br \/><a href='https:\/\/www.palliativpsychologie.de\/?page_id=2043'>Nokan - Die Kunst des Ausklangs<\/a><br \/><h2 class='initial' id='O'>O<\/h2><a href='https:\/\/www.palliativpsychologie.de\/?page_id=1907'>okay<\/a><br \/><h2 class='initial' id='S'>S<\/h2><a href='https:\/\/www.palliativpsychologie.de\/?page_id=1776'>Schmetterling und Taucherglocke<\/a><br \/><a href='https:\/\/www.palliativpsychologie.de\/?page_id=1772'>Sterben f\u00fcr Anf\u00e4nger<\/a><br \/><p style=\"padding-top: 15px;text-align:right;\"><small>\u00a9az-glossary.com - Unterst\u00fctzt die Kinofilme Branche unter <a href=\"https:\/\/www.flimmerkiste.net\" title=\"Flimmerkiste.net\">Flimmerkiste.net<\/a><\/small><\/p>","protected":false},"excerpt":{"rendered":"<p>Es gibt viele Filme, die sich mit Tod und Sterben befassen. Hier finden Sie kurze Rezensionen \u00fcber einige davon (es werden nach und nach mehr&#8230;). \u00dcber Filmtipps, Kommentare oder eigene Rezensionen freuen wir uns. Viel Spa\u00df beim Lesen! ABC Big &hellip; <a href=\"https:\/\/www.palliativpsychologie.de\/?page_id=1757\">Weiterlesen <span class=\"meta-nav\">&rarr;<\/span><\/a><\/p>\n","protected":false},"author":1,"featured_media":0,"parent":1359,"menu_order":5,"comment_status":"closed","ping_status":"closed","template":"sidebar-page.php","meta":{"footnotes":""},"class_list":["post-1757","page","type-page","status-publish","hentry"],"_links":{"self":[{"href":"https:\/\/www.palliativpsychologie.de\/index.php?rest_route=\/wp\/v2\/pages\/1757","targetHints":{"allow":["GET"]}}],"collection":[{"href":"https:\/\/www.palliativpsychologie.de\/index.php?rest_route=\/wp\/v2\/pages"}],"about":[{"href":"https:\/\/www.palliativpsychologie.de\/index.php?rest_route=\/wp\/v2\/types\/page"}],"author":[{"embeddable":true,"href":"https:\/\/www.palliativpsychologie.de\/index.php?rest_route=\/wp\/v2\/users\/1"}],"replies":[{"embeddable":true,"href":"https:\/\/www.palliativpsychologie.de\/index.php?rest_route=%2Fwp%2Fv2%2Fcomments&post=1757"}],"version-history":[{"count":7,"href":"https:\/\/www.palliativpsychologie.de\/index.php?rest_route=\/wp\/v2\/pages\/1757\/revisions"}],"predecessor-version":[{"id":3375,"href":"https:\/\/www.palliativpsychologie.de\/index.php?rest_route=\/wp\/v2\/pages\/1757\/revisions\/3375"}],"up":[{"embeddable":true,"href":"https:\/\/www.palliativpsychologie.de\/index.php?rest_route=\/wp\/v2\/pages\/1359"}],"wp:attachment":[{"href":"https:\/\/www.palliativpsychologie.de\/index.php?rest_route=%2Fwp%2Fv2%2Fmedia&parent=1757"}],"curies":[{"name":"wp","href":"https:\/\/api.w.org\/{rel}","templated":true}]}}