{"id":1747,"date":"2013-09-21T13:11:22","date_gmt":"2013-09-21T11:11:22","guid":{"rendered":"http:\/\/www.palliativpsychologie.de\/?page_id=1747"},"modified":"2022-06-10T20:10:37","modified_gmt":"2022-06-10T18:10:37","slug":"psychologische-arbeit","status":"publish","type":"page","link":"https:\/\/www.palliativpsychologie.de\/?page_id=1747","title":{"rendered":"Systemisches Arbeiten"},"content":{"rendered":"<p>Hier finden Sie Materialien f\u00fcr die psychologische Arbeit im Palliativbereich, aber auch f\u00fcr die Lehre.<\/p>\n<p><a href=\"http:\/\/www.palliativpsychologie.de\/wp-content\/uploads\/Gramm_DasFamiliengespraechInPalliativeCare.pdf\" target=\"_blank\" rel=\"noopener noreferrer\">Handout zum Thema Familiengespr\u00e4ch<\/a><\/p>\n<p><a href=\"http:\/\/www.palliativpsychologie.de\/wp-content\/uploads\/Familienzyklus_Grafik.pdf\" target=\"_blank\" rel=\"noopener noreferrer\">Familienzyklus nach Carter &amp; McGoldrick als Grafik<\/a>, erweitert um die Themen &#8222;Sterben&#8220; und &#8222;Trauer&#8220;<\/p>\n<h1>Genogrammarbeit<\/h1>\n<p>Da in der Palliativversorgung nicht nur der Patient, sondern das gesamte soziale Umfeld Unterst\u00fctzung erf\u00e4hrt, ist es sinnvoll, einen \u00dcberblick \u00fcber das Familiensystem bzw. das soziale Umfeld des Patienten zu haben. Hierf\u00fcr gibt es das Werkzeug des Genogramms.<\/p>\n<p>Genogramme werden in Absprache mit dem Patienten angefertigt und erlauben einen visuellen \u00dcberblick \u00fcber das Familiensystem. F\u00fcr die Anwendung in der Palliativversorgung wurden die Genogramm-Symbole reduziert und angepasst. So wird zum Beispiel weder zwischen verheirateten und nicht verheirateten Paaren unterschieden noch gibt es ein gesondertes Symbol f\u00fcr Zwillinge, adoptierte oder Pflegekinder. Daf\u00fcr k\u00f6nnen hochbelastete Personen markiert werden. Auf diese Weise soll die Handhabung im multiprofessionellen Team vereinfacht werden (auf manchen Stationen erstellen sowohl Pflegekr\u00e4fte als auch Sozialdienst und PsychologIn das Genogramm).<\/p>\n<p>Auf dem Formblatt k\u00f6nnen neben der Familie auch Freunde, weitere Bekannte und professionelle Helfer aufgef\u00fchrt werden, weshalb hier nicht vom Genogramm, sondern vom Patientenumfeld gesprochen wird.<\/p>\n<p><a href=\"https:\/\/www.palliativpsychologie.de\/wp-content\/uploads\/Patientenumfeld_mitLegende_V2-3.pdf\" target=\"_blank\" rel=\"noopener noreferrer\">Formblatt zur Erstellung von Genogrammen<\/a> (erweitert als &#8222;Patientenumfeld&#8220;)<br \/>\nEine\u00a0<a href=\"https:\/\/www.palliativpsychologie.de\/wp-content\/uploads\/Patientenumfeld-Anleitung-kurz_DGP.pdf\" target=\"_blank\" rel=\"noopener noreferrer\">Anleitung<\/a> dazu auf der Website der DGP (Sektion Psychologie)<\/p>\n<p>F\u00fcr die Arbeit in der <strong>p\u00e4diatrischen Palliativ- und Hospizarbeit<\/strong> wurde das Formblatt entsprechend angepasst, indem die Symbole hier doch differenzierter verwendet werden:<\/p>\n<p><a href=\"https:\/\/www.palliativpsychologie.de\/wp-content\/uploads\/Patientenumfeld_PaedPC_mitLegende_V2-3.pdf\">Formblatt &#8222;Patientenumfeld f\u00fcr die p\u00e4diatrische Hospiz-\/Palliativversorgung&#8220;<\/a><\/p>\n","protected":false},"excerpt":{"rendered":"<p>Hier finden Sie Materialien f\u00fcr die psychologische Arbeit im Palliativbereich, aber auch f\u00fcr die Lehre. Handout zum Thema Familiengespr\u00e4ch Familienzyklus nach Carter &amp; McGoldrick als Grafik, erweitert um die Themen &#8222;Sterben&#8220; und &#8222;Trauer&#8220; Genogrammarbeit Da in der Palliativversorgung nicht nur &hellip; <a href=\"https:\/\/www.palliativpsychologie.de\/?page_id=1747\">Weiterlesen <span class=\"meta-nav\">&rarr;<\/span><\/a><\/p>\n","protected":false},"author":1,"featured_media":0,"parent":1359,"menu_order":2,"comment_status":"closed","ping_status":"closed","template":"sidebar-page.php","meta":{"footnotes":""},"class_list":["post-1747","page","type-page","status-publish","hentry"],"_links":{"self":[{"href":"https:\/\/www.palliativpsychologie.de\/index.php?rest_route=\/wp\/v2\/pages\/1747","targetHints":{"allow":["GET"]}}],"collection":[{"href":"https:\/\/www.palliativpsychologie.de\/index.php?rest_route=\/wp\/v2\/pages"}],"about":[{"href":"https:\/\/www.palliativpsychologie.de\/index.php?rest_route=\/wp\/v2\/types\/page"}],"author":[{"embeddable":true,"href":"https:\/\/www.palliativpsychologie.de\/index.php?rest_route=\/wp\/v2\/users\/1"}],"replies":[{"embeddable":true,"href":"https:\/\/www.palliativpsychologie.de\/index.php?rest_route=%2Fwp%2Fv2%2Fcomments&post=1747"}],"version-history":[{"count":14,"href":"https:\/\/www.palliativpsychologie.de\/index.php?rest_route=\/wp\/v2\/pages\/1747\/revisions"}],"predecessor-version":[{"id":3746,"href":"https:\/\/www.palliativpsychologie.de\/index.php?rest_route=\/wp\/v2\/pages\/1747\/revisions\/3746"}],"up":[{"embeddable":true,"href":"https:\/\/www.palliativpsychologie.de\/index.php?rest_route=\/wp\/v2\/pages\/1359"}],"wp:attachment":[{"href":"https:\/\/www.palliativpsychologie.de\/index.php?rest_route=%2Fwp%2Fv2%2Fmedia&parent=1747"}],"curies":[{"name":"wp","href":"https:\/\/api.w.org\/{rel}","templated":true}]}}