{"id":1535,"date":"2013-05-10T19:13:13","date_gmt":"2013-05-10T17:13:13","guid":{"rendered":"http:\/\/www.palliativpsychologie.de\/?page_id=1535"},"modified":"2013-05-10T19:13:13","modified_gmt":"2013-05-10T17:13:13","slug":"trost","status":"publish","type":"page","link":"https:\/\/www.palliativpsychologie.de\/?page_id=1535","title":{"rendered":"Trost"},"content":{"rendered":"<div class='AlphabeticList'><a href='https:\/\/www.palliativpsychologie.de\/?page_id=1229#A'>A<\/a> <a href='https:\/\/www.palliativpsychologie.de\/?page_id=1229#B'>B<\/a> <a href='https:\/\/www.palliativpsychologie.de\/?page_id=1229#D'>D<\/a> <a href='https:\/\/www.palliativpsychologie.de\/?page_id=1229#F'>F<\/a> <a href='https:\/\/www.palliativpsychologie.de\/?page_id=1229#G'>G<\/a> <a href='https:\/\/www.palliativpsychologie.de\/?page_id=1229#H'>H<\/a> <a href='https:\/\/www.palliativpsychologie.de\/?page_id=1229#I'>I<\/a> <a href='https:\/\/www.palliativpsychologie.de\/?page_id=1229#K'>K<\/a> <a href='https:\/\/www.palliativpsychologie.de\/?page_id=1229#L'>L<\/a> <a href='https:\/\/www.palliativpsychologie.de\/?page_id=1229#M'>M<\/a> <a href='https:\/\/www.palliativpsychologie.de\/?page_id=1229#N'>N<\/a> <a href='https:\/\/www.palliativpsychologie.de\/?page_id=1229#P'>P<\/a> <a href='https:\/\/www.palliativpsychologie.de\/?page_id=1229#R'>R<\/a> <a href='https:\/\/www.palliativpsychologie.de\/?page_id=1229#S'>S<\/a> <a href='https:\/\/www.palliativpsychologie.de\/?page_id=1229#T'>T<\/a> <a href='https:\/\/www.palliativpsychologie.de\/?page_id=1229#V'>V<\/a> <a href='https:\/\/www.palliativpsychologie.de\/?page_id=1229#W'>W<\/a> <a href='https:\/\/www.palliativpsychologie.de\/?page_id=1229#Z'>Z<\/a> <\/div><p>&#8222;Ich will euch tr\u00f6sten wie einen seine Mutter tr\u00f6stet&#8220; &#8211; der Bibeltext (Jesaja 66, 13), den Johannes Brahms im Deutschen Requiem vertont hat, zeigt bildlich, was &#8222;Trost&#8220; meint: Nicht weg-tr\u00f6sten oder ver-tr\u00f6sten durch verharmlosende Worte, sondern Beistehen,  k\u00f6rperliches Ber\u00fchren, achtsames Umsorgen.<\/p>\n<p><a href=\"http:\/\/www.palliativpsychologie.de\/?attachment_id=1221\" target=\"_blank\" rel=\"attachment wp-att-1221\"><img loading=\"lazy\" decoding=\"async\" class=\"size-medium wp-image-1221 alignleft\" title=\"Edvard Munch-Trost_sw\" alt=\"\" src=\"http:\/\/www.palliativpsychologie.de\/wp-content\/uploads\/Edvard-Munch-Trost_sw-300x202.jpg\" width=\"300\" height=\"202\" srcset=\"https:\/\/www.palliativpsychologie.de\/wp-content\/uploads\/Edvard-Munch-Trost_sw-300x202.jpg 300w, https:\/\/www.palliativpsychologie.de\/wp-content\/uploads\/Edvard-Munch-Trost_sw-445x300.jpg 445w, https:\/\/www.palliativpsychologie.de\/wp-content\/uploads\/Edvard-Munch-Trost_sw.jpg 900w\" sizes=\"auto, (max-width: 300px) 100vw, 300px\" \/><\/a>Im Bild &#8222;Trost&#8220; von Edvard Munch ist der Tr\u00f6stende selbst nackt (=verletztlich), er h\u00e4lt die verzweifelte Person, gibt ihr Sicherheit durch seine <a href='https:\/\/www.palliativpsychologie.de\/?page_id=1505'>Pr\u00e4senz<\/a>, welche im Bild durch seine K\u00f6rperhaltung (aufrecht, zugewandt, nah), seine Position in der Bildmitte und die Beleuchtung ausgedr\u00fcckt wird (er ruht in sich und strahlt <a href='https:\/\/www.palliativpsychologie.de\/?page_id=1513'>Ruhe<\/a> aus). Er hat dabei die Bedrohung im Blick, welche durch den Schatten dargestellt ist.<\/p>\n","protected":false},"excerpt":{"rendered":"<p>A B D F G H I K L M N P R S T V W Z &#8222;Ich will euch tr\u00f6sten wie einen seine Mutter tr\u00f6stet&#8220; &#8211; der Bibeltext (Jesaja 66, 13), den Johannes Brahms im Deutschen Requiem vertont &hellip; <a href=\"https:\/\/www.palliativpsychologie.de\/?page_id=1535\">Weiterlesen <span class=\"meta-nav\">&rarr;<\/span><\/a><\/p>\n","protected":false},"author":1,"featured_media":0,"parent":1229,"menu_order":0,"comment_status":"closed","ping_status":"closed","template":"sidebar-page.php","meta":{"footnotes":""},"class_list":["post-1535","page","type-page","status-publish","hentry"],"_links":{"self":[{"href":"https:\/\/www.palliativpsychologie.de\/index.php?rest_route=\/wp\/v2\/pages\/1535","targetHints":{"allow":["GET"]}}],"collection":[{"href":"https:\/\/www.palliativpsychologie.de\/index.php?rest_route=\/wp\/v2\/pages"}],"about":[{"href":"https:\/\/www.palliativpsychologie.de\/index.php?rest_route=\/wp\/v2\/types\/page"}],"author":[{"embeddable":true,"href":"https:\/\/www.palliativpsychologie.de\/index.php?rest_route=\/wp\/v2\/users\/1"}],"replies":[{"embeddable":true,"href":"https:\/\/www.palliativpsychologie.de\/index.php?rest_route=%2Fwp%2Fv2%2Fcomments&post=1535"}],"version-history":[{"count":1,"href":"https:\/\/www.palliativpsychologie.de\/index.php?rest_route=\/wp\/v2\/pages\/1535\/revisions"}],"predecessor-version":[{"id":1536,"href":"https:\/\/www.palliativpsychologie.de\/index.php?rest_route=\/wp\/v2\/pages\/1535\/revisions\/1536"}],"up":[{"embeddable":true,"href":"https:\/\/www.palliativpsychologie.de\/index.php?rest_route=\/wp\/v2\/pages\/1229"}],"wp:attachment":[{"href":"https:\/\/www.palliativpsychologie.de\/index.php?rest_route=%2Fwp%2Fv2%2Fmedia&parent=1535"}],"curies":[{"name":"wp","href":"https:\/\/api.w.org\/{rel}","templated":true}]}}