{"id":1529,"date":"2013-05-10T19:08:55","date_gmt":"2013-05-10T17:08:55","guid":{"rendered":"http:\/\/www.palliativpsychologie.de\/?page_id=1529"},"modified":"2013-05-10T19:08:55","modified_gmt":"2013-05-10T17:08:55","slug":"multiprofessionelles-team","status":"publish","type":"page","link":"https:\/\/www.palliativpsychologie.de\/?page_id=1529","title":{"rendered":"Multiprofessionelles Team"},"content":{"rendered":"<div class='AlphabeticList'><a href='https:\/\/www.palliativpsychologie.de\/?page_id=1229#A'>A<\/a> <a href='https:\/\/www.palliativpsychologie.de\/?page_id=1229#B'>B<\/a> <a href='https:\/\/www.palliativpsychologie.de\/?page_id=1229#D'>D<\/a> <a href='https:\/\/www.palliativpsychologie.de\/?page_id=1229#F'>F<\/a> <a href='https:\/\/www.palliativpsychologie.de\/?page_id=1229#G'>G<\/a> <a href='https:\/\/www.palliativpsychologie.de\/?page_id=1229#H'>H<\/a> <a href='https:\/\/www.palliativpsychologie.de\/?page_id=1229#I'>I<\/a> <a href='https:\/\/www.palliativpsychologie.de\/?page_id=1229#K'>K<\/a> <a href='https:\/\/www.palliativpsychologie.de\/?page_id=1229#L'>L<\/a> <a href='https:\/\/www.palliativpsychologie.de\/?page_id=1229#M'>M<\/a> <a href='https:\/\/www.palliativpsychologie.de\/?page_id=1229#N'>N<\/a> <a href='https:\/\/www.palliativpsychologie.de\/?page_id=1229#P'>P<\/a> <a href='https:\/\/www.palliativpsychologie.de\/?page_id=1229#R'>R<\/a> <a href='https:\/\/www.palliativpsychologie.de\/?page_id=1229#S'>S<\/a> <a href='https:\/\/www.palliativpsychologie.de\/?page_id=1229#T'>T<\/a> <a href='https:\/\/www.palliativpsychologie.de\/?page_id=1229#V'>V<\/a> <a href='https:\/\/www.palliativpsychologie.de\/?page_id=1229#W'>W<\/a> <a href='https:\/\/www.palliativpsychologie.de\/?page_id=1229#Z'>Z<\/a> <\/div><p>Wenn ein Team multiprofessionell zusammengesetzt ist, bedeutet das nicht automatisch, dass es auch multiprofessionell arbeitet. Da Teams im Gesundheitssystem meist bi-professionell mit \u00c4rzten und Pflegekr\u00e4ften besetzt sind, ist die Team-Kommunikation stark vom <a href='https:\/\/www.palliativpsychologie.de\/?page_id=1440'>Arzt-Pflege-Spiel<\/a> gepr\u00e4gt. Diese Sozialisation wirkt zun\u00e4chst auch im multiprofessionellen Team, wobei die neu hinzukommenden Professionen als St\u00f6rfaktor wahrgenommen werden k\u00f6nnen. Umgekehrt f\u00fchlen diese sich manchmal &#8222;wie im falschen Film&#8220;. Von zentraler Bedeutung ist die gegenseitige Wertsch\u00e4tzung. Wobei sich fehlende Wertsch\u00e4tzung oft als fehlinterpretierte Unkenntnis entpuppt: So beklagen viele Psychologen im Palliativbereich fehlende Wertsch\u00e4tzung seitens der Teamkollegen &#8211; aber wer wei\u00df schon, was ein Psychologe da eigentlich macht? Wie soll man die Arbeit des Psychologen wertsch\u00e4tzen, wenn der einem nichts erz\u00e4hlt? Die einzelnen Berufsgruppen m\u00fcssen also ihre T\u00e4tigkeit transparent machen. Deshalb hat die Reflexion \u00fcber die eigene Berufsrolle und auch die Darstellung dieser nach au\u00dfen einen Platz im <a href='https:\/\/www.palliativpsychologie.de\/?page_id=1492'>Palliative Care<\/a>-Curriculum f\u00fcr Psychologen.<\/p>\n","protected":false},"excerpt":{"rendered":"<p>A B D F G H I K L M N P R S T V W Z Wenn ein Team multiprofessionell zusammengesetzt ist, bedeutet das nicht automatisch, dass es auch multiprofessionell arbeitet. Da Teams im Gesundheitssystem meist bi-professionell mit &hellip; <a href=\"https:\/\/www.palliativpsychologie.de\/?page_id=1529\">Weiterlesen <span class=\"meta-nav\">&rarr;<\/span><\/a><\/p>\n","protected":false},"author":1,"featured_media":0,"parent":1229,"menu_order":0,"comment_status":"closed","ping_status":"closed","template":"sidebar-page.php","meta":{"footnotes":""},"class_list":["post-1529","page","type-page","status-publish","hentry"],"_links":{"self":[{"href":"https:\/\/www.palliativpsychologie.de\/index.php?rest_route=\/wp\/v2\/pages\/1529","targetHints":{"allow":["GET"]}}],"collection":[{"href":"https:\/\/www.palliativpsychologie.de\/index.php?rest_route=\/wp\/v2\/pages"}],"about":[{"href":"https:\/\/www.palliativpsychologie.de\/index.php?rest_route=\/wp\/v2\/types\/page"}],"author":[{"embeddable":true,"href":"https:\/\/www.palliativpsychologie.de\/index.php?rest_route=\/wp\/v2\/users\/1"}],"replies":[{"embeddable":true,"href":"https:\/\/www.palliativpsychologie.de\/index.php?rest_route=%2Fwp%2Fv2%2Fcomments&post=1529"}],"version-history":[{"count":1,"href":"https:\/\/www.palliativpsychologie.de\/index.php?rest_route=\/wp\/v2\/pages\/1529\/revisions"}],"predecessor-version":[{"id":1530,"href":"https:\/\/www.palliativpsychologie.de\/index.php?rest_route=\/wp\/v2\/pages\/1529\/revisions\/1530"}],"up":[{"embeddable":true,"href":"https:\/\/www.palliativpsychologie.de\/index.php?rest_route=\/wp\/v2\/pages\/1229"}],"wp:attachment":[{"href":"https:\/\/www.palliativpsychologie.de\/index.php?rest_route=%2Fwp%2Fv2%2Fmedia&parent=1529"}],"curies":[{"name":"wp","href":"https:\/\/api.w.org\/{rel}","templated":true}]}}