{"id":1517,"date":"2013-05-10T19:03:58","date_gmt":"2013-05-10T17:03:58","guid":{"rendered":"http:\/\/www.palliativpsychologie.de\/?page_id=1517"},"modified":"2013-07-14T17:43:22","modified_gmt":"2013-07-14T15:43:22","slug":"spiritualitat","status":"publish","type":"page","link":"https:\/\/www.palliativpsychologie.de\/?page_id=1517","title":{"rendered":"Spiritualit\u00e4t"},"content":{"rendered":"<div class='AlphabeticList'><a href='https:\/\/www.palliativpsychologie.de\/?page_id=1229#A'>A<\/a> <a href='https:\/\/www.palliativpsychologie.de\/?page_id=1229#B'>B<\/a> <a href='https:\/\/www.palliativpsychologie.de\/?page_id=1229#D'>D<\/a> <a href='https:\/\/www.palliativpsychologie.de\/?page_id=1229#F'>F<\/a> <a href='https:\/\/www.palliativpsychologie.de\/?page_id=1229#G'>G<\/a> <a href='https:\/\/www.palliativpsychologie.de\/?page_id=1229#H'>H<\/a> <a href='https:\/\/www.palliativpsychologie.de\/?page_id=1229#I'>I<\/a> <a href='https:\/\/www.palliativpsychologie.de\/?page_id=1229#K'>K<\/a> <a href='https:\/\/www.palliativpsychologie.de\/?page_id=1229#L'>L<\/a> <a href='https:\/\/www.palliativpsychologie.de\/?page_id=1229#M'>M<\/a> <a href='https:\/\/www.palliativpsychologie.de\/?page_id=1229#N'>N<\/a> <a href='https:\/\/www.palliativpsychologie.de\/?page_id=1229#P'>P<\/a> <a href='https:\/\/www.palliativpsychologie.de\/?page_id=1229#R'>R<\/a> <a href='https:\/\/www.palliativpsychologie.de\/?page_id=1229#S'>S<\/a> <a href='https:\/\/www.palliativpsychologie.de\/?page_id=1229#T'>T<\/a> <a href='https:\/\/www.palliativpsychologie.de\/?page_id=1229#V'>V<\/a> <a href='https:\/\/www.palliativpsychologie.de\/?page_id=1229#W'>W<\/a> <a href='https:\/\/www.palliativpsychologie.de\/?page_id=1229#Z'>Z<\/a> <\/div><p>&#8222;Spiritualit\u00e4t \u00a0ist eine Lebenshaltung, die \u00fcber das eigene Ich hinaus auf eine transzendente <a href='https:\/\/www.palliativpsychologie.de\/?page_id=1543'>Wirklichkeit<\/a> verweist. Sie wird aus Erfahrung gespeist und zeigt sich im Affekt, im Denken und im Handeln. Spirituelle Erfahrung ist eine Erfahrung einer solchen transzendenten <a href='https:\/\/www.palliativpsychologie.de\/?page_id=1543'>Wirklichkeit<\/a>&#8220;.<br \/>\nWalach, H. (2012). Spiritualit\u00e4t und <a href='https:\/\/www.palliativpsychologie.de\/?page_id=1545'>Wissenschaft<\/a>. In: H\u00fcther, H., Roth, W., von Br\u00fcck, M. (Hrsg.): Damit das Denken Sinn bekommt. Freiburg: Herder.<\/p>\n<p>Spiritualit\u00e4t bezeichnet also eine Erfahrungsebene jenseits vom Denken &#8211; hier steht die unmittelbare Erfahrung des Transzendenten, Wesenhaften, alles-Verbindenden im Mittelpunkt; eine Erfahrung, die \u00fcber Selbstkonzepte und ICH-Mechanismen hinausreicht und daher als trans-personal bezeichnet werden kann. Eine spirituelle Erfahrung entzieht sich prinzipiell der Verbalisierbarkeit.<\/p>\n<p>Spiritualit\u00e4t steht nicht im Gegensatz zur Wissenschaft, es geht nicht um einen Gegensatz von Glauben und Wissen, von Irrationalem und Rationalem, von\u00a0Geistigem und Materiellem, von Wunschdenken und <a href='https:\/\/www.palliativpsychologie.de\/?page_id=1543'>Wirklichkeit<\/a>. Vielmehr beschreibt der Begriff &#8222;Spiritualit\u00e4t&#8220; eine grundlegende Dimension des Daseins.<\/p>\n<p>Mit der Aufkl\u00e4rung etablierte sich ein Realit\u00e4tsbegriff, der &#8211; anders als das Wirklichkeitsverst\u00e4ndnis Meister Eckharts &#8211; eine Trennung von Gegenst\u00e4ndlichem und Geistigem suggerierte. Ersteres zu erforschen war Aufgabe der (Natur-)Wissenschaft, mit letzterem befasste sich die <a href='https:\/\/www.palliativpsychologie.de\/?page_id=1507'>Religion<\/a>.<\/p>\n<p>Durch die Erkenntnisse der Quantenphysik und der Hirnforschung, der Formulierung der Systemtheorie und dem Einfluss fern\u00f6stlichen Denkens wurde der Realit\u00e4tsbegriff der Aufkl\u00e4rung in Frage gestellt. Das Ph\u00e4nomen des Bewusstseins r\u00fcckt ins Zentrum des Interesses und wird wissenschaftlich untersucht. Es etabliert sich der Begriff &#8222;Spiritualit\u00e4t&#8220;, welcher f\u00fcr die Ebene des Nicht-Begrifflichen Erfahrbaren steht. Die unmittelbare Erfahrung des Nicht-Begrifflichen ist h\u00f6chst individuell. Offensichtlich werden aber \u00e4hnliche Begriffe gew\u00e4hlt, um diese individuelle Erfahrung zu beschreiben: Transzendenz, etwas Wesenhaftes, ein Alles-Verbindendendes, das Gro\u00dfe-Ganze, ein \u00fcber-das-Ich-hinaus-Gehendes, etwas G\u00f6ttliches u.\u00e4.<br \/>\nDies spiegelt sich auch in einer Umfrage unter Psychologen, die auf Palliativstationen arbeiten (Gramm, Hofmann und Berthold 2012): Nach einer Definition f\u00fcr die Begriffe &#8222;Spiritualit\u00e4t&#8220; und &#8222;Religiosit\u00e4t&#8220; befragt, wurde Spiritualit\u00e4t mit Worten wie &#8222;Erfahrung, Transzendenz, mystisch, Bewusstsein, h\u00f6heres und allumfassendes Wesen, Kraft, Energie, Sinnfrage und <a href='https:\/\/www.palliativpsychologie.de\/?page_id=1464'>Glaube<\/a>&#8220; beschrieben, w\u00e4hrend Religiosit\u00e4t vor allem mit Worten wie &#8222;<a href='https:\/\/www.palliativpsychologie.de\/?page_id=1464'>Glaube<\/a>, Ritual, Zugeh\u00f6rigkeit zu einer Gemeinschaft, Gott, Moral und Gebote&#8220; in Verbindung gebracht wurde.<\/p>\n<div id=\"attachment_1686\" style=\"width: 490px\" class=\"wp-caption alignleft\"><a href=\"http:\/\/www.palliativpsychologie.de\/wp-content\/uploads\/deskriptiv_DefinitionenSpirRel_1.jpg\" target=\"_blank\"><img loading=\"lazy\" decoding=\"async\" aria-describedby=\"caption-attachment-1686\" class=\" wp-image-1686\" alt=\"DefinitionenSpirRel\" src=\"http:\/\/www.palliativpsychologie.de\/wp-content\/uploads\/deskriptiv_DefinitionenSpirRel_1.jpg\" width=\"480\" height=\"222\" srcset=\"https:\/\/www.palliativpsychologie.de\/wp-content\/uploads\/deskriptiv_DefinitionenSpirRel_1.jpg 800w, https:\/\/www.palliativpsychologie.de\/wp-content\/uploads\/deskriptiv_DefinitionenSpirRel_1-300x138.jpg 300w, https:\/\/www.palliativpsychologie.de\/wp-content\/uploads\/deskriptiv_DefinitionenSpirRel_1-500x231.jpg 500w\" sizes=\"auto, (max-width: 480px) 100vw, 480px\" \/><\/a><p id=\"caption-attachment-1686\" class=\"wp-caption-text\">Gramm, J., Berthold, D. &amp; Hofmann, L. (2012). Reden \u00fcber Gott und die Welt. Spiritualit\u00e4t und Religiosit\u00e4t in der palliativpsychologischen Behandlung. Poster, pr\u00e4sentiert auf dem 9. Kongress der Deutschen Gesellschaft f\u00fcr <a href='https:\/\/www.palliativpsychologie.de\/?page_id=1494'>Palliativmedizin<\/a>, Berlin<\/p><\/div>\n<p>&nbsp;<\/p>\n<p>&nbsp;<\/p>\n","protected":false},"excerpt":{"rendered":"<p>A B D F G H I K L M N P R S T V W Z &#8222;Spiritualit\u00e4t \u00a0ist eine Lebenshaltung, die \u00fcber das eigene Ich hinaus auf eine transzendente Wirklichkeit verweist. Sie wird aus Erfahrung gespeist und zeigt &hellip; <a href=\"https:\/\/www.palliativpsychologie.de\/?page_id=1517\">Weiterlesen <span class=\"meta-nav\">&rarr;<\/span><\/a><\/p>\n","protected":false},"author":1,"featured_media":0,"parent":1229,"menu_order":0,"comment_status":"closed","ping_status":"closed","template":"sidebar-page.php","meta":{"footnotes":""},"class_list":["post-1517","page","type-page","status-publish","hentry"],"_links":{"self":[{"href":"https:\/\/www.palliativpsychologie.de\/index.php?rest_route=\/wp\/v2\/pages\/1517","targetHints":{"allow":["GET"]}}],"collection":[{"href":"https:\/\/www.palliativpsychologie.de\/index.php?rest_route=\/wp\/v2\/pages"}],"about":[{"href":"https:\/\/www.palliativpsychologie.de\/index.php?rest_route=\/wp\/v2\/types\/page"}],"author":[{"embeddable":true,"href":"https:\/\/www.palliativpsychologie.de\/index.php?rest_route=\/wp\/v2\/users\/1"}],"replies":[{"embeddable":true,"href":"https:\/\/www.palliativpsychologie.de\/index.php?rest_route=%2Fwp%2Fv2%2Fcomments&post=1517"}],"version-history":[{"count":5,"href":"https:\/\/www.palliativpsychologie.de\/index.php?rest_route=\/wp\/v2\/pages\/1517\/revisions"}],"predecessor-version":[{"id":1684,"href":"https:\/\/www.palliativpsychologie.de\/index.php?rest_route=\/wp\/v2\/pages\/1517\/revisions\/1684"}],"up":[{"embeddable":true,"href":"https:\/\/www.palliativpsychologie.de\/index.php?rest_route=\/wp\/v2\/pages\/1229"}],"wp:attachment":[{"href":"https:\/\/www.palliativpsychologie.de\/index.php?rest_route=%2Fwp%2Fv2%2Fmedia&parent=1517"}],"curies":[{"name":"wp","href":"https:\/\/api.w.org\/{rel}","templated":true}]}}