{"id":1513,"date":"2013-05-10T19:02:59","date_gmt":"2013-05-10T17:02:59","guid":{"rendered":"http:\/\/www.palliativpsychologie.de\/?page_id=1513"},"modified":"2013-05-10T19:02:59","modified_gmt":"2013-05-10T17:02:59","slug":"ruhe","status":"publish","type":"page","link":"https:\/\/www.palliativpsychologie.de\/?page_id=1513","title":{"rendered":"Ruhe"},"content":{"rendered":"<div class='AlphabeticList'><a href='https:\/\/www.palliativpsychologie.de\/?page_id=1229#A'>A<\/a> <a href='https:\/\/www.palliativpsychologie.de\/?page_id=1229#B'>B<\/a> <a href='https:\/\/www.palliativpsychologie.de\/?page_id=1229#D'>D<\/a> <a href='https:\/\/www.palliativpsychologie.de\/?page_id=1229#F'>F<\/a> <a href='https:\/\/www.palliativpsychologie.de\/?page_id=1229#G'>G<\/a> <a href='https:\/\/www.palliativpsychologie.de\/?page_id=1229#H'>H<\/a> <a href='https:\/\/www.palliativpsychologie.de\/?page_id=1229#I'>I<\/a> <a href='https:\/\/www.palliativpsychologie.de\/?page_id=1229#K'>K<\/a> <a href='https:\/\/www.palliativpsychologie.de\/?page_id=1229#L'>L<\/a> <a href='https:\/\/www.palliativpsychologie.de\/?page_id=1229#M'>M<\/a> <a href='https:\/\/www.palliativpsychologie.de\/?page_id=1229#N'>N<\/a> <a href='https:\/\/www.palliativpsychologie.de\/?page_id=1229#P'>P<\/a> <a href='https:\/\/www.palliativpsychologie.de\/?page_id=1229#R'>R<\/a> <a href='https:\/\/www.palliativpsychologie.de\/?page_id=1229#S'>S<\/a> <a href='https:\/\/www.palliativpsychologie.de\/?page_id=1229#T'>T<\/a> <a href='https:\/\/www.palliativpsychologie.de\/?page_id=1229#V'>V<\/a> <a href='https:\/\/www.palliativpsychologie.de\/?page_id=1229#W'>W<\/a> <a href='https:\/\/www.palliativpsychologie.de\/?page_id=1229#Z'>Z<\/a> <\/div><p>&#8222;Lasst mich in Ruhe!&#8220; sollen Bert Brechts letzte Worte gewesen sein. Und das Bed\u00fcrfnis nach Ruhe h\u00e4tte er somit mit vielen Sterbenden geteilt. Dieses Bed\u00fcfnis ist zu achten. Manchmal m\u00fcssen Angeh\u00f6rige und Zugeh\u00f6rige darauf aufmerksam gemacht werden, dass der Sterbende nun nicht mehr f\u00fcr sie da sein kann, dass er ein Recht darauf hat, sich zur\u00fcckzuziehen. Aber auch professionellen oder ehrenamtlichen Begleitern f\u00e4llt Zur\u00fcckhaltung manchmal schwer. Ein Sterbender befindet sich in einer hoch verletztlichen Situation und kann sich &#8211; je nach Pers\u00f6nlichkeit &#8211; oft nur schwer abgrenzen. Da &#8222;in Ruhe lassen&#8220; nicht &#8222;allein lassen&#8220; bedeutet, muss im Gespr\u00e4ch mit dem Sterbenden oder durch Einf\u00fchlungsverm\u00f6gen gekl\u00e4rt werden, welche Art von Anwesenheit gew\u00fcnscht ist. Im \u00fcbrigen teilt nicht jeder Sterbende dieses Bed\u00fcrfnis, manche f\u00fchlen sich gerade durch ein lebendig-volles Zimmer und &#8222;normale&#8220; Lebendigkeit getragen.<\/p>\n","protected":false},"excerpt":{"rendered":"<p>A B D F G H I K L M N P R S T V W Z &#8222;Lasst mich in Ruhe!&#8220; sollen Bert Brechts letzte Worte gewesen sein. Und das Bed\u00fcrfnis nach Ruhe h\u00e4tte er somit mit vielen Sterbenden &hellip; <a href=\"https:\/\/www.palliativpsychologie.de\/?page_id=1513\">Weiterlesen <span class=\"meta-nav\">&rarr;<\/span><\/a><\/p>\n","protected":false},"author":1,"featured_media":0,"parent":1229,"menu_order":0,"comment_status":"closed","ping_status":"closed","template":"sidebar-page.php","meta":{"footnotes":""},"class_list":["post-1513","page","type-page","status-publish","hentry"],"_links":{"self":[{"href":"https:\/\/www.palliativpsychologie.de\/index.php?rest_route=\/wp\/v2\/pages\/1513","targetHints":{"allow":["GET"]}}],"collection":[{"href":"https:\/\/www.palliativpsychologie.de\/index.php?rest_route=\/wp\/v2\/pages"}],"about":[{"href":"https:\/\/www.palliativpsychologie.de\/index.php?rest_route=\/wp\/v2\/types\/page"}],"author":[{"embeddable":true,"href":"https:\/\/www.palliativpsychologie.de\/index.php?rest_route=\/wp\/v2\/users\/1"}],"replies":[{"embeddable":true,"href":"https:\/\/www.palliativpsychologie.de\/index.php?rest_route=%2Fwp%2Fv2%2Fcomments&post=1513"}],"version-history":[{"count":1,"href":"https:\/\/www.palliativpsychologie.de\/index.php?rest_route=\/wp\/v2\/pages\/1513\/revisions"}],"predecessor-version":[{"id":1514,"href":"https:\/\/www.palliativpsychologie.de\/index.php?rest_route=\/wp\/v2\/pages\/1513\/revisions\/1514"}],"up":[{"embeddable":true,"href":"https:\/\/www.palliativpsychologie.de\/index.php?rest_route=\/wp\/v2\/pages\/1229"}],"wp:attachment":[{"href":"https:\/\/www.palliativpsychologie.de\/index.php?rest_route=%2Fwp%2Fv2%2Fmedia&parent=1513"}],"curies":[{"name":"wp","href":"https:\/\/api.w.org\/{rel}","templated":true}]}}