{"id":1505,"date":"2013-05-10T19:00:56","date_gmt":"2013-05-10T17:00:56","guid":{"rendered":"http:\/\/www.palliativpsychologie.de\/?page_id=1505"},"modified":"2013-05-10T19:00:56","modified_gmt":"2013-05-10T17:00:56","slug":"prasenz","status":"publish","type":"page","link":"https:\/\/www.palliativpsychologie.de\/?page_id=1505","title":{"rendered":"Pr\u00e4senz"},"content":{"rendered":"<div class='AlphabeticList'><a href='https:\/\/www.palliativpsychologie.de\/?page_id=1229#A'>A<\/a> <a href='https:\/\/www.palliativpsychologie.de\/?page_id=1229#B'>B<\/a> <a href='https:\/\/www.palliativpsychologie.de\/?page_id=1229#D'>D<\/a> <a href='https:\/\/www.palliativpsychologie.de\/?page_id=1229#F'>F<\/a> <a href='https:\/\/www.palliativpsychologie.de\/?page_id=1229#G'>G<\/a> <a href='https:\/\/www.palliativpsychologie.de\/?page_id=1229#H'>H<\/a> <a href='https:\/\/www.palliativpsychologie.de\/?page_id=1229#I'>I<\/a> <a href='https:\/\/www.palliativpsychologie.de\/?page_id=1229#K'>K<\/a> <a href='https:\/\/www.palliativpsychologie.de\/?page_id=1229#L'>L<\/a> <a href='https:\/\/www.palliativpsychologie.de\/?page_id=1229#M'>M<\/a> <a href='https:\/\/www.palliativpsychologie.de\/?page_id=1229#N'>N<\/a> <a href='https:\/\/www.palliativpsychologie.de\/?page_id=1229#P'>P<\/a> <a href='https:\/\/www.palliativpsychologie.de\/?page_id=1229#R'>R<\/a> <a href='https:\/\/www.palliativpsychologie.de\/?page_id=1229#S'>S<\/a> <a href='https:\/\/www.palliativpsychologie.de\/?page_id=1229#T'>T<\/a> <a href='https:\/\/www.palliativpsychologie.de\/?page_id=1229#V'>V<\/a> <a href='https:\/\/www.palliativpsychologie.de\/?page_id=1229#W'>W<\/a> <a href='https:\/\/www.palliativpsychologie.de\/?page_id=1229#Z'>Z<\/a> <\/div><p>Pr\u00e4sent sein hei\u00dft innerlich still werden und somit offen sein f\u00fcr das, was wirklich geschieht, und aus dieser Stille heraus angemessen zu handeln. Allerdings ist es meist ziemlich laut in uns: st\u00e4ndig steigen Gedanken und Bilder auf, sind wir in innere Dialoge verstrickt, sind mit Vergangenem besch\u00e4ftigt oder machen uns Gedanken \u00fcber die Zukunft. Dieses &#8222;Kopfkino&#8220; f\u00fchrt dazu, dass wir nicht wirklich wach und klar sind, nicht das <a href='https:\/\/www.palliativpsychologie.de\/?page_id=1474'>Leben<\/a> &#8222;im Hier und Jetzt&#8220; leben. Ein guter Weg pr\u00e4sent zu werden ist, dem Atem zu lauschen. Der Atem stellt die unmittelbare Verbindung mit dem <a href='https:\/\/www.palliativpsychologie.de\/?page_id=1474'>Leben<\/a> dar (in der indischen Philosophie steht <em>Atman<\/em> f\u00fcr Lebensenergie, Geist, Seele). Wenn wir unsere Aufmerksamkeit eine Zeit lang allein auf den Atem richten, dabei keinen Gedanken nachgehen, keinen Emotionen Raum geben und keinen Handlungsimpulsen folgen, erlangen wir Pr\u00e4senz. Dies f\u00fchrt zu innerer Ruhe. Unsere Gedanken werden klarer, unsere Emotionen verlieren an Dramatik (Gef\u00fchle von Freude und <a href='https:\/\/www.palliativpsychologie.de\/?page_id=1480'>Liebe<\/a> werden dagegen tiefer), unsere Handlungen sind von Besonnenheit gepr\u00e4gt.<br \/>\nSehr viele Meditationsformen arbeiten daher mit dem Atem. Schon wenige bewusst wahrgenommene Atemz\u00fcge f\u00fchren zu mehr innerer <a href='https:\/\/www.palliativpsychologie.de\/?page_id=1513'>Ruhe<\/a>: Lenke Deine Aufmerksamkeit auf Deinen Atem. Z\u00e4hle dabei die Atemz\u00fcge. Immer, wenn Du merkst, dass Du wieder in Gedanken bist, f\u00e4ngst Du wieder bei 1 an zu z\u00e4hlen&#8230;<\/p>\n","protected":false},"excerpt":{"rendered":"<p>A B D F G H I K L M N P R S T V W Z Pr\u00e4sent sein hei\u00dft innerlich still werden und somit offen sein f\u00fcr das, was wirklich geschieht, und aus dieser Stille heraus angemessen zu &hellip; <a href=\"https:\/\/www.palliativpsychologie.de\/?page_id=1505\">Weiterlesen <span class=\"meta-nav\">&rarr;<\/span><\/a><\/p>\n","protected":false},"author":1,"featured_media":0,"parent":1229,"menu_order":0,"comment_status":"closed","ping_status":"closed","template":"sidebar-page.php","meta":{"footnotes":""},"class_list":["post-1505","page","type-page","status-publish","hentry"],"_links":{"self":[{"href":"https:\/\/www.palliativpsychologie.de\/index.php?rest_route=\/wp\/v2\/pages\/1505","targetHints":{"allow":["GET"]}}],"collection":[{"href":"https:\/\/www.palliativpsychologie.de\/index.php?rest_route=\/wp\/v2\/pages"}],"about":[{"href":"https:\/\/www.palliativpsychologie.de\/index.php?rest_route=\/wp\/v2\/types\/page"}],"author":[{"embeddable":true,"href":"https:\/\/www.palliativpsychologie.de\/index.php?rest_route=\/wp\/v2\/users\/1"}],"replies":[{"embeddable":true,"href":"https:\/\/www.palliativpsychologie.de\/index.php?rest_route=%2Fwp%2Fv2%2Fcomments&post=1505"}],"version-history":[{"count":1,"href":"https:\/\/www.palliativpsychologie.de\/index.php?rest_route=\/wp\/v2\/pages\/1505\/revisions"}],"predecessor-version":[{"id":1506,"href":"https:\/\/www.palliativpsychologie.de\/index.php?rest_route=\/wp\/v2\/pages\/1505\/revisions\/1506"}],"up":[{"embeddable":true,"href":"https:\/\/www.palliativpsychologie.de\/index.php?rest_route=\/wp\/v2\/pages\/1229"}],"wp:attachment":[{"href":"https:\/\/www.palliativpsychologie.de\/index.php?rest_route=%2Fwp%2Fv2%2Fmedia&parent=1505"}],"curies":[{"name":"wp","href":"https:\/\/api.w.org\/{rel}","templated":true}]}}