{"id":1492,"date":"2013-05-10T18:58:04","date_gmt":"2013-05-10T16:58:04","guid":{"rendered":"http:\/\/www.palliativpsychologie.de\/?page_id=1492"},"modified":"2013-11-08T21:04:30","modified_gmt":"2013-11-08T20:04:30","slug":"palliative-care","status":"publish","type":"page","link":"https:\/\/www.palliativpsychologie.de\/?page_id=1492","title":{"rendered":"Palliative Care"},"content":{"rendered":"<div class='AlphabeticList'><a href='https:\/\/www.palliativpsychologie.de\/?page_id=1229#A'>A<\/a> <a href='https:\/\/www.palliativpsychologie.de\/?page_id=1229#B'>B<\/a> <a href='https:\/\/www.palliativpsychologie.de\/?page_id=1229#D'>D<\/a> <a href='https:\/\/www.palliativpsychologie.de\/?page_id=1229#F'>F<\/a> <a href='https:\/\/www.palliativpsychologie.de\/?page_id=1229#G'>G<\/a> <a href='https:\/\/www.palliativpsychologie.de\/?page_id=1229#H'>H<\/a> <a href='https:\/\/www.palliativpsychologie.de\/?page_id=1229#I'>I<\/a> <a href='https:\/\/www.palliativpsychologie.de\/?page_id=1229#K'>K<\/a> <a href='https:\/\/www.palliativpsychologie.de\/?page_id=1229#L'>L<\/a> <a href='https:\/\/www.palliativpsychologie.de\/?page_id=1229#M'>M<\/a> <a href='https:\/\/www.palliativpsychologie.de\/?page_id=1229#N'>N<\/a> <a href='https:\/\/www.palliativpsychologie.de\/?page_id=1229#P'>P<\/a> <a href='https:\/\/www.palliativpsychologie.de\/?page_id=1229#R'>R<\/a> <a href='https:\/\/www.palliativpsychologie.de\/?page_id=1229#S'>S<\/a> <a href='https:\/\/www.palliativpsychologie.de\/?page_id=1229#T'>T<\/a> <a href='https:\/\/www.palliativpsychologie.de\/?page_id=1229#V'>V<\/a> <a href='https:\/\/www.palliativpsychologie.de\/?page_id=1229#W'>W<\/a> <a href='https:\/\/www.palliativpsychologie.de\/?page_id=1229#Z'>Z<\/a> <\/div><p>Definition der WHO von &#8222;Palliative Care&#8220; aus dem Jahr 1990:<\/p>\n<p style=\"padding-left: 30px;\">&#8222;Palliative Care ist die wirksame, ganzheitliche Betreuung <b>von Patienten<\/b>,<b> deren Krankheit nicht mehr kurativ behandelbar ist<\/b>. Dabei stehen die erfolgreiche Behandlung der Schmerzen und weiterer Symptome sowie die Hilfe bei psychologischen, sozialen und seelsorgerischen Problemen an erster Stelle. Das Ziel von palliative care ist, die bestm\u00f6gliche <a href='https:\/\/www.palliativpsychologie.de\/?page_id=1476'>Lebensqualit\u00e4t<\/a> f\u00fcr Patienten und deren Familien zu erreichen.&#8220;<\/p>\n<p>Definition der WHO von &#8222;Palliative Care&#8220; aus dem Jahr 2002:<\/p>\n<p style=\"padding-left: 30px;\">&#8222;Palliative Care ist ein Ansatz zur Verbesserung der <a href='https:\/\/www.palliativpsychologie.de\/?page_id=1476'>Lebensqualit\u00e4t<\/a><b> von Patienten und ihren Familien<\/b>, die <b>mit Problemen konfrontiert sind, welche mit einer lebensbedrohlichen Erkrankung einhergehen<\/b>. Dies geschieht durch Vorbeugen und Lindern von Leiden durch fr\u00fchzeitige Erkennung, sorgf\u00e4ltige Einsch\u00e4tzung und Behandlung von Schmerzen sowie anderen Problemen k\u00f6rperlicher, psychosozialer und spiritueller Art.&#8220;<\/p>\n<p>Der Vergleich der beiden Definitionen dokumentiert den Wandel im Verst\u00e4ndnis von Palliative Care. W\u00e4hrend 1990 Palliative Care erst beginnt, wenn der Patient &#8222;austherapiert&#8220; ist, wird 2002 kein Zeitpunkt mehr genannt, sondern allein die Symptomlast bei unheilbaren Erkrankungen in den Mittelpunkt gestellt. Au\u00dferdem erweitert sich der Betreuungsauftrag auf die Angeh\u00f6rigen, was im Grunde einen systemischen Ansatz (im psychologischen Sinne) impliziert. Die Erweitung des Blicks auf nicht-medizinische Ebenen ist von Beginn an von zentraler Bedeutung.<\/p>\n<p>Entgegen der WHO-Definition begegnet uns in der Praxis immer noch sehr oft das alte Verst\u00e4ndnis von &#8222;<a href='https:\/\/www.palliativpsychologie.de\/?page_id=1490'>palliativ<\/a> = austherapiert&#8220;, werden Patienten h\u00e4ufig viel zu sp\u00e4t mit palliativer Beratung oder Betreuung in Kontakt gebracht.<\/p>\n<div id=\"attachment_2014\" style=\"width: 521px\" class=\"wp-caption alignleft\"><img loading=\"lazy\" decoding=\"async\" aria-describedby=\"caption-attachment-2014\" class=\"size-full wp-image-2014 \" alt=\"Therapieplanung_1\" src=\"http:\/\/www.palliativpsychologie.de\/wp-content\/uploads\/Therapieplanung_1.jpg\" width=\"511\" height=\"143\" srcset=\"https:\/\/www.palliativpsychologie.de\/wp-content\/uploads\/Therapieplanung_1.jpg 511w, https:\/\/www.palliativpsychologie.de\/wp-content\/uploads\/Therapieplanung_1-300x83.jpg 300w, https:\/\/www.palliativpsychologie.de\/wp-content\/uploads\/Therapieplanung_1-500x139.jpg 500w\" sizes=\"auto, (max-width: 511px) 100vw, 511px\" \/><p id=\"caption-attachment-2014\" class=\"wp-caption-text\">Therapieplanung bei unheilbaren Erkrankungen, wie sie leider immer noch oft praktiziert wird: Palliative Care wird sehr sp\u00e4t eingebunden, wenn der Patient &#8222;austherapiert&#8220; ist.<\/p><\/div>\n<p>&nbsp;<\/p>\n<div id=\"attachment_2013\" style=\"width: 521px\" class=\"wp-caption alignleft\"><img loading=\"lazy\" decoding=\"async\" aria-describedby=\"caption-attachment-2013\" class=\"size-full wp-image-2013 \" alt=\"Therapieplanung_2\" src=\"http:\/\/www.palliativpsychologie.de\/wp-content\/uploads\/Therapieplanung_2.jpg\" width=\"511\" height=\"143\" srcset=\"https:\/\/www.palliativpsychologie.de\/wp-content\/uploads\/Therapieplanung_2.jpg 511w, https:\/\/www.palliativpsychologie.de\/wp-content\/uploads\/Therapieplanung_2-300x83.jpg 300w, https:\/\/www.palliativpsychologie.de\/wp-content\/uploads\/Therapieplanung_2-500x139.jpg 500w\" sizes=\"auto, (max-width: 511px) 100vw, 511px\" \/><p id=\"caption-attachment-2013\" class=\"wp-caption-text\">Therapieplanung bei unheilbaren Erkrankungen, wie sie w\u00fcnschenswert ist: Palliative Care wird sehr fr\u00fch und zun\u00e4chst punktuell eingebunden (&#8222;Early Integration&#8220;), die Betreuung der Angeh\u00f6rigen bezieht sich auch auf die Trauerphase nach dem <a href='https:\/\/www.palliativpsychologie.de\/?page_id=1527'>Tod<\/a> des Patienten.<\/p><\/div>\n","protected":false},"excerpt":{"rendered":"<p>A B D F G H I K L M N P R S T V W Z Definition der WHO von &#8222;Palliative Care&#8220; aus dem Jahr 1990: &#8222;Palliative Care ist die wirksame, ganzheitliche Betreuung von Patienten, deren Krankheit nicht &hellip; <a href=\"https:\/\/www.palliativpsychologie.de\/?page_id=1492\">Weiterlesen <span class=\"meta-nav\">&rarr;<\/span><\/a><\/p>\n","protected":false},"author":1,"featured_media":0,"parent":1229,"menu_order":0,"comment_status":"closed","ping_status":"closed","template":"sidebar-page.php","meta":{"footnotes":""},"class_list":["post-1492","page","type-page","status-publish","hentry"],"_links":{"self":[{"href":"https:\/\/www.palliativpsychologie.de\/index.php?rest_route=\/wp\/v2\/pages\/1492","targetHints":{"allow":["GET"]}}],"collection":[{"href":"https:\/\/www.palliativpsychologie.de\/index.php?rest_route=\/wp\/v2\/pages"}],"about":[{"href":"https:\/\/www.palliativpsychologie.de\/index.php?rest_route=\/wp\/v2\/types\/page"}],"author":[{"embeddable":true,"href":"https:\/\/www.palliativpsychologie.de\/index.php?rest_route=\/wp\/v2\/users\/1"}],"replies":[{"embeddable":true,"href":"https:\/\/www.palliativpsychologie.de\/index.php?rest_route=%2Fwp%2Fv2%2Fcomments&post=1492"}],"version-history":[{"count":6,"href":"https:\/\/www.palliativpsychologie.de\/index.php?rest_route=\/wp\/v2\/pages\/1492\/revisions"}],"predecessor-version":[{"id":2012,"href":"https:\/\/www.palliativpsychologie.de\/index.php?rest_route=\/wp\/v2\/pages\/1492\/revisions\/2012"}],"up":[{"embeddable":true,"href":"https:\/\/www.palliativpsychologie.de\/index.php?rest_route=\/wp\/v2\/pages\/1229"}],"wp:attachment":[{"href":"https:\/\/www.palliativpsychologie.de\/index.php?rest_route=%2Fwp%2Fv2%2Fmedia&parent=1492"}],"curies":[{"name":"wp","href":"https:\/\/api.w.org\/{rel}","templated":true}]}}