{"id":1488,"date":"2013-05-10T18:57:05","date_gmt":"2013-05-10T16:57:05","guid":{"rendered":"http:\/\/www.palliativpsychologie.de\/?page_id=1488"},"modified":"2013-11-08T21:51:17","modified_gmt":"2013-11-08T20:51:17","slug":"nahtoderfahrung","status":"publish","type":"page","link":"https:\/\/www.palliativpsychologie.de\/?page_id=1488","title":{"rendered":"Nahtoderfahrung"},"content":{"rendered":"<div class='AlphabeticList'><a href='https:\/\/www.palliativpsychologie.de\/?page_id=1229#A'>A<\/a> <a href='https:\/\/www.palliativpsychologie.de\/?page_id=1229#B'>B<\/a> <a href='https:\/\/www.palliativpsychologie.de\/?page_id=1229#D'>D<\/a> <a href='https:\/\/www.palliativpsychologie.de\/?page_id=1229#F'>F<\/a> <a href='https:\/\/www.palliativpsychologie.de\/?page_id=1229#G'>G<\/a> <a href='https:\/\/www.palliativpsychologie.de\/?page_id=1229#H'>H<\/a> <a href='https:\/\/www.palliativpsychologie.de\/?page_id=1229#I'>I<\/a> <a href='https:\/\/www.palliativpsychologie.de\/?page_id=1229#K'>K<\/a> <a href='https:\/\/www.palliativpsychologie.de\/?page_id=1229#L'>L<\/a> <a href='https:\/\/www.palliativpsychologie.de\/?page_id=1229#M'>M<\/a> <a href='https:\/\/www.palliativpsychologie.de\/?page_id=1229#P'>P<\/a> <a href='https:\/\/www.palliativpsychologie.de\/?page_id=1229#R'>R<\/a> <a href='https:\/\/www.palliativpsychologie.de\/?page_id=1229#S'>S<\/a> <a href='https:\/\/www.palliativpsychologie.de\/?page_id=1229#T'>T<\/a> <a href='https:\/\/www.palliativpsychologie.de\/?page_id=1229#V'>V<\/a> <a href='https:\/\/www.palliativpsychologie.de\/?page_id=1229#W'>W<\/a> <a href='https:\/\/www.palliativpsychologie.de\/?page_id=1229#Z'>Z<\/a> <\/div><p>Wenn Nahtoderfahrungen mit physiologischen Vorg\u00e4ngen im Gehirn erkl\u00e4rt werden, wird damit gar nichts erkl\u00e4rt &#8211; schlie\u00dflich basiert ALLES auf Vorg\u00e4ngen im Gehirn. Wenn Sie diesen Text lesen, ist das auch nichts anderes als ein Neuronengewitter in Ihrer Hirnmasse. Ist es deshalb unreal?<br \/>\nWichtiger, als Nahtoderfahrungen zu erkl\u00e4ren (oder weg zu erk\u00e4ren) ist, sich den Menschen zuzuwenden, die eine solche Erfahrung gemacht haben. Einige Patienten erleben solche Zust\u00e4nde w\u00e4hrend der Narkose bei Operationen. Viele reden nicht dar\u00fcber, aus <a href='https:\/\/www.palliativpsychologie.de\/?page_id=1438'>Angst<\/a> f\u00fcr verr\u00fcckt erkl\u00e4rt zu werden. Im Palliativbereich begegnen uns immer wieder Patienten, die keine <a href='https:\/\/www.palliativpsychologie.de\/?page_id=1438'>Angst<\/a> vor dem Tod haben, weil sie &#8222;schon mal dort gewesen&#8220; sind. Eine Nahtoderfahrung ist meist eine unsch\u00e4tzbar wertvolle Ressource, weil aus diesem Erleben eine tiefe <a href='https:\/\/www.palliativpsychologie.de\/?page_id=1513'>Ruhe<\/a> ausgeht. Es handelt sich dann um eine spirituelle Dimension, die keine Worte braucht. Manchen tut es aber gut, wenn sie darin best\u00e4rkt werden in diese Erfahrung zu vertrauen. Einige Menschen reagieren auch mit Erschrecken auf eine solche Erfahrung und manche nehmen sie auch sehr negativ wahr (es erscheint nicht immer ein Lichttunnel, sondern manchmal nur Einsamkeit und Dunkelheit). Dann soll man sie auch nicht gut-reden.<\/p>\n<p>Wenn im Rahmen einer palliativen Betreuung \u00fcber den <a href='https:\/\/www.palliativpsychologie.de\/?page_id=1527'>Tod<\/a> oder das Sterben gesprochen wird, ist es jedenfalls ratsam aktiv nach Nahtoderlebnissen zu fragen &#8211; insbesondere, wenn der Patient bereits mehrere OPs hinter sich hat. Auch Behandler, die an ein naturwissenschaftlich begr\u00fcndetes Weltbild glauben, sollten die Frage nach Nahtoderlebnissen nicht scheuen.<\/p>\n<p>Das Ph\u00e4nomen Nahtoderlebnis wird nach wie vor von der Schulmedizin (hierzu geh\u00f6rt auch die Palliativmedizin) gemieden. Vermutlich wird auch deshalb Elisabeth K\u00fcbler-Ross, die zweite Wegbereiterin von <a href='https:\/\/www.palliativpsychologie.de\/?page_id=1492'>Palliative Care<\/a> neben Cicely Saunders, in Palliativ-Lehrb\u00fcchern eher stiefm\u00fctterlich behandelt oder verschwiegen, weil sie den Nahtoderlebnissen absolute Realit\u00e4t zusprach und im Laufe ihres Schaffens dar\u00fcber zur \u00dcberzeugung gelangte, dass es ein Weiterleben nach dem <a href='https:\/\/www.palliativpsychologie.de\/?page_id=1527'>Tod<\/a> und eine Wiedergeburt gibt.<\/p>\n","protected":false},"excerpt":{"rendered":"<p>A B D F G H I K L M P R S T V W Z Wenn Nahtoderfahrungen mit physiologischen Vorg\u00e4ngen im Gehirn erkl\u00e4rt werden, wird damit gar nichts erkl\u00e4rt &#8211; schlie\u00dflich basiert ALLES auf Vorg\u00e4ngen im Gehirn. Wenn &hellip; <a href=\"https:\/\/www.palliativpsychologie.de\/?page_id=1488\">Weiterlesen <span class=\"meta-nav\">&rarr;<\/span><\/a><\/p>\n","protected":false},"author":1,"featured_media":0,"parent":1229,"menu_order":0,"comment_status":"closed","ping_status":"closed","template":"sidebar-page.php","meta":{"footnotes":""},"class_list":["post-1488","page","type-page","status-publish","hentry"],"_links":{"self":[{"href":"https:\/\/www.palliativpsychologie.de\/index.php?rest_route=\/wp\/v2\/pages\/1488","targetHints":{"allow":["GET"]}}],"collection":[{"href":"https:\/\/www.palliativpsychologie.de\/index.php?rest_route=\/wp\/v2\/pages"}],"about":[{"href":"https:\/\/www.palliativpsychologie.de\/index.php?rest_route=\/wp\/v2\/types\/page"}],"author":[{"embeddable":true,"href":"https:\/\/www.palliativpsychologie.de\/index.php?rest_route=\/wp\/v2\/users\/1"}],"replies":[{"embeddable":true,"href":"https:\/\/www.palliativpsychologie.de\/index.php?rest_route=%2Fwp%2Fv2%2Fcomments&post=1488"}],"version-history":[{"count":3,"href":"https:\/\/www.palliativpsychologie.de\/index.php?rest_route=\/wp\/v2\/pages\/1488\/revisions"}],"predecessor-version":[{"id":2022,"href":"https:\/\/www.palliativpsychologie.de\/index.php?rest_route=\/wp\/v2\/pages\/1488\/revisions\/2022"}],"up":[{"embeddable":true,"href":"https:\/\/www.palliativpsychologie.de\/index.php?rest_route=\/wp\/v2\/pages\/1229"}],"wp:attachment":[{"href":"https:\/\/www.palliativpsychologie.de\/index.php?rest_route=%2Fwp%2Fv2%2Fmedia&parent=1488"}],"curies":[{"name":"wp","href":"https:\/\/api.w.org\/{rel}","templated":true}]}}