{"id":1482,"date":"2013-05-10T18:55:54","date_gmt":"2013-05-10T16:55:54","guid":{"rendered":"http:\/\/www.palliativpsychologie.de\/?page_id=1482"},"modified":"2013-05-10T18:55:54","modified_gmt":"2013-05-10T16:55:54","slug":"macht","status":"publish","type":"page","link":"https:\/\/www.palliativpsychologie.de\/?page_id=1482","title":{"rendered":"Macht"},"content":{"rendered":"<div class='AlphabeticList'><a href='https:\/\/www.palliativpsychologie.de\/?page_id=1229#A'>A<\/a> <a href='https:\/\/www.palliativpsychologie.de\/?page_id=1229#B'>B<\/a> <a href='https:\/\/www.palliativpsychologie.de\/?page_id=1229#D'>D<\/a> <a href='https:\/\/www.palliativpsychologie.de\/?page_id=1229#F'>F<\/a> <a href='https:\/\/www.palliativpsychologie.de\/?page_id=1229#G'>G<\/a> <a href='https:\/\/www.palliativpsychologie.de\/?page_id=1229#H'>H<\/a> <a href='https:\/\/www.palliativpsychologie.de\/?page_id=1229#I'>I<\/a> <a href='https:\/\/www.palliativpsychologie.de\/?page_id=1229#K'>K<\/a> <a href='https:\/\/www.palliativpsychologie.de\/?page_id=1229#L'>L<\/a> <a href='https:\/\/www.palliativpsychologie.de\/?page_id=1229#M'>M<\/a> <a href='https:\/\/www.palliativpsychologie.de\/?page_id=1229#N'>N<\/a> <a href='https:\/\/www.palliativpsychologie.de\/?page_id=1229#P'>P<\/a> <a href='https:\/\/www.palliativpsychologie.de\/?page_id=1229#R'>R<\/a> <a href='https:\/\/www.palliativpsychologie.de\/?page_id=1229#S'>S<\/a> <a href='https:\/\/www.palliativpsychologie.de\/?page_id=1229#T'>T<\/a> <a href='https:\/\/www.palliativpsychologie.de\/?page_id=1229#V'>V<\/a> <a href='https:\/\/www.palliativpsychologie.de\/?page_id=1229#W'>W<\/a> <a href='https:\/\/www.palliativpsychologie.de\/?page_id=1229#Z'>Z<\/a> <\/div><p>Macht wird von manchen als ein Bed\u00fcrfnis bezeichnet, ist aber keines. Macht ist eine Strategie, um Bed\u00fcrfnisse zu erf\u00fcllen. Der Stellenwert von Macht bei \u00c4rzten h\u00e4ngt vermutlich mit deren Sozialisation in einem von Macht gepr\u00e4gten System zusammen, welches durch eine Vielzahl subtiler Machttechniken (Michel Foucault) am Laufen gehalten wird (vgl. <a href='https:\/\/www.palliativpsychologie.de\/?page_id=1440'>Arzt-Pflege-Spiel<\/a>).<\/p>\n","protected":false},"excerpt":{"rendered":"<p>A B D F G H I K L M N P R S T V W Z Macht wird von manchen als ein Bed\u00fcrfnis bezeichnet, ist aber keines. Macht ist eine Strategie, um Bed\u00fcrfnisse zu erf\u00fcllen. Der Stellenwert von &hellip; <a href=\"https:\/\/www.palliativpsychologie.de\/?page_id=1482\">Weiterlesen <span class=\"meta-nav\">&rarr;<\/span><\/a><\/p>\n","protected":false},"author":1,"featured_media":0,"parent":1229,"menu_order":0,"comment_status":"closed","ping_status":"closed","template":"sidebar-page.php","meta":{"footnotes":""},"class_list":["post-1482","page","type-page","status-publish","hentry"],"_links":{"self":[{"href":"https:\/\/www.palliativpsychologie.de\/index.php?rest_route=\/wp\/v2\/pages\/1482","targetHints":{"allow":["GET"]}}],"collection":[{"href":"https:\/\/www.palliativpsychologie.de\/index.php?rest_route=\/wp\/v2\/pages"}],"about":[{"href":"https:\/\/www.palliativpsychologie.de\/index.php?rest_route=\/wp\/v2\/types\/page"}],"author":[{"embeddable":true,"href":"https:\/\/www.palliativpsychologie.de\/index.php?rest_route=\/wp\/v2\/users\/1"}],"replies":[{"embeddable":true,"href":"https:\/\/www.palliativpsychologie.de\/index.php?rest_route=%2Fwp%2Fv2%2Fcomments&post=1482"}],"version-history":[{"count":1,"href":"https:\/\/www.palliativpsychologie.de\/index.php?rest_route=\/wp\/v2\/pages\/1482\/revisions"}],"predecessor-version":[{"id":1483,"href":"https:\/\/www.palliativpsychologie.de\/index.php?rest_route=\/wp\/v2\/pages\/1482\/revisions\/1483"}],"up":[{"embeddable":true,"href":"https:\/\/www.palliativpsychologie.de\/index.php?rest_route=\/wp\/v2\/pages\/1229"}],"wp:attachment":[{"href":"https:\/\/www.palliativpsychologie.de\/index.php?rest_route=%2Fwp%2Fv2%2Fmedia&parent=1482"}],"curies":[{"name":"wp","href":"https:\/\/api.w.org\/{rel}","templated":true}]}}