{"id":1454,"date":"2013-05-10T18:38:48","date_gmt":"2013-05-10T16:38:48","guid":{"rendered":"http:\/\/www.palliativpsychologie.de\/?page_id=1454"},"modified":"2013-05-10T18:38:48","modified_gmt":"2013-05-10T16:38:48","slug":"familiengesprach","status":"publish","type":"page","link":"https:\/\/www.palliativpsychologie.de\/?page_id=1454","title":{"rendered":"Familiengespr\u00e4ch"},"content":{"rendered":"<div class='AlphabeticList'><a href='https:\/\/www.palliativpsychologie.de\/?page_id=1229#A'>A<\/a> <a href='https:\/\/www.palliativpsychologie.de\/?page_id=1229#B'>B<\/a> <a href='https:\/\/www.palliativpsychologie.de\/?page_id=1229#D'>D<\/a> <a href='https:\/\/www.palliativpsychologie.de\/?page_id=1229#F'>F<\/a> <a href='https:\/\/www.palliativpsychologie.de\/?page_id=1229#G'>G<\/a> <a href='https:\/\/www.palliativpsychologie.de\/?page_id=1229#H'>H<\/a> <a href='https:\/\/www.palliativpsychologie.de\/?page_id=1229#I'>I<\/a> <a href='https:\/\/www.palliativpsychologie.de\/?page_id=1229#K'>K<\/a> <a href='https:\/\/www.palliativpsychologie.de\/?page_id=1229#L'>L<\/a> <a href='https:\/\/www.palliativpsychologie.de\/?page_id=1229#M'>M<\/a> <a href='https:\/\/www.palliativpsychologie.de\/?page_id=1229#N'>N<\/a> <a href='https:\/\/www.palliativpsychologie.de\/?page_id=1229#P'>P<\/a> <a href='https:\/\/www.palliativpsychologie.de\/?page_id=1229#R'>R<\/a> <a href='https:\/\/www.palliativpsychologie.de\/?page_id=1229#S'>S<\/a> <a href='https:\/\/www.palliativpsychologie.de\/?page_id=1229#T'>T<\/a> <a href='https:\/\/www.palliativpsychologie.de\/?page_id=1229#V'>V<\/a> <a href='https:\/\/www.palliativpsychologie.de\/?page_id=1229#W'>W<\/a> <a href='https:\/\/www.palliativpsychologie.de\/?page_id=1229#Z'>Z<\/a> <\/div><p>Zu verschiedenen Anl\u00e4ssen ist es ratsam, ein Familiengespr\u00e4ch anzuberaumen:<\/p>\n<ul>\n<li>zur Strategiekl\u00e4rung: Wenn es um das Absetzen einer Therapie geht (kurative Therapie, Blutgaben, k\u00fcnstliche Ern\u00e4hrung u.\u00e4.) oder um die weitere Versorgung (zuhause oder Hospiz, geriatrische Reha, Kurzzeitpflege etc.)<\/li>\n<li>zur Thematisierung der aktuellen Situation; meist, um Angeh\u00f6rige auf die Situation einzustimmen (dass es ums Sterben geht), um die Bed\u00fcrfnisse des Patienten zu kl\u00e4ren, um (unn\u00f6tigen) Aktionismus seitens Angeh\u00f6riger zu bremsen.<\/li>\n<li>Konflikthafte Familiendynamik<\/li>\n<\/ul>\n<p>Ziele eines Familiengespr\u00e4chs sind:<\/p>\n<ul>\n<li>Das miteinander in Kontakt kommen, \u00fcber die Situation kommunizieren lernen (Katalysatorfunktion)<\/li>\n<li>&#8222;Vertr\u00e4ge&#8220; zwischen den Familienmitgliedern bei unterschiedlichen Bed\u00fcrfnissen<\/li>\n<li>Entscheidungsfindung (Absetzen von Ern\u00e4hrung, Verlegung ins Hospiz u.\u00e4.)<\/li>\n<\/ul>\n","protected":false},"excerpt":{"rendered":"<p>A B D F G H I K L M N P R S T V W Z Zu verschiedenen Anl\u00e4ssen ist es ratsam, ein Familiengespr\u00e4ch anzuberaumen: zur Strategiekl\u00e4rung: Wenn es um das Absetzen einer Therapie geht (kurative Therapie, Blutgaben, &hellip; <a href=\"https:\/\/www.palliativpsychologie.de\/?page_id=1454\">Weiterlesen <span class=\"meta-nav\">&rarr;<\/span><\/a><\/p>\n","protected":false},"author":1,"featured_media":0,"parent":1229,"menu_order":0,"comment_status":"closed","ping_status":"closed","template":"sidebar-page.php","meta":{"footnotes":""},"class_list":["post-1454","page","type-page","status-publish","hentry"],"_links":{"self":[{"href":"https:\/\/www.palliativpsychologie.de\/index.php?rest_route=\/wp\/v2\/pages\/1454","targetHints":{"allow":["GET"]}}],"collection":[{"href":"https:\/\/www.palliativpsychologie.de\/index.php?rest_route=\/wp\/v2\/pages"}],"about":[{"href":"https:\/\/www.palliativpsychologie.de\/index.php?rest_route=\/wp\/v2\/types\/page"}],"author":[{"embeddable":true,"href":"https:\/\/www.palliativpsychologie.de\/index.php?rest_route=\/wp\/v2\/users\/1"}],"replies":[{"embeddable":true,"href":"https:\/\/www.palliativpsychologie.de\/index.php?rest_route=%2Fwp%2Fv2%2Fcomments&post=1454"}],"version-history":[{"count":1,"href":"https:\/\/www.palliativpsychologie.de\/index.php?rest_route=\/wp\/v2\/pages\/1454\/revisions"}],"predecessor-version":[{"id":1455,"href":"https:\/\/www.palliativpsychologie.de\/index.php?rest_route=\/wp\/v2\/pages\/1454\/revisions\/1455"}],"up":[{"embeddable":true,"href":"https:\/\/www.palliativpsychologie.de\/index.php?rest_route=\/wp\/v2\/pages\/1229"}],"wp:attachment":[{"href":"https:\/\/www.palliativpsychologie.de\/index.php?rest_route=%2Fwp%2Fv2%2Fmedia&parent=1454"}],"curies":[{"name":"wp","href":"https:\/\/api.w.org\/{rel}","templated":true}]}}