{"id":1450,"date":"2013-05-10T18:35:42","date_gmt":"2013-05-10T16:35:42","guid":{"rendered":"http:\/\/www.palliativpsychologie.de\/?page_id=1450"},"modified":"2013-05-28T17:12:24","modified_gmt":"2013-05-28T15:12:24","slug":"dignity-therapy","status":"publish","type":"page","link":"https:\/\/www.palliativpsychologie.de\/?page_id=1450","title":{"rendered":"Dignity Therapy"},"content":{"rendered":"<div class='AlphabeticList'><a href='https:\/\/www.palliativpsychologie.de\/?page_id=1229#A'>A<\/a> <a href='https:\/\/www.palliativpsychologie.de\/?page_id=1229#B'>B<\/a> <a href='https:\/\/www.palliativpsychologie.de\/?page_id=1229#D'>D<\/a> <a href='https:\/\/www.palliativpsychologie.de\/?page_id=1229#F'>F<\/a> <a href='https:\/\/www.palliativpsychologie.de\/?page_id=1229#G'>G<\/a> <a href='https:\/\/www.palliativpsychologie.de\/?page_id=1229#H'>H<\/a> <a href='https:\/\/www.palliativpsychologie.de\/?page_id=1229#I'>I<\/a> <a href='https:\/\/www.palliativpsychologie.de\/?page_id=1229#K'>K<\/a> <a href='https:\/\/www.palliativpsychologie.de\/?page_id=1229#L'>L<\/a> <a href='https:\/\/www.palliativpsychologie.de\/?page_id=1229#M'>M<\/a> <a href='https:\/\/www.palliativpsychologie.de\/?page_id=1229#N'>N<\/a> <a href='https:\/\/www.palliativpsychologie.de\/?page_id=1229#P'>P<\/a> <a href='https:\/\/www.palliativpsychologie.de\/?page_id=1229#R'>R<\/a> <a href='https:\/\/www.palliativpsychologie.de\/?page_id=1229#S'>S<\/a> <a href='https:\/\/www.palliativpsychologie.de\/?page_id=1229#T'>T<\/a> <a href='https:\/\/www.palliativpsychologie.de\/?page_id=1229#V'>V<\/a> <a href='https:\/\/www.palliativpsychologie.de\/?page_id=1229#W'>W<\/a> <a href='https:\/\/www.palliativpsychologie.de\/?page_id=1229#Z'>Z<\/a> <\/div><p>In <a href='https:\/\/www.palliativpsychologie.de\/?page_id=1547'>W\u00fcrde<\/a> zu sterben ist ein Wunsch, der neben der Linderung von Leiden auch das Gef\u00fchl inneren Friedens und gute Beziehungen zu den wichtigsten Bezugspersonen beinhaltet. Das Gef\u00fchl seine <a href='https:\/\/www.palliativpsychologie.de\/?page_id=1547'>W\u00fcrde<\/a> verloren zu haben, keinen Sinn mehr zu sehen und nur noch eine Belastung f\u00fcr andere zu sein, verst\u00e4rkt den Wunsch nach aktiver Sterbehilfe. Die St\u00e4rkung des Gef\u00fchls der <a href='https:\/\/www.palliativpsychologie.de\/?page_id=1547'>W\u00fcrde<\/a> nimmt also einen zentralen Platz in der Behandlung von Sterbenden ein. Die von einer Forschergruppe um Chochinov auf empirischer Basis entwickelte Dignity Therapy (Chochinov et al. 2005) stellt hierzu als effektives Instrument zur Verf\u00fcgung. Es handelt sich um eine Form von Biographiearbeit, in welcher dem Patienten ein Fragenkatalog vorgelegt wird, anhand dessen ein Interview erfolgt, welches aufgezeichnet wird. Der Therapeut hilft dabei, die Schilderungen zu strukturieren. Anschlie\u00dfend werden die Aufnahmen transkribiert, mit dem Patienten gemeinsam editiert, dann ausgedruckt und schlie\u00dflich dem Patienten vorgelesen. Das Skript verbleibt beim Patienten, der es dann auch seinen Angeh\u00f6rigen zeigen kann.<\/p>\n<p><strong>Fragenkatalog der Dignity Therapy<\/strong><br \/>\n(Chochinov et al. 2005, nach Eychm\u00fcller 2011)<br \/>\n\u2022 Wann haben Sie sich am lebendigsten gef\u00fchlt?<br \/>\n\u2022 Was m\u00f6chten Sie, dass ihre Angeh\u00f6rigen von Ihnen in Erinnerung behalten?<br \/>\n\u2022 Was sind die wichtigsten Lehren des Lebens f\u00fcr Sie?<br \/>\n\u2022 Welche Rollen in Ihrem <a href='https:\/\/www.palliativpsychologie.de\/?page_id=1474'>Leben<\/a> waren am wichtigsten?<br \/>\n\u2022 Worauf sind Sie stolz?<br \/>\n\u2022 Was ist noch unfertig, was braucht noch Abschluss?<br \/>\n\u2022 Welche W\u00fcnsche und Hoffnungen haben Sie f\u00fcr Ihre Angeh\u00f6rigen? Haben Sie hierf\u00fcr<br \/>\nRatschl\u00e4ge?<\/p>\n<p>Den Original-Artikel von Chochinov et al. (2005) k\u00f6nnen Sie <a href=\"http:\/\/jco.ascopubs.org\/content\/23\/24\/5520.full.pdf\" target=\"_blank\">hier <\/a>herunterladen.<\/p>\n<p><span style=\"text-decoration: underline;\">Literatur:<\/span><br \/>\nChochinov, H. M., Hack, T., Hassard, T., Kristjanson, L. J., McClement, S., &amp; Harlos, M. (2005). Dignity therapy: a novel psychotherapeutic intervention for patients near the end of life. Journal of clinical oncology, 23(24), 5520-5525.<\/p>\n<p>&nbsp;<\/p>\n","protected":false},"excerpt":{"rendered":"<p>A B D F G H I K L M N P R S T V W Z In W\u00fcrde zu sterben ist ein Wunsch, der neben der Linderung von Leiden auch das Gef\u00fchl inneren Friedens und gute Beziehungen zu &hellip; <a href=\"https:\/\/www.palliativpsychologie.de\/?page_id=1450\">Weiterlesen <span class=\"meta-nav\">&rarr;<\/span><\/a><\/p>\n","protected":false},"author":1,"featured_media":0,"parent":1229,"menu_order":0,"comment_status":"closed","ping_status":"closed","template":"sidebar-page.php","meta":{"footnotes":""},"class_list":["post-1450","page","type-page","status-publish","hentry"],"_links":{"self":[{"href":"https:\/\/www.palliativpsychologie.de\/index.php?rest_route=\/wp\/v2\/pages\/1450","targetHints":{"allow":["GET"]}}],"collection":[{"href":"https:\/\/www.palliativpsychologie.de\/index.php?rest_route=\/wp\/v2\/pages"}],"about":[{"href":"https:\/\/www.palliativpsychologie.de\/index.php?rest_route=\/wp\/v2\/types\/page"}],"author":[{"embeddable":true,"href":"https:\/\/www.palliativpsychologie.de\/index.php?rest_route=\/wp\/v2\/users\/1"}],"replies":[{"embeddable":true,"href":"https:\/\/www.palliativpsychologie.de\/index.php?rest_route=%2Fwp%2Fv2%2Fcomments&post=1450"}],"version-history":[{"count":5,"href":"https:\/\/www.palliativpsychologie.de\/index.php?rest_route=\/wp\/v2\/pages\/1450\/revisions"}],"predecessor-version":[{"id":1641,"href":"https:\/\/www.palliativpsychologie.de\/index.php?rest_route=\/wp\/v2\/pages\/1450\/revisions\/1641"}],"up":[{"embeddable":true,"href":"https:\/\/www.palliativpsychologie.de\/index.php?rest_route=\/wp\/v2\/pages\/1229"}],"wp:attachment":[{"href":"https:\/\/www.palliativpsychologie.de\/index.php?rest_route=%2Fwp%2Fv2%2Fmedia&parent=1450"}],"curies":[{"name":"wp","href":"https:\/\/api.w.org\/{rel}","templated":true}]}}