{"id":1433,"date":"2013-05-10T18:24:15","date_gmt":"2013-05-10T16:24:15","guid":{"rendered":"http:\/\/www.palliativpsychologie.de\/?page_id=1433"},"modified":"2013-05-10T18:24:15","modified_gmt":"2013-05-10T16:24:15","slug":"anamnese","status":"publish","type":"page","link":"https:\/\/www.palliativpsychologie.de\/?page_id=1433","title":{"rendered":"Anamnese"},"content":{"rendered":"<div class='AlphabeticList'><a href='https:\/\/www.palliativpsychologie.de\/?page_id=1229#A'>A<\/a> <a href='https:\/\/www.palliativpsychologie.de\/?page_id=1229#B'>B<\/a> <a href='https:\/\/www.palliativpsychologie.de\/?page_id=1229#D'>D<\/a> <a href='https:\/\/www.palliativpsychologie.de\/?page_id=1229#F'>F<\/a> <a href='https:\/\/www.palliativpsychologie.de\/?page_id=1229#G'>G<\/a> <a href='https:\/\/www.palliativpsychologie.de\/?page_id=1229#H'>H<\/a> <a href='https:\/\/www.palliativpsychologie.de\/?page_id=1229#I'>I<\/a> <a href='https:\/\/www.palliativpsychologie.de\/?page_id=1229#K'>K<\/a> <a href='https:\/\/www.palliativpsychologie.de\/?page_id=1229#L'>L<\/a> <a href='https:\/\/www.palliativpsychologie.de\/?page_id=1229#M'>M<\/a> <a href='https:\/\/www.palliativpsychologie.de\/?page_id=1229#N'>N<\/a> <a href='https:\/\/www.palliativpsychologie.de\/?page_id=1229#P'>P<\/a> <a href='https:\/\/www.palliativpsychologie.de\/?page_id=1229#R'>R<\/a> <a href='https:\/\/www.palliativpsychologie.de\/?page_id=1229#S'>S<\/a> <a href='https:\/\/www.palliativpsychologie.de\/?page_id=1229#T'>T<\/a> <a href='https:\/\/www.palliativpsychologie.de\/?page_id=1229#V'>V<\/a> <a href='https:\/\/www.palliativpsychologie.de\/?page_id=1229#W'>W<\/a> <a href='https:\/\/www.palliativpsychologie.de\/?page_id=1229#Z'>Z<\/a> <\/div><p>In der Anamnese werden die Informationen eingeholt, die wichtig f\u00fcr die Behandlung des Patienten sind. \u00dcber die Anamnese entsteht ein erstes Bild vom zu Behandlenden im Kopf des Behandlers, der dadurch Orientierung f\u00fcr die Behandlungsziele, aber auch f\u00fcr den Umgang mit dem Patienten erh\u00e4lt. Die Art der Informationen, die eingeholt werden, ist auch abh\u00e4ngig von der Profession des Behandlers. Aus \u00e4rztlicher Perspektive stehen andere Informationen im Vordergrund (k\u00f6rperliche Diagnosen, Krankheitsgeschichte, Behandlungswege u.\u00e4.) als f\u00fcr einen Psychologen (famili\u00e4rer Hintergrund, Copingstrategien, Ressourcen u.\u00e4.). Eine rein medizinische Anamnese, die den Schwerpunkt auf das Krankheitsgeschehen legt und somit einen defizit\u00e4ren Blick darstellt, ist einseitig. Sie reduziert den Menschen, der im Kontext der medizinischen Versorgung in der Rolle als Patient auftritt, auf dessen K\u00f6rper, losgel\u00f6st von seiner psychischen Befindlichkeit, seelischen Verankerung, famili\u00e4rer Eingebundenheit, beruflicher Orientierung u.s.w.<br \/>\nEine Anamnese im Palliativbereich muss alle Bereiche gleicherma\u00dfen umfassen. Der famili\u00e4re Hintergrund ist auch deshalb wichtig, weil ein bio-psycho-sozialer Ansatz, wie ihn <a href='https:\/\/www.palliativpsychologie.de\/?page_id=1492'>Palliative Care<\/a> beansprucht, eine multiperspektivische Anamnese erfordert. Es besteht sonst immer die Gefahr, dass wir Wesentliches \u00fcbersehen und am Patienten vorbeibehandeln.<\/p>\n<p>Ein psycho-soziales Anamneseinstrument ist beispielsweise das <a href='https:\/\/www.palliativpsychologie.de\/?page_id=1460'>Genogramm<\/a>, zur spirituellen Anamnese kann der SPIR, ein halbstrukturiertes klinisches Interview, dienen.<\/p>\n<p>F\u00fcr alle Anamneseinstrumente gilt: Die Karte ist nicht die Landschaft. Die Einordnung in Kategorien oder numerische Auspr\u00e4gungen mag uns zu einem besseren Verstehen des Gegen\u00fcbers verhelfen, davon unber\u00fchrt bleibt die Herausforderung in die unmittelbare Begegnung mit Aufrichtigkeit und Offenheit zu treten.<\/p>\n","protected":false},"excerpt":{"rendered":"<p>A B D F G H I K L M N P R S T V W Z In der Anamnese werden die Informationen eingeholt, die wichtig f\u00fcr die Behandlung des Patienten sind. \u00dcber die Anamnese entsteht ein erstes Bild &hellip; <a href=\"https:\/\/www.palliativpsychologie.de\/?page_id=1433\">Weiterlesen <span class=\"meta-nav\">&rarr;<\/span><\/a><\/p>\n","protected":false},"author":1,"featured_media":0,"parent":1229,"menu_order":0,"comment_status":"closed","ping_status":"closed","template":"sidebar-page.php","meta":{"footnotes":""},"class_list":["post-1433","page","type-page","status-publish","hentry"],"_links":{"self":[{"href":"https:\/\/www.palliativpsychologie.de\/index.php?rest_route=\/wp\/v2\/pages\/1433","targetHints":{"allow":["GET"]}}],"collection":[{"href":"https:\/\/www.palliativpsychologie.de\/index.php?rest_route=\/wp\/v2\/pages"}],"about":[{"href":"https:\/\/www.palliativpsychologie.de\/index.php?rest_route=\/wp\/v2\/types\/page"}],"author":[{"embeddable":true,"href":"https:\/\/www.palliativpsychologie.de\/index.php?rest_route=\/wp\/v2\/users\/1"}],"replies":[{"embeddable":true,"href":"https:\/\/www.palliativpsychologie.de\/index.php?rest_route=%2Fwp%2Fv2%2Fcomments&post=1433"}],"version-history":[{"count":1,"href":"https:\/\/www.palliativpsychologie.de\/index.php?rest_route=\/wp\/v2\/pages\/1433\/revisions"}],"predecessor-version":[{"id":1434,"href":"https:\/\/www.palliativpsychologie.de\/index.php?rest_route=\/wp\/v2\/pages\/1433\/revisions\/1434"}],"up":[{"embeddable":true,"href":"https:\/\/www.palliativpsychologie.de\/index.php?rest_route=\/wp\/v2\/pages\/1229"}],"wp:attachment":[{"href":"https:\/\/www.palliativpsychologie.de\/index.php?rest_route=%2Fwp%2Fv2%2Fmedia&parent=1433"}],"curies":[{"name":"wp","href":"https:\/\/api.w.org\/{rel}","templated":true}]}}