{"id":1359,"date":"2013-05-07T11:48:58","date_gmt":"2013-05-07T09:48:58","guid":{"rendered":"http:\/\/www.palliativpsychologie.de\/?page_id=1359"},"modified":"2013-09-22T22:58:20","modified_gmt":"2013-09-22T20:58:20","slug":"materialien","status":"publish","type":"page","link":"https:\/\/www.palliativpsychologie.de\/?page_id=1359","title":{"rendered":"Materialien"},"content":{"rendered":"<p>Hier stellen wir Materialien zur Verf\u00fcgung, die Sie f\u00fcr Ihre Arbeit gerne verwenden k\u00f6nnen (Handouts, \u00dcbungsanleitungen etc.). Wir sind der Meinung, dass Wissen allgemein zur Verf\u00fcgung gestellt und geteilt werden sollte, bitten bei Verwendung aber um die Angabe der Autorenschaft.<br \/>\nNeben selbst erstellten Materialien finden Sie hier auch Links auf andere Seiten.<\/p>\n<p>&nbsp;<\/p>\n","protected":false},"excerpt":{"rendered":"<p>Hier stellen wir Materialien zur Verf\u00fcgung, die Sie f\u00fcr Ihre Arbeit gerne verwenden k\u00f6nnen (Handouts, \u00dcbungsanleitungen etc.). Wir sind der Meinung, dass Wissen allgemein zur Verf\u00fcgung gestellt und geteilt werden sollte, bitten bei Verwendung aber um die Angabe der Autorenschaft. &hellip; <a href=\"https:\/\/www.palliativpsychologie.de\/?page_id=1359\">Weiterlesen <span class=\"meta-nav\">&rarr;<\/span><\/a><\/p>\n","protected":false},"author":1,"featured_media":0,"parent":0,"menu_order":0,"comment_status":"closed","ping_status":"closed","template":"sidebar-page.php","meta":{"footnotes":""},"class_list":["post-1359","page","type-page","status-publish","hentry"],"_links":{"self":[{"href":"https:\/\/www.palliativpsychologie.de\/index.php?rest_route=\/wp\/v2\/pages\/1359","targetHints":{"allow":["GET"]}}],"collection":[{"href":"https:\/\/www.palliativpsychologie.de\/index.php?rest_route=\/wp\/v2\/pages"}],"about":[{"href":"https:\/\/www.palliativpsychologie.de\/index.php?rest_route=\/wp\/v2\/types\/page"}],"author":[{"embeddable":true,"href":"https:\/\/www.palliativpsychologie.de\/index.php?rest_route=\/wp\/v2\/users\/1"}],"replies":[{"embeddable":true,"href":"https:\/\/www.palliativpsychologie.de\/index.php?rest_route=%2Fwp%2Fv2%2Fcomments&post=1359"}],"version-history":[{"count":45,"href":"https:\/\/www.palliativpsychologie.de\/index.php?rest_route=\/wp\/v2\/pages\/1359\/revisions"}],"predecessor-version":[{"id":1361,"href":"https:\/\/www.palliativpsychologie.de\/index.php?rest_route=\/wp\/v2\/pages\/1359\/revisions\/1361"}],"wp:attachment":[{"href":"https:\/\/www.palliativpsychologie.de\/index.php?rest_route=%2Fwp%2Fv2%2Fmedia&parent=1359"}],"curies":[{"name":"wp","href":"https:\/\/api.w.org\/{rel}","templated":true}]}}