{"id":1261,"date":"2013-02-11T18:04:48","date_gmt":"2013-02-11T17:04:48","guid":{"rendered":"http:\/\/www.palliativpsychologie.de\/?page_id=1261"},"modified":"2014-01-26T00:26:20","modified_gmt":"2014-01-25T23:26:20","slug":"inhouse-seminare","status":"publish","type":"page","link":"https:\/\/www.palliativpsychologie.de\/?page_id=1261","title":{"rendered":"Inhouse-Seminare"},"content":{"rendered":"<p>Gerne f\u00fchren wir auch Schulungen in Ihrer Einrichtung durch, unter anderem zu folgenden Themen:<\/p>\n<ul>\n<li>Einf\u00fchlsame Kommunikation (GfK)<\/li>\n<li>Umgang mit Leid<\/li>\n<li>Achtsamkeit im Berufsalltag<\/li>\n<li>Selbstf\u00fcrsorge und Burnout-Prophylaxe<\/li>\n<li>Kriegskindergeneration in Palliative Care und Hospizarbeit<\/li>\n<\/ul>\n<p>Kommen Sie einfach auf uns zu, damit wir miteinander besprechen k\u00f6nnen, welche Schulung Sie in welcher Form f\u00fcr Ihre Einrichtung w\u00fcnschen.<\/p>\n<p><a title=\"Kontakt\" href=\"http:\/\/www.palliativpsychologie.de\/?page_id=39\">\u00bb zum Kontaktformular<\/a><\/p>\n","protected":false},"excerpt":{"rendered":"<p>Gerne f\u00fchren wir auch Schulungen in Ihrer Einrichtung durch, unter anderem zu folgenden Themen: Einf\u00fchlsame Kommunikation (GfK) Umgang mit Leid Achtsamkeit im Berufsalltag Selbstf\u00fcrsorge und Burnout-Prophylaxe Kriegskindergeneration in Palliative Care und Hospizarbeit Kommen Sie einfach auf uns zu, damit wir &hellip; <a href=\"https:\/\/www.palliativpsychologie.de\/?page_id=1261\">Weiterlesen <span class=\"meta-nav\">&rarr;<\/span><\/a><\/p>\n","protected":false},"author":1,"featured_media":0,"parent":23,"menu_order":0,"comment_status":"closed","ping_status":"closed","template":"sidebar-page.php","meta":{"footnotes":""},"class_list":["post-1261","page","type-page","status-publish","hentry"],"_links":{"self":[{"href":"https:\/\/www.palliativpsychologie.de\/index.php?rest_route=\/wp\/v2\/pages\/1261","targetHints":{"allow":["GET"]}}],"collection":[{"href":"https:\/\/www.palliativpsychologie.de\/index.php?rest_route=\/wp\/v2\/pages"}],"about":[{"href":"https:\/\/www.palliativpsychologie.de\/index.php?rest_route=\/wp\/v2\/types\/page"}],"author":[{"embeddable":true,"href":"https:\/\/www.palliativpsychologie.de\/index.php?rest_route=\/wp\/v2\/users\/1"}],"replies":[{"embeddable":true,"href":"https:\/\/www.palliativpsychologie.de\/index.php?rest_route=%2Fwp%2Fv2%2Fcomments&post=1261"}],"version-history":[{"count":10,"href":"https:\/\/www.palliativpsychologie.de\/index.php?rest_route=\/wp\/v2\/pages\/1261\/revisions"}],"predecessor-version":[{"id":2271,"href":"https:\/\/www.palliativpsychologie.de\/index.php?rest_route=\/wp\/v2\/pages\/1261\/revisions\/2271"}],"up":[{"embeddable":true,"href":"https:\/\/www.palliativpsychologie.de\/index.php?rest_route=\/wp\/v2\/pages\/23"}],"wp:attachment":[{"href":"https:\/\/www.palliativpsychologie.de\/index.php?rest_route=%2Fwp%2Fv2%2Fmedia&parent=1261"}],"curies":[{"name":"wp","href":"https:\/\/api.w.org\/{rel}","templated":true}]}}