{"id":1229,"date":"2013-01-30T19:33:05","date_gmt":"2013-01-30T18:33:05","guid":{"rendered":"http:\/\/www.palliativpsychologie.de\/?page_id=1229"},"modified":"2013-05-10T18:21:24","modified_gmt":"2013-05-10T16:21:24","slug":"glossar","status":"publish","type":"page","link":"https:\/\/www.palliativpsychologie.de\/?page_id=1229","title":{"rendered":"Glossar"},"content":{"rendered":"<p>Das Glossar stellt eine Sammlung von Begriffen dar, die wir im Zusammenhang mit Palliativpsychologie, wie wir sie verstehen und definieren, f\u00fcr wesentlich oder zumindest relevant halten. Teilweise wird auch von anderen Unter-Seiten unserer Webseite auf einzelne Begriffe verwiesen.<\/p>\n<p>Die Beschreibung der Begriffe erfolgt aus unserer subjektiven Sichtweise und mag von Zeit zu Zeit modifiziert werden. Nach und nach werden auch Quellenangaben eingef\u00fcgt, \u00fcber die wir uns auf Forschungsergebnisse beziehen. Wir verstehen diese Begriffssammlung als &#8222;work in progress&#8220; und somit als nie abgeschlossen. Einige Begriffe sind zun\u00e4chst auch nur als \u00dcberschrift ohne Erkl\u00e4rung aufgenommen und werden mit der Zeit vervollst\u00e4ndigt.<\/p>\n<div class='AlphabeticList'><a href='#A'>A<\/a> <a href='#B'>B<\/a> <a href='#D'>D<\/a> <a href='#F'>F<\/a> <a href='#G'>G<\/a> <a href='#H'>H<\/a> <a href='#I'>I<\/a> <a href='#K'>K<\/a> <a href='#L'>L<\/a> <a href='#M'>M<\/a> <a href='#N'>N<\/a> <a href='#P'>P<\/a> <a href='#R'>R<\/a> <a href='#S'>S<\/a> <a href='#T'>T<\/a> <a href='#V'>V<\/a> <a href='#W'>W<\/a> <a href='#Z'>Z<\/a> <\/div><h2 class='initial' id='A'>A<\/h2><a href='https:\/\/www.palliativpsychologie.de\/?page_id=1409'>Achtsamkeit<\/a><br \/><a href='https:\/\/www.palliativpsychologie.de\/?page_id=1431'>Aggression<\/a><br \/><a href='https:\/\/www.palliativpsychologie.de\/?page_id=1420'>Allparteilichkeit<\/a><br \/><a href='https:\/\/www.palliativpsychologie.de\/?page_id=1433'>Anamnese<\/a><br \/><a href='https:\/\/www.palliativpsychologie.de\/?page_id=1438'>Angst<\/a><br \/><a href='https:\/\/www.palliativpsychologie.de\/?page_id=1440'>Arzt-Pflege-Spiel<\/a><br \/><h2 class='initial' id='B'>B<\/h2><a href='https:\/\/www.palliativpsychologie.de\/?page_id=1442'>Betroffenheit<\/a><br \/><h2 class='initial' id='D'>D<\/h2><a href='https:\/\/www.palliativpsychologie.de\/?page_id=1444'>Demut<\/a><br \/><a href='https:\/\/www.palliativpsychologie.de\/?page_id=1446'>DGP - Deutsche Gesellschaft f\u00fcr Palliativmedizin<\/a><br \/><a href='https:\/\/www.palliativpsychologie.de\/?page_id=1448'>DHPV - Deutscher Hospiz- und Palliativverband<\/a><br \/><a href='https:\/\/www.palliativpsychologie.de\/?page_id=1450'>Dignity Therapy<\/a><br \/><h2 class='initial' id='F'>F<\/h2><a href='https:\/\/www.palliativpsychologie.de\/?page_id=1422'>Familie<\/a><br \/><a href='https:\/\/www.palliativpsychologie.de\/?page_id=1454'>Familiengespr\u00e4ch<\/a><br \/><a href='https:\/\/www.palliativpsychologie.de\/?page_id=1456'>Familienmedizin, systemische<\/a><br \/><a href='https:\/\/www.palliativpsychologie.de\/?page_id=1635'>Frieden, innerer<\/a><br \/><h2 class='initial' id='G'>G<\/h2><a href='https:\/\/www.palliativpsychologie.de\/?page_id=1458'>Geburt<\/a><br \/><a href='https:\/\/www.palliativpsychologie.de\/?page_id=1460'>Genogramm<\/a><br \/><a href='https:\/\/www.palliativpsychologie.de\/?page_id=1462'>Gewaltfreie Kommunikation (GfK)<\/a><br \/><a href='https:\/\/www.palliativpsychologie.de\/?page_id=1464'>Glaube<\/a><br \/><h2 class='initial' id='H'>H<\/h2><a href='https:\/\/www.palliativpsychologie.de\/?page_id=1466'>Hoffnung<\/a><br \/><h2 class='initial' id='I'>I<\/h2><a href='https:\/\/www.palliativpsychologie.de\/?page_id=1680'>Innerer Friede<\/a><br \/><h2 class='initial' id='K'>K<\/h2><a href='https:\/\/www.palliativpsychologie.de\/?page_id=1470'>Klinik<\/a><br \/><a href='https:\/\/www.palliativpsychologie.de\/?page_id=1468'>Kommunikation<\/a><br \/><a href='https:\/\/www.palliativpsychologie.de\/?page_id=1472'>Kriegskindergeneration<\/a><br \/><h2 class='initial' id='L'>L<\/h2><a href='https:\/\/www.palliativpsychologie.de\/?page_id=1474'>Leben<\/a><br \/><a href='https:\/\/www.palliativpsychologie.de\/?page_id=1476'>Lebensqualit\u00e4t<\/a><br \/><a href='https:\/\/www.palliativpsychologie.de\/?page_id=1478'>Lebenssinn<\/a><br \/><a href='https:\/\/www.palliativpsychologie.de\/?page_id=1480'>Liebe<\/a><br \/><h2 class='initial' id='M'>M<\/h2><a href='https:\/\/www.palliativpsychologie.de\/?page_id=1482'>Macht<\/a><br \/><a href='https:\/\/www.palliativpsychologie.de\/?page_id=1484'>Mitgef\u00fchl<\/a><br \/><a href='https:\/\/www.palliativpsychologie.de\/?page_id=1486'>Mitleid<\/a><br \/><a href='https:\/\/www.palliativpsychologie.de\/?page_id=1529'>Multiprofessionelles Team<\/a><br \/><h2 class='initial' id='N'>N<\/h2><a href='https:\/\/www.palliativpsychologie.de\/?page_id=1488'>Nahtoderfahrung<\/a><br \/><h2 class='initial' id='P'>P<\/h2><a href='https:\/\/www.palliativpsychologie.de\/?page_id=1490'>palliativ<\/a><br \/><a href='https:\/\/www.palliativpsychologie.de\/?page_id=1492'>Palliative Care<\/a><br \/><a href='https:\/\/www.palliativpsychologie.de\/?page_id=1494'>Palliativmedizin<\/a><br \/><a href='https:\/\/www.palliativpsychologie.de\/?page_id=1497'>Palliativpflege<\/a><br \/><a href='https:\/\/www.palliativpsychologie.de\/?page_id=1499'>Palliativpsychologie<\/a><br \/><a href='https:\/\/www.palliativpsychologie.de\/?page_id=1501'>Paradigma<\/a><br \/><a href='https:\/\/www.palliativpsychologie.de\/?page_id=1503'>Pers\u00f6nlichkeits-Systeme-Interaktionen, Theorie der (PSI-Theorie)<\/a><br \/><a href='https:\/\/www.palliativpsychologie.de\/?page_id=1505'>Pr\u00e4senz<\/a><br \/><h2 class='initial' id='R'>R<\/h2><a href='https:\/\/www.palliativpsychologie.de\/?page_id=1507'>Religion<\/a><br \/><a href='https:\/\/www.palliativpsychologie.de\/?page_id=1509'>Religiosit\u00e4t, religi\u00f6s<\/a><br \/><a href='https:\/\/www.palliativpsychologie.de\/?page_id=1511'>Ressourcenorientierung<\/a><br \/><a href='https:\/\/www.palliativpsychologie.de\/?page_id=1523'>Rituale<\/a><br \/><a href='https:\/\/www.palliativpsychologie.de\/?page_id=1513'>Ruhe<\/a><br \/><h2 class='initial' id='S'>S<\/h2><a href='https:\/\/www.palliativpsychologie.de\/?page_id=1515'>Schicksal<\/a><br \/><a href='https:\/\/www.palliativpsychologie.de\/?page_id=1517'>Spiritualit\u00e4t<\/a><br \/><a href='https:\/\/www.palliativpsychologie.de\/?page_id=1525'>Sterbewunsch<\/a><br \/><a href='https:\/\/www.palliativpsychologie.de\/?page_id=1519'>System<\/a><br \/><a href='https:\/\/www.palliativpsychologie.de\/?page_id=1521'>Systemisches Denken<\/a><br \/><h2 class='initial' id='T'>T<\/h2><a href='https:\/\/www.palliativpsychologie.de\/?page_id=1527'>Tod<\/a><br \/><a href='https:\/\/www.palliativpsychologie.de\/?page_id=1537'>Transpersonale Psychologie<\/a><br \/><a href='https:\/\/www.palliativpsychologie.de\/?page_id=1533'>Trauer<\/a><br \/><a href='https:\/\/www.palliativpsychologie.de\/?page_id=1535'>Trost<\/a><br \/><h2 class='initial' id='V'>V<\/h2><a href='https:\/\/www.palliativpsychologie.de\/?page_id=1539'>Verletzlichkeit<\/a><br \/><h2 class='initial' id='W'>W<\/h2><a href='https:\/\/www.palliativpsychologie.de\/?page_id=1435'>Wertneutralit\u00e4t<\/a><br \/><a href='https:\/\/www.palliativpsychologie.de\/?page_id=1541'>Wilber, Ken<\/a><br \/><a href='https:\/\/www.palliativpsychologie.de\/?page_id=1543'>Wirklichkeit<\/a><br \/><a href='https:\/\/www.palliativpsychologie.de\/?page_id=1545'>Wissenschaft<\/a><br \/><a href='https:\/\/www.palliativpsychologie.de\/?page_id=1547'>W\u00fcrde<\/a><br \/><h2 class='initial' id='Z'>Z<\/h2><a href='https:\/\/www.palliativpsychologie.de\/?page_id=1549'>Zuh\u00f6ren<\/a><br \/><p style=\"padding-top: 15px;text-align:right;\"><small>\u00a9az-glossary.com - Unterst\u00fctzt die Kinofilme Branche unter <a href=\"https:\/\/www.flimmerkiste.net\" title=\"Flimmerkiste.net\">Flimmerkiste.net<\/a><\/small><\/p>","protected":false},"excerpt":{"rendered":"<p>Das Glossar stellt eine Sammlung von Begriffen dar, die wir im Zusammenhang mit Palliativpsychologie, wie wir sie verstehen und definieren, f\u00fcr wesentlich oder zumindest relevant halten. Teilweise wird auch von anderen Unter-Seiten unserer Webseite auf einzelne Begriffe verwiesen. Die Beschreibung &hellip; <a href=\"https:\/\/www.palliativpsychologie.de\/?page_id=1229\">Weiterlesen <span class=\"meta-nav\">&rarr;<\/span><\/a><\/p>\n","protected":false},"author":1,"featured_media":0,"parent":0,"menu_order":30,"comment_status":"closed","ping_status":"closed","template":"sidebar-page.php","meta":{"footnotes":""},"class_list":["post-1229","page","type-page","status-publish","hentry"],"_links":{"self":[{"href":"https:\/\/www.palliativpsychologie.de\/index.php?rest_route=\/wp\/v2\/pages\/1229","targetHints":{"allow":["GET"]}}],"collection":[{"href":"https:\/\/www.palliativpsychologie.de\/index.php?rest_route=\/wp\/v2\/pages"}],"about":[{"href":"https:\/\/www.palliativpsychologie.de\/index.php?rest_route=\/wp\/v2\/types\/page"}],"author":[{"embeddable":true,"href":"https:\/\/www.palliativpsychologie.de\/index.php?rest_route=\/wp\/v2\/users\/1"}],"replies":[{"embeddable":true,"href":"https:\/\/www.palliativpsychologie.de\/index.php?rest_route=%2Fwp%2Fv2%2Fcomments&post=1229"}],"version-history":[{"count":14,"href":"https:\/\/www.palliativpsychologie.de\/index.php?rest_route=\/wp\/v2\/pages\/1229\/revisions"}],"predecessor-version":[{"id":1429,"href":"https:\/\/www.palliativpsychologie.de\/index.php?rest_route=\/wp\/v2\/pages\/1229\/revisions\/1429"}],"wp:attachment":[{"href":"https:\/\/www.palliativpsychologie.de\/index.php?rest_route=%2Fwp%2Fv2%2Fmedia&parent=1229"}],"curies":[{"name":"wp","href":"https:\/\/api.w.org\/{rel}","templated":true}]}}