{"id":1049,"date":"2013-01-23T07:48:41","date_gmt":"2013-01-23T06:48:41","guid":{"rendered":"http:\/\/www.palliativpsychologie.de\/?page_id=1049"},"modified":"2018-07-16T17:44:33","modified_gmt":"2018-07-16T15:44:33","slug":"anmeldebedingungen","status":"publish","type":"page","link":"https:\/\/www.palliativpsychologie.de\/?page_id=1049","title":{"rendered":"Allgemeine Gesch\u00e4ftsbedingungen"},"content":{"rendered":"<p><strong>Anmeldung<\/strong><\/p>\n<p>Die Anmeldungen zu den Fort- und Weiterbildungen des Instituts f\u00fcr Palliativpsychologie werden in der Reihenfolge ihres Eingangs ber\u00fccksichtigt. Die Anmeldungsbest\u00e4tigung erfolgt \u00fcber die von Ihnen angegebene E-Mail-Adresse. Sollte die von Ihnen gew\u00fcnschte Veranstaltung bereits ausgebucht sein, so erhalten Sie eine umgehende Nachricht \u00fcber Ihre E-Mail-Adresse.<\/p>\n<p>Die Anmeldung wird beidseitig verbindlich, sobald die Anzahlung bei uns eingegangen ist. Die Anzahlung betr\u00e4gt f\u00fcr Fortbildungen 50,00 \u20ac, f\u00fcr die Weiterbildung &#8222;Palliative Care f\u00fcr Psychologen&#8220; 200,00 \u20ac.<\/p>\n<p>Bitte \u00fcberweisen Sie den Restbetrag bis sp\u00e4testens drei Wochen vor Veranstaltungsbeginn (bei der Weiterbildung in Teilbetr\u00e4gen jeweils drei Wochen vor den einzelnen Bl\u00f6cken).<\/p>\n<p><strong>An- und Abreise,\u00a0Unterkunft und Verpflegung<\/strong><\/p>\n<p>F\u00fcr die An- und Abreise sowie f\u00fcr die Buchung von Unterkunft und Verpflegung\u00a0am Veranstaltungsort sorgen Sie selbst. Bitte nutzen Sie entsprechende Informationen auf unserer Webseite. Zur F\u00f6rderung einer Atmosph\u00e4re der Gemeinschaft und Geschlossenheit empfehlen wir, die Unterbringungsm\u00f6glichkeit unserer Veranstaltungsorte zu nutzen.<\/p>\n<p>Wir bitten Sie, so anzureisen, dass Sie rechtzeitig zum Beginn der Veranstaltung am Veranstaltungsort sind. Bitte organisieren Sie die Abreise so, dass gen\u00fcgend Zeit zwischen Kursende und Abreisezeitpunkt bleibt.<\/p>\n<div>\n<p><strong>Datenschutz<\/strong><\/p>\n<p>Die personenbezogenen Daten der TeilnehmerInnen werden f\u00fcr Verwaltungszwecke gespeichert. Der Umgang mit den Daten unterliegt den Vorschriften des Datenschutzgesetzes. Wir setzen voraus, dass alle TeilnehmerInnen und ReferentInnen mit personen- und institutionenbezogenen Informationen diskret umgehen.<\/p>\n<\/div>\n<div>\n<p><strong>Teilnahmebest\u00e4tigung<\/strong><\/p>\n<p>Zur Vorlage bei Ihrem Arbeitgeber oder beim Finanzamt erhalten Sie am Ende der Veranstaltung eine Bescheinigung \u00fcber Ihre Teilnahme und die zentralen Inhalte der Veranstaltung.<\/p>\n<\/div>\n<p><strong>Stornierung<\/strong><\/p>\n<p>Im Falle einer Stornierung kann eine Ersatzperson einspringen. Die Ersatzperson muss den Voraussetzungen der Teilnahme entsprechen. Wird keine Ersatzperson gefunden bzw. r\u00fcckt keine TeilnehmerIn von der Warteliste nach, so gilt folgende Ausfallregelung: Bis sp\u00e4testens sechs Wochen vor Beginn der Veranstaltung ist die Stornierung kostenfrei. Bei einer Stornierung bis sp\u00e4testens drei Wochen vor Veranstaltungsbeginn gilt die Anzahlung als Ausfallgeb\u00fchr. Bei einer Stornierung bis sp\u00e4testens eine Woche vor Veranstaltungsbeginn ist die halbe, danach die volle Veranstaltungsgeb\u00fchr f\u00e4llig.<\/p>\n<p>Im Falle einer Stornierung einer mehrteiligen Blockveranstaltung, z.B. der Weiterbildung \u201cPalliative Care f\u00fcr Psychologen\u201d, beachten Sie bitte, dass sich die Anmeldung auf alle Veranstaltungsbl\u00f6cke bezieht. F\u00fcr mehrteilige Blockveranstaltungen gilt die folgende Ausfallregelung: Bis sp\u00e4testens sechs Wochen vor Beginn des ersten Veranstaltungsblocks ist die Stornierung kostenfrei. Bei einer Stornierung bis sp\u00e4testens drei Wochen vor Veranstaltungsbeginn gilt die Anzahlung als Ausfallgeb\u00fchr. Bei einer sp\u00e4teren Stornierung ist die volle Veranstaltungsgeb\u00fchr f\u00e4llig.<\/p>\n<p><strong>Haftung<\/strong><\/p>\n<p>Um unsere Veranstaltungen unter optimalen Bedingungen durchf\u00fchren zu k\u00f6nnen, legen wir f\u00fcr jedes Veranstaltungsangebot eine Mindest- und H\u00f6chstzahl an TeilnehmerInnen fest. Sofern diese Mindestzahl nicht erreicht wird, findet die Veranstaltung nicht statt. Es wird ein neuer Veranstaltungstermin angesetzt. Sollte Ihnen der neue Termin nicht zusagen, wird Ihnen die bereits eingezahlte Teilnahmegeb\u00fchr in voller H\u00f6he zur\u00fcckerstattet. Weitergehende Anspr\u00fcche sind ausgeschlossen.<\/p>\n<p>Eine Absage der Veranstaltung unsererseits erfolgt sp\u00e4testens zwei Wochen vor Seminarbeginn.<\/p>\n<p>Vertretbare Abweichungen vom ausgeschriebenen Veranstaltungsinhalt behalten wir uns vor.<\/p>\n<p>Ein Anspruch auf Schadensersatz im Zusammenhang mit der Veranstaltungsteilnahme sowie dem Veranstaltungsort besteht nur bei Vorsatz und grober Fahrl\u00e4ssigkeit vonseiten des Instituts f\u00fcr Palliativpsychologie. Dies gilt auch f\u00fcr Erf\u00fcllungs- und Verrichtungsgehilfen.<\/p>\n<p>Wir weisen darauf hin, dass Unterkunft und Verpflegung\u00a0\u00fcber den Veranstaltungsort getrennt gebucht und berechnet werden. Die Preisangaben bez\u00fcglich \u00dcbernachtung und Vollpension der Veranstaltungsorte sind ohne Gew\u00e4hr.<\/p>\n<form><input type=\"button\" value=\"Fenster schlie\u00dfen\" \/><\/form>\n","protected":false},"excerpt":{"rendered":"<p>Anmeldung Die Anmeldungen zu den Fort- und Weiterbildungen des Instituts f\u00fcr Palliativpsychologie werden in der Reihenfolge ihres Eingangs ber\u00fccksichtigt. Die Anmeldungsbest\u00e4tigung erfolgt \u00fcber die von Ihnen angegebene E-Mail-Adresse. Sollte die von Ihnen gew\u00fcnschte Veranstaltung bereits ausgebucht sein, so erhalten Sie &hellip; <a href=\"https:\/\/www.palliativpsychologie.de\/?page_id=1049\">Weiterlesen <span class=\"meta-nav\">&rarr;<\/span><\/a><\/p>\n","protected":false},"author":1,"featured_media":0,"parent":23,"menu_order":0,"comment_status":"closed","ping_status":"closed","template":"sidebar-page.php","meta":{"footnotes":""},"class_list":["post-1049","page","type-page","status-publish","hentry"],"_links":{"self":[{"href":"https:\/\/www.palliativpsychologie.de\/index.php?rest_route=\/wp\/v2\/pages\/1049","targetHints":{"allow":["GET"]}}],"collection":[{"href":"https:\/\/www.palliativpsychologie.de\/index.php?rest_route=\/wp\/v2\/pages"}],"about":[{"href":"https:\/\/www.palliativpsychologie.de\/index.php?rest_route=\/wp\/v2\/types\/page"}],"author":[{"embeddable":true,"href":"https:\/\/www.palliativpsychologie.de\/index.php?rest_route=\/wp\/v2\/users\/1"}],"replies":[{"embeddable":true,"href":"https:\/\/www.palliativpsychologie.de\/index.php?rest_route=%2Fwp%2Fv2%2Fcomments&post=1049"}],"version-history":[{"count":57,"href":"https:\/\/www.palliativpsychologie.de\/index.php?rest_route=\/wp\/v2\/pages\/1049\/revisions"}],"predecessor-version":[{"id":3466,"href":"https:\/\/www.palliativpsychologie.de\/index.php?rest_route=\/wp\/v2\/pages\/1049\/revisions\/3466"}],"up":[{"embeddable":true,"href":"https:\/\/www.palliativpsychologie.de\/index.php?rest_route=\/wp\/v2\/pages\/23"}],"wp:attachment":[{"href":"https:\/\/www.palliativpsychologie.de\/index.php?rest_route=%2Fwp%2Fv2%2Fmedia&parent=1049"}],"curies":[{"name":"wp","href":"https:\/\/api.w.org\/{rel}","templated":true}]}}